{"id":80696,"date":"2025-07-10T07:57:25","date_gmt":"2025-07-10T07:57:25","guid":{"rendered":"https:\/\/www.ccdrc.pt\/?post_type=product&#038;p=80696"},"modified":"2025-07-10T08:00:25","modified_gmt":"2025-07-10T08:00:25","slug":"instalacao-do-olival-e-variedades-diferentes-caracteristicas-diferentes-aptidoes","status":"publish","type":"product","link":"https:\/\/www.ccdrc.pt\/en\/product\/instalacao-do-olival-e-variedades-diferentes-caracteristicas-diferentes-aptidoes\/","title":{"rendered":"Instala\u00e7\u00e3o do Olival e variedades &#8211; Diferentes caracter\u00edsticas, diferentes aptid\u00f5es"},"content":{"rendered":"<p><a href=\"https:\/\/www.ccdrc.pt\/wp-content\/uploads\/2025\/07\/instalacao_olival_e_variedades_2013.pdf\">instalacao_olival_e_variedades_2013<\/a><\/p>","protected":false},"excerpt":{"rendered":"<p>2012<\/p>","protected":false},"featured_media":80698,"template":"","meta":{"_acf_changed":false,"_eb_attr":"","inline_featured_image":false,"iawp_total_views":1},"product_brand":[],"product_cat":[895],"product_tag":[],"class_list":{"0":"post-80696","1":"product","2":"type-product","3":"status-publish","4":"has-post-thumbnail","6":"product_cat-agricultura","8":"first","9":"instock","10":"downloadable","11":"taxable","12":"shipping-taxable","13":"purchasable","14":"product-type-simple","15":"berocket_lgv_grid","16":"berocket_lgv_list_grid"},"acf":[],"_links":{"self":[{"href":"https:\/\/www.ccdrc.pt\/en\/wp-json\/wp\/v2\/product\/80696","targetHints":{"allow":["GET"]}}],"collection":[{"href":"https:\/\/www.ccdrc.pt\/en\/wp-json\/wp\/v2\/product"}],"about":[{"href":"https:\/\/www.ccdrc.pt\/en\/wp-json\/wp\/v2\/types\/product"}],"wp:featuredmedia":[{"embeddable":true,"href":"https:\/\/www.ccdrc.pt\/en\/wp-json\/wp\/v2\/media\/80698"}],"wp:attachment":[{"href":"https:\/\/www.ccdrc.pt\/en\/wp-json\/wp\/v2\/media?parent=80696"}],"wp:term":[{"taxonomy":"product_brand","embeddable":true,"href":"https:\/\/www.ccdrc.pt\/en\/wp-json\/wp\/v2\/product_brand?post=80696"},{"taxonomy":"product_cat","embeddable":true,"href":"https:\/\/www.ccdrc.pt\/en\/wp-json\/wp\/v2\/product_cat?post=80696"},{"taxonomy":"product_tag","embeddable":true,"href":"https:\/\/www.ccdrc.pt\/en\/wp-json\/wp\/v2\/product_tag?post=80696"}],"curies":[{"name":"wp","href":"https:\/\/api.w.org\/{rel}","templated":true}]}}