{"id":80082,"date":"2025-07-02T09:49:32","date_gmt":"2025-07-02T09:49:32","guid":{"rendered":"https:\/\/www.ccdrc.pt\/?post_type=product&#038;p=80082"},"modified":"2025-07-02T09:54:54","modified_gmt":"2025-07-02T09:54:54","slug":"lactarius-deliciosus-e-lactarius-chrysorrheus-sobre-as-diferencas-e-a-contribuicao-da-especie-comestivel-para-o-desenvolvimento-socio-economico-do-interior","status":"publish","type":"product","link":"https:\/\/www.ccdrc.pt\/en\/product\/lactarius-deliciosus-e-lactarius-chrysorrheus-sobre-as-diferencas-e-a-contribuicao-da-especie-comestivel-para-o-desenvolvimento-socio-economico-do-interior\/","title":{"rendered":"Lactarius deliciosus e Lactarius chrysorrheus. Sobre as diferen\u00e7as e a contribui\u00e7\u00e3o da esp\u00e9cie comest\u00edvel para o desenvolvimento s\u00f3cio-econ\u00f3mico do interior"},"content":{"rendered":"<p><a href=\"https:\/\/www.ccdrc.pt\/wp-content\/uploads\/2025\/07\/ldeliciosuslchry.pdf\">ldeliciosuslchry<\/a><\/p>","protected":false},"excerpt":{"rendered":"<p>2018<\/p>","protected":false},"featured_media":80084,"template":"","meta":{"_acf_changed":false,"_eb_attr":"","inline_featured_image":false,"iawp_total_views":0},"product_brand":[],"product_cat":[895],"product_tag":[],"class_list":{"0":"post-80082","1":"product","2":"type-product","3":"status-publish","4":"has-post-thumbnail","6":"product_cat-agricultura","8":"first","9":"instock","10":"downloadable","11":"taxable","12":"shipping-taxable","13":"purchasable","14":"product-type-simple","15":"berocket_lgv_grid","16":"berocket_lgv_list_grid"},"acf":[],"_links":{"self":[{"href":"https:\/\/www.ccdrc.pt\/en\/wp-json\/wp\/v2\/product\/80082","targetHints":{"allow":["GET"]}}],"collection":[{"href":"https:\/\/www.ccdrc.pt\/en\/wp-json\/wp\/v2\/product"}],"about":[{"href":"https:\/\/www.ccdrc.pt\/en\/wp-json\/wp\/v2\/types\/product"}],"wp:featuredmedia":[{"embeddable":true,"href":"https:\/\/www.ccdrc.pt\/en\/wp-json\/wp\/v2\/media\/80084"}],"wp:attachment":[{"href":"https:\/\/www.ccdrc.pt\/en\/wp-json\/wp\/v2\/media?parent=80082"}],"wp:term":[{"taxonomy":"product_brand","embeddable":true,"href":"https:\/\/www.ccdrc.pt\/en\/wp-json\/wp\/v2\/product_brand?post=80082"},{"taxonomy":"product_cat","embeddable":true,"href":"https:\/\/www.ccdrc.pt\/en\/wp-json\/wp\/v2\/product_cat?post=80082"},{"taxonomy":"product_tag","embeddable":true,"href":"https:\/\/www.ccdrc.pt\/en\/wp-json\/wp\/v2\/product_tag?post=80082"}],"curies":[{"name":"wp","href":"https:\/\/api.w.org\/{rel}","templated":true}]}}