{"id":80074,"date":"2025-07-02T09:45:00","date_gmt":"2025-07-02T09:45:00","guid":{"rendered":"https:\/\/www.ccdrc.pt\/?post_type=product&#038;p=80074"},"modified":"2025-07-02T09:48:11","modified_gmt":"2025-07-02T09:48:11","slug":"micorrizacao-de-povoamentos-florestais-para-producao-de-cogumelos-silvestres-comestiveis-i","status":"publish","type":"product","link":"https:\/\/www.ccdrc.pt\/en\/product\/micorrizacao-de-povoamentos-florestais-para-producao-de-cogumelos-silvestres-comestiveis-i\/","title":{"rendered":"Micorriza\u00e7\u00e3o de Povoamentos Florestais para Produ\u00e7\u00e3o de Cogumelos Silvestres Comest\u00edveis (I)"},"content":{"rendered":"<p><a href=\"https:\/\/www.ccdrc.pt\/wp-content\/uploads\/2025\/07\/miccarvalhofinal.pdf\">miccarvalhofinal<\/a><\/p>","protected":false},"excerpt":{"rendered":"<p>2019<\/p>","protected":false},"featured_media":80079,"template":"","meta":{"_acf_changed":false,"_eb_attr":"","inline_featured_image":false,"iawp_total_views":0},"product_brand":[],"product_cat":[895],"product_tag":[],"class_list":{"0":"post-80074","1":"product","2":"type-product","3":"status-publish","4":"has-post-thumbnail","6":"product_cat-agricultura","8":"first","9":"instock","10":"downloadable","11":"taxable","12":"shipping-taxable","13":"purchasable","14":"product-type-simple","15":"berocket_lgv_grid","16":"berocket_lgv_list_grid"},"acf":[],"_links":{"self":[{"href":"https:\/\/www.ccdrc.pt\/en\/wp-json\/wp\/v2\/product\/80074","targetHints":{"allow":["GET"]}}],"collection":[{"href":"https:\/\/www.ccdrc.pt\/en\/wp-json\/wp\/v2\/product"}],"about":[{"href":"https:\/\/www.ccdrc.pt\/en\/wp-json\/wp\/v2\/types\/product"}],"wp:featuredmedia":[{"embeddable":true,"href":"https:\/\/www.ccdrc.pt\/en\/wp-json\/wp\/v2\/media\/80079"}],"wp:attachment":[{"href":"https:\/\/www.ccdrc.pt\/en\/wp-json\/wp\/v2\/media?parent=80074"}],"wp:term":[{"taxonomy":"product_brand","embeddable":true,"href":"https:\/\/www.ccdrc.pt\/en\/wp-json\/wp\/v2\/product_brand?post=80074"},{"taxonomy":"product_cat","embeddable":true,"href":"https:\/\/www.ccdrc.pt\/en\/wp-json\/wp\/v2\/product_cat?post=80074"},{"taxonomy":"product_tag","embeddable":true,"href":"https:\/\/www.ccdrc.pt\/en\/wp-json\/wp\/v2\/product_tag?post=80074"}],"curies":[{"name":"wp","href":"https:\/\/api.w.org\/{rel}","templated":true}]}}