{"id":80068,"date":"2025-07-02T09:22:49","date_gmt":"2025-07-02T09:22:49","guid":{"rendered":"https:\/\/www.ccdrc.pt\/?post_type=product&#038;p=80068"},"modified":"2025-07-02T09:42:18","modified_gmt":"2025-07-02T09:42:18","slug":"cogumelos-identificados-em-54-passeios-micologicos-contributo-para-o-conhecimento-da-diversidade-fungica-do-pais","status":"publish","type":"product","link":"https:\/\/www.ccdrc.pt\/en\/product\/cogumelos-identificados-em-54-passeios-micologicos-contributo-para-o-conhecimento-da-diversidade-fungica-do-pais\/","title":{"rendered":"Cogumelos Identificados em 54 Passeios Micol\u00f3gicos. Contributo para o Conhecimento da Diversidade F\u00fangica do Pa\u00eds"},"content":{"rendered":"<p><a href=\"https:\/\/www.ccdrc.pt\/wp-content\/uploads\/2025\/07\/pm54.pdf\">pm54<\/a><\/p>","protected":false},"excerpt":{"rendered":"<p>2020<\/p>","protected":false},"featured_media":80073,"template":"","meta":{"_acf_changed":false,"_eb_attr":"","inline_featured_image":false,"iawp_total_views":0},"product_brand":[],"product_cat":[895],"product_tag":[],"class_list":{"0":"post-80068","1":"product","2":"type-product","3":"status-publish","4":"has-post-thumbnail","6":"product_cat-agricultura","8":"first","9":"instock","10":"downloadable","11":"taxable","12":"shipping-taxable","13":"purchasable","14":"product-type-simple","15":"berocket_lgv_grid","16":"berocket_lgv_list_grid"},"acf":[],"_links":{"self":[{"href":"https:\/\/www.ccdrc.pt\/en\/wp-json\/wp\/v2\/product\/80068","targetHints":{"allow":["GET"]}}],"collection":[{"href":"https:\/\/www.ccdrc.pt\/en\/wp-json\/wp\/v2\/product"}],"about":[{"href":"https:\/\/www.ccdrc.pt\/en\/wp-json\/wp\/v2\/types\/product"}],"wp:featuredmedia":[{"embeddable":true,"href":"https:\/\/www.ccdrc.pt\/en\/wp-json\/wp\/v2\/media\/80073"}],"wp:attachment":[{"href":"https:\/\/www.ccdrc.pt\/en\/wp-json\/wp\/v2\/media?parent=80068"}],"wp:term":[{"taxonomy":"product_brand","embeddable":true,"href":"https:\/\/www.ccdrc.pt\/en\/wp-json\/wp\/v2\/product_brand?post=80068"},{"taxonomy":"product_cat","embeddable":true,"href":"https:\/\/www.ccdrc.pt\/en\/wp-json\/wp\/v2\/product_cat?post=80068"},{"taxonomy":"product_tag","embeddable":true,"href":"https:\/\/www.ccdrc.pt\/en\/wp-json\/wp\/v2\/product_tag?post=80068"}],"curies":[{"name":"wp","href":"https:\/\/api.w.org\/{rel}","templated":true}]}}