{"id":80059,"date":"2025-07-02T08:58:13","date_gmt":"2025-07-02T08:58:13","guid":{"rendered":"https:\/\/www.ccdrc.pt\/?post_type=product&#038;p=80059"},"modified":"2025-07-02T09:20:19","modified_gmt":"2025-07-02T09:20:19","slug":"nem-sempre-ha-horas-de-sorte-macrolepiota-venenata-chlorophyllum-brunneum-incognito-e-dissimulado-o-principal-responsavel-pelas-intoxicacoes-de-outono","status":"publish","type":"product","link":"https:\/\/www.ccdrc.pt\/en\/product\/nem-sempre-ha-horas-de-sorte-macrolepiota-venenata-chlorophyllum-brunneum-incognito-e-dissimulado-o-principal-responsavel-pelas-intoxicacoes-de-outono\/","title":{"rendered":"Nem sempre h\u00e1 horas de sorte &#8211; Macrolepiota venenata\/Chlorophyllum brunneum &#8211; inc\u00f3gnito e dissimulado, o principal respons\u00e1vel pelas intoxica\u00e7\u00f5es de outono"},"content":{"rendered":"<p><a href=\"https:\/\/www.ccdrc.pt\/wp-content\/uploads\/2025\/07\/mvenenatafinal2020.pdf\">mvenenatafinal2020<\/a><\/p>","protected":false},"excerpt":{"rendered":"<p>2020<\/p>","protected":false},"featured_media":80061,"template":"","meta":{"_acf_changed":false,"_eb_attr":"","inline_featured_image":false,"iawp_total_views":0},"product_brand":[],"product_cat":[895],"product_tag":[],"class_list":{"0":"post-80059","1":"product","2":"type-product","3":"status-publish","4":"has-post-thumbnail","6":"product_cat-agricultura","8":"first","9":"instock","10":"downloadable","11":"taxable","12":"shipping-taxable","13":"purchasable","14":"product-type-simple","15":"berocket_lgv_grid","16":"berocket_lgv_list_grid"},"acf":[],"_links":{"self":[{"href":"https:\/\/www.ccdrc.pt\/en\/wp-json\/wp\/v2\/product\/80059","targetHints":{"allow":["GET"]}}],"collection":[{"href":"https:\/\/www.ccdrc.pt\/en\/wp-json\/wp\/v2\/product"}],"about":[{"href":"https:\/\/www.ccdrc.pt\/en\/wp-json\/wp\/v2\/types\/product"}],"wp:featuredmedia":[{"embeddable":true,"href":"https:\/\/www.ccdrc.pt\/en\/wp-json\/wp\/v2\/media\/80061"}],"wp:attachment":[{"href":"https:\/\/www.ccdrc.pt\/en\/wp-json\/wp\/v2\/media?parent=80059"}],"wp:term":[{"taxonomy":"product_brand","embeddable":true,"href":"https:\/\/www.ccdrc.pt\/en\/wp-json\/wp\/v2\/product_brand?post=80059"},{"taxonomy":"product_cat","embeddable":true,"href":"https:\/\/www.ccdrc.pt\/en\/wp-json\/wp\/v2\/product_cat?post=80059"},{"taxonomy":"product_tag","embeddable":true,"href":"https:\/\/www.ccdrc.pt\/en\/wp-json\/wp\/v2\/product_tag?post=80059"}],"curies":[{"name":"wp","href":"https:\/\/api.w.org\/{rel}","templated":true}]}}