{"id":79687,"date":"2025-06-27T07:11:54","date_gmt":"2025-06-27T07:11:54","guid":{"rendered":"https:\/\/www.ccdrc.pt\/?post_type=product&#038;p=79687"},"modified":"2025-06-27T10:11:44","modified_gmt":"2025-06-27T10:11:44","slug":"relatorio-das-atividades-realizadas-no-ambito-do-plano-de-acao-nacional-para-o-controlo-do-fogo-bacteriano","status":"publish","type":"product","link":"https:\/\/www.ccdrc.pt\/en\/product\/relatorio-das-atividades-realizadas-no-ambito-do-plano-de-acao-nacional-para-o-controlo-do-fogo-bacteriano\/","title":{"rendered":"Relat\u00f3rio das Atividades realizadas no \u00e2mbito do Plano de A\u00e7\u00e3o Nacional para o Controlo do Fogo Bacteriano"},"content":{"rendered":"<p><a href=\"https:\/\/www.ccdrc.pt\/wp-content\/uploads\/2025\/06\/relatorio_fogo_bacteriano_drapc_2013-1.pdf\">relatorio_fogo_bacteriano_drapc_2013 (1)<\/a><\/p>","protected":false},"excerpt":{"rendered":"<p>2014<\/p>","protected":false},"featured_media":79689,"template":"","meta":{"_acf_changed":false,"_eb_attr":"","inline_featured_image":false,"iawp_total_views":0},"product_brand":[],"product_cat":[895],"product_tag":[],"class_list":{"0":"post-79687","1":"product","2":"type-product","3":"status-publish","4":"has-post-thumbnail","6":"product_cat-agricultura","8":"first","9":"instock","10":"downloadable","11":"taxable","12":"shipping-taxable","13":"purchasable","14":"product-type-simple","15":"berocket_lgv_grid","16":"berocket_lgv_list_grid"},"acf":[],"_links":{"self":[{"href":"https:\/\/www.ccdrc.pt\/en\/wp-json\/wp\/v2\/product\/79687","targetHints":{"allow":["GET"]}}],"collection":[{"href":"https:\/\/www.ccdrc.pt\/en\/wp-json\/wp\/v2\/product"}],"about":[{"href":"https:\/\/www.ccdrc.pt\/en\/wp-json\/wp\/v2\/types\/product"}],"wp:featuredmedia":[{"embeddable":true,"href":"https:\/\/www.ccdrc.pt\/en\/wp-json\/wp\/v2\/media\/79689"}],"wp:attachment":[{"href":"https:\/\/www.ccdrc.pt\/en\/wp-json\/wp\/v2\/media?parent=79687"}],"wp:term":[{"taxonomy":"product_brand","embeddable":true,"href":"https:\/\/www.ccdrc.pt\/en\/wp-json\/wp\/v2\/product_brand?post=79687"},{"taxonomy":"product_cat","embeddable":true,"href":"https:\/\/www.ccdrc.pt\/en\/wp-json\/wp\/v2\/product_cat?post=79687"},{"taxonomy":"product_tag","embeddable":true,"href":"https:\/\/www.ccdrc.pt\/en\/wp-json\/wp\/v2\/product_tag?post=79687"}],"curies":[{"name":"wp","href":"https:\/\/api.w.org\/{rel}","templated":true}]}}