{"id":78800,"date":"2025-06-11T06:59:19","date_gmt":"2025-06-11T06:59:19","guid":{"rendered":"https:\/\/www.ccdrc.pt\/?post_type=product&#038;p=78800"},"modified":"2025-06-11T07:02:35","modified_gmt":"2025-06-11T07:02:35","slug":"uso-sustentavel-dos-produtos-fitofarmaceuticos-nas-exploracoes-agricolas","status":"publish","type":"product","link":"https:\/\/www.ccdrc.pt\/en\/product\/uso-sustentavel-dos-produtos-fitofarmaceuticos-nas-exploracoes-agricolas\/","title":{"rendered":"Uso Sustent\u00e1vel dos Produtos Fitofarmac\u00eauticos nas Explora\u00e7\u00f5es Agr\u00edcolas"},"content":{"rendered":"<p><a href=\"https:\/\/www.ccdrc.pt\/wp-content\/uploads\/2025\/06\/folheto_lei_26_drapc_vf.pdf\">folheto_lei_26_drapc_vf<\/a><\/p>","protected":false},"excerpt":{"rendered":"<p>2014<\/p>","protected":false},"featured_media":78802,"template":"","meta":{"_acf_changed":false,"_eb_attr":"","inline_featured_image":false,"iawp_total_views":0},"product_brand":[],"product_cat":[895],"product_tag":[],"class_list":{"0":"post-78800","1":"product","2":"type-product","3":"status-publish","4":"has-post-thumbnail","6":"product_cat-agricultura","8":"first","9":"instock","10":"downloadable","11":"virtual","12":"taxable","13":"purchasable","14":"product-type-simple","15":"berocket_lgv_grid","16":"berocket_lgv_list_grid"},"acf":[],"_links":{"self":[{"href":"https:\/\/www.ccdrc.pt\/en\/wp-json\/wp\/v2\/product\/78800","targetHints":{"allow":["GET"]}}],"collection":[{"href":"https:\/\/www.ccdrc.pt\/en\/wp-json\/wp\/v2\/product"}],"about":[{"href":"https:\/\/www.ccdrc.pt\/en\/wp-json\/wp\/v2\/types\/product"}],"wp:featuredmedia":[{"embeddable":true,"href":"https:\/\/www.ccdrc.pt\/en\/wp-json\/wp\/v2\/media\/78802"}],"wp:attachment":[{"href":"https:\/\/www.ccdrc.pt\/en\/wp-json\/wp\/v2\/media?parent=78800"}],"wp:term":[{"taxonomy":"product_brand","embeddable":true,"href":"https:\/\/www.ccdrc.pt\/en\/wp-json\/wp\/v2\/product_brand?post=78800"},{"taxonomy":"product_cat","embeddable":true,"href":"https:\/\/www.ccdrc.pt\/en\/wp-json\/wp\/v2\/product_cat?post=78800"},{"taxonomy":"product_tag","embeddable":true,"href":"https:\/\/www.ccdrc.pt\/en\/wp-json\/wp\/v2\/product_tag?post=78800"}],"curies":[{"name":"wp","href":"https:\/\/api.w.org\/{rel}","templated":true}]}}