{"id":78661,"date":"2025-06-05T12:34:04","date_gmt":"2025-06-05T12:34:04","guid":{"rendered":"https:\/\/www.ccdrc.pt\/?post_type=product&#038;p=78661"},"modified":"2025-06-05T12:50:02","modified_gmt":"2025-06-05T12:50:02","slug":"o-frade-macrolepiota-procera-comestivel-e-o-falso-macrolepiota-venenata-venenoso-precaucoes-e-sinais-de-identificacao-obrigatoria","status":"publish","type":"product","link":"https:\/\/www.ccdrc.pt\/en\/product\/o-frade-macrolepiota-procera-comestivel-e-o-falso-macrolepiota-venenata-venenoso-precaucoes-e-sinais-de-identificacao-obrigatoria\/","title":{"rendered":"O frade (Macrolepiota procera) comest\u00edvel e o falso (Macrolepiota venenata) Venenoso. Precau\u00e7\u00f5es e sinais de identifica\u00e7\u00e3o obrigat\u00f3ria"},"content":{"rendered":"<p><a href=\"https:\/\/www.ccdrc.pt\/wp-content\/uploads\/2025\/06\/mproceravenenatafinal-1.pdf\">mproceravenenatafinal<\/a><a href=\"https:\/\/www.ccdrc.pt\/wp-content\/uploads\/2025\/06\/mproceravenenatafinal.pdf\">mproceravenenatafinal<\/a><\/p>","protected":false},"excerpt":{"rendered":"<p>2011<\/p>","protected":false},"featured_media":78663,"template":"","meta":{"_acf_changed":false,"_eb_attr":"","inline_featured_image":false,"iawp_total_views":0},"product_brand":[],"product_cat":[895],"product_tag":[],"class_list":{"0":"post-78661","1":"product","2":"type-product","3":"status-publish","4":"has-post-thumbnail","6":"product_cat-agricultura","8":"first","9":"instock","10":"downloadable","11":"virtual","12":"taxable","13":"purchasable","14":"product-type-simple","15":"berocket_lgv_grid","16":"berocket_lgv_list_grid"},"acf":[],"_links":{"self":[{"href":"https:\/\/www.ccdrc.pt\/en\/wp-json\/wp\/v2\/product\/78661","targetHints":{"allow":["GET"]}}],"collection":[{"href":"https:\/\/www.ccdrc.pt\/en\/wp-json\/wp\/v2\/product"}],"about":[{"href":"https:\/\/www.ccdrc.pt\/en\/wp-json\/wp\/v2\/types\/product"}],"wp:featuredmedia":[{"embeddable":true,"href":"https:\/\/www.ccdrc.pt\/en\/wp-json\/wp\/v2\/media\/78663"}],"wp:attachment":[{"href":"https:\/\/www.ccdrc.pt\/en\/wp-json\/wp\/v2\/media?parent=78661"}],"wp:term":[{"taxonomy":"product_brand","embeddable":true,"href":"https:\/\/www.ccdrc.pt\/en\/wp-json\/wp\/v2\/product_brand?post=78661"},{"taxonomy":"product_cat","embeddable":true,"href":"https:\/\/www.ccdrc.pt\/en\/wp-json\/wp\/v2\/product_cat?post=78661"},{"taxonomy":"product_tag","embeddable":true,"href":"https:\/\/www.ccdrc.pt\/en\/wp-json\/wp\/v2\/product_tag?post=78661"}],"curies":[{"name":"wp","href":"https:\/\/api.w.org\/{rel}","templated":true}]}}