{"id":78641,"date":"2025-06-05T11:53:15","date_gmt":"2025-06-05T11:53:15","guid":{"rendered":"https:\/\/www.ccdrc.pt\/?post_type=product&#038;p=78641"},"modified":"2025-06-05T11:59:52","modified_gmt":"2025-06-05T11:59:52","slug":"avaliacao-da-producao-de-criadilhas-terfezia-spp-na-area-do-campo-albicastrense-monte-fidalgo-castelo-branco","status":"publish","type":"product","link":"https:\/\/www.ccdrc.pt\/en\/product\/avaliacao-da-producao-de-criadilhas-terfezia-spp-na-area-do-campo-albicastrense-monte-fidalgo-castelo-branco\/","title":{"rendered":"Avalia\u00e7\u00e3o da Produ\u00e7\u00e3o de Criadilhas (Terfezia spp.) na \u00e1rea do campo albicastrense (Monte Fidalgo &#8211; Castelo Branco)"},"content":{"rendered":"<div class=\"wp-block-image\"><a href=\"https:\/\/www.ccdrc.pt\/wp-content\/uploads\/woocommerce_uploads\/2025\/06\/producao_criadilhas_gravito_2012-5thsql.pdf\">producao_criadilhas_gravito_2012<\/a><\/div>\n<div>&nbsp;<\/div>","protected":false},"excerpt":{"rendered":"<p>2011<\/p>","protected":false},"featured_media":78644,"template":"","meta":{"_acf_changed":false,"_eb_attr":"","inline_featured_image":false,"iawp_total_views":1},"product_brand":[],"product_cat":[895],"product_tag":[],"class_list":{"0":"post-78641","1":"product","2":"type-product","3":"status-publish","4":"has-post-thumbnail","6":"product_cat-agricultura","8":"first","9":"instock","10":"downloadable","11":"virtual","12":"taxable","13":"purchasable","14":"product-type-simple","15":"berocket_lgv_grid","16":"berocket_lgv_list_grid"},"acf":[],"_links":{"self":[{"href":"https:\/\/www.ccdrc.pt\/en\/wp-json\/wp\/v2\/product\/78641","targetHints":{"allow":["GET"]}}],"collection":[{"href":"https:\/\/www.ccdrc.pt\/en\/wp-json\/wp\/v2\/product"}],"about":[{"href":"https:\/\/www.ccdrc.pt\/en\/wp-json\/wp\/v2\/types\/product"}],"wp:featuredmedia":[{"embeddable":true,"href":"https:\/\/www.ccdrc.pt\/en\/wp-json\/wp\/v2\/media\/78644"}],"wp:attachment":[{"href":"https:\/\/www.ccdrc.pt\/en\/wp-json\/wp\/v2\/media?parent=78641"}],"wp:term":[{"taxonomy":"product_brand","embeddable":true,"href":"https:\/\/www.ccdrc.pt\/en\/wp-json\/wp\/v2\/product_brand?post=78641"},{"taxonomy":"product_cat","embeddable":true,"href":"https:\/\/www.ccdrc.pt\/en\/wp-json\/wp\/v2\/product_cat?post=78641"},{"taxonomy":"product_tag","embeddable":true,"href":"https:\/\/www.ccdrc.pt\/en\/wp-json\/wp\/v2\/product_tag?post=78641"}],"curies":[{"name":"wp","href":"https:\/\/api.w.org\/{rel}","templated":true}]}}