{"id":78440,"date":"2025-06-04T12:09:30","date_gmt":"2025-06-04T12:09:30","guid":{"rendered":"https:\/\/www.ccdrc.pt\/?post_type=product&#038;p=78440"},"modified":"2025-06-04T12:44:27","modified_gmt":"2025-06-04T12:44:27","slug":"cogumelos-identificados-em-vinte-passeios-micologicos-contributo-para-o-conhecimento-da-diversidade-fungica-da-regiao-centro","status":"publish","type":"product","link":"https:\/\/www.ccdrc.pt\/en\/product\/cogumelos-identificados-em-vinte-passeios-micologicos-contributo-para-o-conhecimento-da-diversidade-fungica-da-regiao-centro\/","title":{"rendered":"Cogumelos identificados em vinte passeios micol\u00f3gicos, contributo para o conhecimento da diversidade f\u00fangica da regi\u00e3o centro"},"content":{"rendered":"<p><a href=\"https:\/\/www.ccdrc.pt\/wp-content\/uploads\/2025\/06\/passeios_micologicos_beira_interior.pdf\">passeios_micologicos_beira_interior<\/a><\/p>","protected":false},"excerpt":{"rendered":"<p>2011<\/p>","protected":false},"featured_media":78442,"template":"","meta":{"_acf_changed":false,"_eb_attr":"","inline_featured_image":false,"iawp_total_views":0},"product_brand":[],"product_cat":[895],"product_tag":[],"class_list":{"0":"post-78440","1":"product","2":"type-product","3":"status-publish","4":"has-post-thumbnail","6":"product_cat-agricultura","8":"first","9":"instock","10":"downloadable","11":"virtual","12":"taxable","13":"purchasable","14":"product-type-simple","15":"berocket_lgv_grid","16":"berocket_lgv_list_grid"},"acf":[],"_links":{"self":[{"href":"https:\/\/www.ccdrc.pt\/en\/wp-json\/wp\/v2\/product\/78440","targetHints":{"allow":["GET"]}}],"collection":[{"href":"https:\/\/www.ccdrc.pt\/en\/wp-json\/wp\/v2\/product"}],"about":[{"href":"https:\/\/www.ccdrc.pt\/en\/wp-json\/wp\/v2\/types\/product"}],"wp:featuredmedia":[{"embeddable":true,"href":"https:\/\/www.ccdrc.pt\/en\/wp-json\/wp\/v2\/media\/78442"}],"wp:attachment":[{"href":"https:\/\/www.ccdrc.pt\/en\/wp-json\/wp\/v2\/media?parent=78440"}],"wp:term":[{"taxonomy":"product_brand","embeddable":true,"href":"https:\/\/www.ccdrc.pt\/en\/wp-json\/wp\/v2\/product_brand?post=78440"},{"taxonomy":"product_cat","embeddable":true,"href":"https:\/\/www.ccdrc.pt\/en\/wp-json\/wp\/v2\/product_cat?post=78440"},{"taxonomy":"product_tag","embeddable":true,"href":"https:\/\/www.ccdrc.pt\/en\/wp-json\/wp\/v2\/product_tag?post=78440"}],"curies":[{"name":"wp","href":"https:\/\/api.w.org\/{rel}","templated":true}]}}