{"id":78277,"date":"2025-06-03T11:58:19","date_gmt":"2025-06-03T11:58:19","guid":{"rendered":"https:\/\/www.ccdrc.pt\/?post_type=product&#038;p=78277"},"modified":"2025-06-03T12:00:48","modified_gmt":"2025-06-03T12:00:48","slug":"relatorio-da-execucao-do-plano-de-acao-nacional-para-o-controlo-da-pseudomonas-syringaes-pv-actinidae-do-kiwi-psa-na-drapcentro","status":"publish","type":"product","link":"https:\/\/www.ccdrc.pt\/en\/product\/relatorio-da-execucao-do-plano-de-acao-nacional-para-o-controlo-da-pseudomonas-syringaes-pv-actinidae-do-kiwi-psa-na-drapcentro\/","title":{"rendered":"Relat\u00f3rio da Execu\u00e7\u00e3o do Plano de A\u00e7\u00e3o Nacional para o Controlo da Pseudomonas Syringaes Pv. Actinidae do Kiwi (PSA) na DRAPCentro"},"content":{"rendered":"<p><a href=\"https:\/\/www.ccdrc.pt\/wp-content\/uploads\/2025\/06\/relatorio_psa_kiwi_2015.pdf\">relatorio_psa_kiwi_2015<\/a><\/p>","protected":false},"excerpt":{"rendered":"<p>2015<\/p>","protected":false},"featured_media":78279,"template":"","meta":{"_acf_changed":false,"_eb_attr":"","inline_featured_image":false,"iawp_total_views":0},"product_brand":[],"product_cat":[895],"product_tag":[],"class_list":{"0":"post-78277","1":"product","2":"type-product","3":"status-publish","4":"has-post-thumbnail","6":"product_cat-agricultura","8":"first","9":"instock","10":"downloadable","11":"virtual","12":"taxable","13":"purchasable","14":"product-type-simple","15":"berocket_lgv_grid","16":"berocket_lgv_list_grid"},"acf":[],"_links":{"self":[{"href":"https:\/\/www.ccdrc.pt\/en\/wp-json\/wp\/v2\/product\/78277","targetHints":{"allow":["GET"]}}],"collection":[{"href":"https:\/\/www.ccdrc.pt\/en\/wp-json\/wp\/v2\/product"}],"about":[{"href":"https:\/\/www.ccdrc.pt\/en\/wp-json\/wp\/v2\/types\/product"}],"wp:featuredmedia":[{"embeddable":true,"href":"https:\/\/www.ccdrc.pt\/en\/wp-json\/wp\/v2\/media\/78279"}],"wp:attachment":[{"href":"https:\/\/www.ccdrc.pt\/en\/wp-json\/wp\/v2\/media?parent=78277"}],"wp:term":[{"taxonomy":"product_brand","embeddable":true,"href":"https:\/\/www.ccdrc.pt\/en\/wp-json\/wp\/v2\/product_brand?post=78277"},{"taxonomy":"product_cat","embeddable":true,"href":"https:\/\/www.ccdrc.pt\/en\/wp-json\/wp\/v2\/product_cat?post=78277"},{"taxonomy":"product_tag","embeddable":true,"href":"https:\/\/www.ccdrc.pt\/en\/wp-json\/wp\/v2\/product_tag?post=78277"}],"curies":[{"name":"wp","href":"https:\/\/api.w.org\/{rel}","templated":true}]}}