{"id":77276,"date":"2025-05-30T10:36:49","date_gmt":"2025-05-30T10:36:49","guid":{"rendered":"https:\/\/www.ccdrc.pt\/?post_type=product&#038;p=77276"},"modified":"2025-05-30T10:40:40","modified_gmt":"2025-05-30T10:40:40","slug":"estacao-de-avisos-da-guarda-relatorio-de-atividades-2015","status":"publish","type":"product","link":"https:\/\/www.ccdrc.pt\/en\/product\/estacao-de-avisos-da-guarda-relatorio-de-atividades-2015\/","title":{"rendered":"Esta\u00e7\u00e3o de Avisos da Guarda &#8211; Relat\u00f3rio de Atividades 2015"},"content":{"rendered":"<p><a href=\"https:\/\/www.ccdrc.pt\/wp-content\/uploads\/2025\/05\/relatorio_avisos_guarda_2015_vf.pdf\">relatorio_avisos_guarda_2015_vf<\/a><\/p>","protected":false},"excerpt":{"rendered":"<p>2015<\/p>","protected":false},"featured_media":77278,"template":"","meta":{"_acf_changed":false,"_eb_attr":"","inline_featured_image":false,"iawp_total_views":0},"product_brand":[],"product_cat":[895],"product_tag":[],"class_list":{"0":"post-77276","1":"product","2":"type-product","3":"status-publish","4":"has-post-thumbnail","6":"product_cat-agricultura","8":"first","9":"instock","10":"downloadable","11":"virtual","12":"taxable","13":"purchasable","14":"product-type-simple","15":"berocket_lgv_grid","16":"berocket_lgv_list_grid"},"acf":[],"_links":{"self":[{"href":"https:\/\/www.ccdrc.pt\/en\/wp-json\/wp\/v2\/product\/77276","targetHints":{"allow":["GET"]}}],"collection":[{"href":"https:\/\/www.ccdrc.pt\/en\/wp-json\/wp\/v2\/product"}],"about":[{"href":"https:\/\/www.ccdrc.pt\/en\/wp-json\/wp\/v2\/types\/product"}],"wp:featuredmedia":[{"embeddable":true,"href":"https:\/\/www.ccdrc.pt\/en\/wp-json\/wp\/v2\/media\/77278"}],"wp:attachment":[{"href":"https:\/\/www.ccdrc.pt\/en\/wp-json\/wp\/v2\/media?parent=77276"}],"wp:term":[{"taxonomy":"product_brand","embeddable":true,"href":"https:\/\/www.ccdrc.pt\/en\/wp-json\/wp\/v2\/product_brand?post=77276"},{"taxonomy":"product_cat","embeddable":true,"href":"https:\/\/www.ccdrc.pt\/en\/wp-json\/wp\/v2\/product_cat?post=77276"},{"taxonomy":"product_tag","embeddable":true,"href":"https:\/\/www.ccdrc.pt\/en\/wp-json\/wp\/v2\/product_tag?post=77276"}],"curies":[{"name":"wp","href":"https:\/\/api.w.org\/{rel}","templated":true}]}}