{"id":76993,"date":"2025-05-27T11:50:34","date_gmt":"2025-05-27T11:50:34","guid":{"rendered":"https:\/\/www.ccdrc.pt\/?post_type=product&#038;p=76993"},"modified":"2025-05-27T11:55:29","modified_gmt":"2025-05-27T11:55:29","slug":"relatorio-da-estacao-de-avisos-da-guarda-2016","status":"publish","type":"product","link":"https:\/\/www.ccdrc.pt\/en\/product\/relatorio-da-estacao-de-avisos-da-guarda-2016\/","title":{"rendered":"Relat\u00f3rio da Esta\u00e7\u00e3o de Avisos da Guarda &#8211; 2016"},"content":{"rendered":"<p><a href=\"https:\/\/www.ccdrc.pt\/wp-content\/uploads\/2025\/05\/relatorio_e_avisos_guarda_2016_vf.pdf\">relatorio_e_avisos_guarda_2016_vf<\/a><\/p>","protected":false},"excerpt":{"rendered":"<p>2016<\/p>","protected":false},"featured_media":76998,"template":"","meta":{"_acf_changed":false,"_eb_attr":"","inline_featured_image":false,"iawp_total_views":0},"product_brand":[],"product_cat":[895],"product_tag":[],"class_list":{"0":"post-76993","1":"product","2":"type-product","3":"status-publish","4":"has-post-thumbnail","6":"product_cat-agricultura","8":"first","9":"instock","10":"downloadable","11":"virtual","12":"taxable","13":"purchasable","14":"product-type-simple","15":"berocket_lgv_grid","16":"berocket_lgv_list_grid"},"acf":[],"_links":{"self":[{"href":"https:\/\/www.ccdrc.pt\/en\/wp-json\/wp\/v2\/product\/76993","targetHints":{"allow":["GET"]}}],"collection":[{"href":"https:\/\/www.ccdrc.pt\/en\/wp-json\/wp\/v2\/product"}],"about":[{"href":"https:\/\/www.ccdrc.pt\/en\/wp-json\/wp\/v2\/types\/product"}],"wp:featuredmedia":[{"embeddable":true,"href":"https:\/\/www.ccdrc.pt\/en\/wp-json\/wp\/v2\/media\/76998"}],"wp:attachment":[{"href":"https:\/\/www.ccdrc.pt\/en\/wp-json\/wp\/v2\/media?parent=76993"}],"wp:term":[{"taxonomy":"product_brand","embeddable":true,"href":"https:\/\/www.ccdrc.pt\/en\/wp-json\/wp\/v2\/product_brand?post=76993"},{"taxonomy":"product_cat","embeddable":true,"href":"https:\/\/www.ccdrc.pt\/en\/wp-json\/wp\/v2\/product_cat?post=76993"},{"taxonomy":"product_tag","embeddable":true,"href":"https:\/\/www.ccdrc.pt\/en\/wp-json\/wp\/v2\/product_tag?post=76993"}],"curies":[{"name":"wp","href":"https:\/\/api.w.org\/{rel}","templated":true}]}}