{"id":76531,"date":"2025-05-21T10:14:46","date_gmt":"2025-05-21T10:14:46","guid":{"rendered":"https:\/\/www.ccdrc.pt\/?post_type=product&#038;p=76531"},"modified":"2025-05-21T13:03:49","modified_gmt":"2025-05-21T13:03:49","slug":"praticas-enologicas-na-producao-de-vinhos-espumantes-a-luz-da-regulamentacao-europeia-copia","status":"publish","type":"product","link":"https:\/\/www.ccdrc.pt\/en\/product\/praticas-enologicas-na-producao-de-vinhos-espumantes-a-luz-da-regulamentacao-europeia-copia\/","title":{"rendered":"Pr\u00e1ticas enol\u00f3gicas na produ\u00e7\u00e3o de vinhos espumantes \u00e0 luz da regulamenta\u00e7\u00e3o europeia"},"content":{"rendered":"<p><a href=\"https:\/\/www.ccdrc.pt\/wp-content\/uploads\/2025\/05\/praticas_enologicas_producao_vinhos_espumantes.pdf\">praticas_enologicas_producao_vinhos_espumantes<\/a><\/p>","protected":false},"excerpt":{"rendered":"<p>2021<\/p>","protected":false},"featured_media":76530,"template":"","meta":{"_acf_changed":false,"_eb_attr":"","inline_featured_image":false,"iawp_total_views":0},"product_brand":[],"product_cat":[895],"product_tag":[],"class_list":{"0":"post-76531","1":"product","2":"type-product","3":"status-publish","4":"has-post-thumbnail","6":"product_cat-agricultura","8":"first","9":"instock","10":"downloadable","11":"taxable","12":"shipping-taxable","13":"purchasable","14":"product-type-simple","15":"berocket_lgv_grid","16":"berocket_lgv_list_grid"},"acf":[],"_links":{"self":[{"href":"https:\/\/www.ccdrc.pt\/en\/wp-json\/wp\/v2\/product\/76531","targetHints":{"allow":["GET"]}}],"collection":[{"href":"https:\/\/www.ccdrc.pt\/en\/wp-json\/wp\/v2\/product"}],"about":[{"href":"https:\/\/www.ccdrc.pt\/en\/wp-json\/wp\/v2\/types\/product"}],"wp:featuredmedia":[{"embeddable":true,"href":"https:\/\/www.ccdrc.pt\/en\/wp-json\/wp\/v2\/media\/76530"}],"wp:attachment":[{"href":"https:\/\/www.ccdrc.pt\/en\/wp-json\/wp\/v2\/media?parent=76531"}],"wp:term":[{"taxonomy":"product_brand","embeddable":true,"href":"https:\/\/www.ccdrc.pt\/en\/wp-json\/wp\/v2\/product_brand?post=76531"},{"taxonomy":"product_cat","embeddable":true,"href":"https:\/\/www.ccdrc.pt\/en\/wp-json\/wp\/v2\/product_cat?post=76531"},{"taxonomy":"product_tag","embeddable":true,"href":"https:\/\/www.ccdrc.pt\/en\/wp-json\/wp\/v2\/product_tag?post=76531"}],"curies":[{"name":"wp","href":"https:\/\/api.w.org\/{rel}","templated":true}]}}