{"id":76382,"date":"2025-05-20T10:11:00","date_gmt":"2025-05-20T10:11:00","guid":{"rendered":"https:\/\/www.ccdrc.pt\/?post_type=product&#038;p=76382"},"modified":"2025-05-21T09:11:54","modified_gmt":"2025-05-21T09:11:54","slug":"preservacao-e-valorizacao-dos-recursos-geneticos-da-macieira","status":"publish","type":"product","link":"https:\/\/www.ccdrc.pt\/en\/product\/preservacao-e-valorizacao-dos-recursos-geneticos-da-macieira\/","title":{"rendered":"Preserva\u00e7\u00e3o e valoriza\u00e7\u00e3o dos recursos gen\u00e9ticos da macieira"},"content":{"rendered":"<p><a href=\"https:\/\/www.ccdrc.pt\/wp-content\/uploads\/2025\/05\/revista_aph_143_drapc_arminda.pdf\"> Preserva\u00e7\u00e3o e valoriza\u00e7\u00e3o dos recursos gen\u00e9ticos da macieira<\/a><\/p>","protected":false},"excerpt":{"rendered":"<p>2021<\/p>","protected":false},"featured_media":76383,"template":"","meta":{"_acf_changed":false,"_eb_attr":"","inline_featured_image":false,"iawp_total_views":0},"product_brand":[],"product_cat":[895],"product_tag":[],"class_list":{"0":"post-76382","1":"product","2":"type-product","3":"status-publish","4":"has-post-thumbnail","6":"product_cat-agricultura","8":"first","9":"instock","10":"downloadable","11":"taxable","12":"shipping-taxable","13":"purchasable","14":"product-type-simple","15":"berocket_lgv_grid","16":"berocket_lgv_list_grid"},"acf":[],"_links":{"self":[{"href":"https:\/\/www.ccdrc.pt\/en\/wp-json\/wp\/v2\/product\/76382","targetHints":{"allow":["GET"]}}],"collection":[{"href":"https:\/\/www.ccdrc.pt\/en\/wp-json\/wp\/v2\/product"}],"about":[{"href":"https:\/\/www.ccdrc.pt\/en\/wp-json\/wp\/v2\/types\/product"}],"wp:featuredmedia":[{"embeddable":true,"href":"https:\/\/www.ccdrc.pt\/en\/wp-json\/wp\/v2\/media\/76383"}],"wp:attachment":[{"href":"https:\/\/www.ccdrc.pt\/en\/wp-json\/wp\/v2\/media?parent=76382"}],"wp:term":[{"taxonomy":"product_brand","embeddable":true,"href":"https:\/\/www.ccdrc.pt\/en\/wp-json\/wp\/v2\/product_brand?post=76382"},{"taxonomy":"product_cat","embeddable":true,"href":"https:\/\/www.ccdrc.pt\/en\/wp-json\/wp\/v2\/product_cat?post=76382"},{"taxonomy":"product_tag","embeddable":true,"href":"https:\/\/www.ccdrc.pt\/en\/wp-json\/wp\/v2\/product_tag?post=76382"}],"curies":[{"name":"wp","href":"https:\/\/api.w.org\/{rel}","templated":true}]}}