{"id":76339,"date":"2025-05-20T07:06:18","date_gmt":"2025-05-20T07:06:18","guid":{"rendered":"https:\/\/www.ccdrc.pt\/?post_type=product&#038;p=76339"},"modified":"2026-05-04T09:08:06","modified_gmt":"2026-05-04T09:08:06","slug":"o-acesso-das-exploracoes-agricolas-as-ajudas-da-pac-na-regiao-centro-2","status":"publish","type":"product","link":"https:\/\/www.ccdrc.pt\/en\/product\/o-acesso-das-exploracoes-agricolas-as-ajudas-da-pac-na-regiao-centro-2\/","title":{"rendered":"O Acesso das Explora\u00e7\u00f5es Agr\u00edcolas \u00e0s Ajudas da PAC na Regi\u00e3o Centro"},"content":{"rendered":"<p><a href=\"https:\/\/www.ccdrc.pt\/wp-content\/uploads\/2025\/05\/ajudas_PAC_regiao_centro_cadernos_tematicos_drapcentro_vf.pdf\">O Acesso das Explora\u00e7\u00f5es Agr\u00edcolas \u00e0s Ajudas da PAC na Regi\u00e3o Centro<\/a><\/p>","protected":false},"excerpt":{"rendered":"<p>2023<\/p>","protected":false},"featured_media":76333,"template":"","meta":{"_acf_changed":false,"_eb_attr":"","inline_featured_image":false,"iawp_total_views":0},"product_brand":[],"product_cat":[1005],"product_tag":[],"class_list":{"0":"post-76339","1":"product","2":"type-product","3":"status-publish","4":"has-post-thumbnail","6":"product_cat-cadernos-tematicos","8":"first","9":"instock","10":"downloadable","11":"taxable","12":"shipping-taxable","13":"purchasable","14":"product-type-simple","15":"berocket_lgv_grid","16":"berocket_lgv_list_grid"},"acf":[],"_links":{"self":[{"href":"https:\/\/www.ccdrc.pt\/en\/wp-json\/wp\/v2\/product\/76339","targetHints":{"allow":["GET"]}}],"collection":[{"href":"https:\/\/www.ccdrc.pt\/en\/wp-json\/wp\/v2\/product"}],"about":[{"href":"https:\/\/www.ccdrc.pt\/en\/wp-json\/wp\/v2\/types\/product"}],"wp:featuredmedia":[{"embeddable":true,"href":"https:\/\/www.ccdrc.pt\/en\/wp-json\/wp\/v2\/media\/76333"}],"wp:attachment":[{"href":"https:\/\/www.ccdrc.pt\/en\/wp-json\/wp\/v2\/media?parent=76339"}],"wp:term":[{"taxonomy":"product_brand","embeddable":true,"href":"https:\/\/www.ccdrc.pt\/en\/wp-json\/wp\/v2\/product_brand?post=76339"},{"taxonomy":"product_cat","embeddable":true,"href":"https:\/\/www.ccdrc.pt\/en\/wp-json\/wp\/v2\/product_cat?post=76339"},{"taxonomy":"product_tag","embeddable":true,"href":"https:\/\/www.ccdrc.pt\/en\/wp-json\/wp\/v2\/product_tag?post=76339"}],"curies":[{"name":"wp","href":"https:\/\/api.w.org\/{rel}","templated":true}]}}