{"id":68169,"date":"2024-10-30T09:29:53","date_gmt":"2024-10-30T09:29:53","guid":{"rendered":"https:\/\/www.ccdrc.pt\/?post_type=product&#038;p=68169"},"modified":"2026-02-13T12:50:24","modified_gmt":"2026-02-13T12:50:24","slug":"https-wp-content-uploads-2026-02-monitorizacao-e-implementacao-dos-objetivos-de-desenvolvimento-sustentavel-na-regiao-centro-2024-pdf","status":"publish","type":"product","link":"https:\/\/www.ccdrc.pt\/en\/product\/https-wp-content-uploads-2026-02-monitorizacao-e-implementacao-dos-objetivos-de-desenvolvimento-sustentavel-na-regiao-centro-2024-pdf\/","title":{"rendered":"Monitoriza\u00e7\u00e3o e Implementa\u00e7\u00e3o dos Objetivos de Desenvolvimento Sustent\u00e1vel na Regi\u00e3o Centro"},"content":{"rendered":"<p>&nbsp;<\/p>\n<p><a href=\"https:\/\/www.ccdrc.pt\/wp-content\/uploads\/2026\/02\/Monitorizacao-e-Implementacao-dos-Objetivos-de-Desenvolvimento-Sustentavel-na-Regiao-Centro-2024.pdf\" target=\"_blank\" rel=\"noopener\">Monitoriza\u00e7\u00e3o e Implementa\u00e7\u00e3o dos Objetivos de Desenvolvimento Sustent\u00e1vel na Regi\u00e3o Centro<\/a><\/p>","protected":false},"excerpt":{"rendered":"<p>Nov 2024<\/p>","protected":false},"featured_media":68856,"template":"","meta":{"_acf_changed":false,"_eb_attr":"","inline_featured_image":false,"iawp_total_views":5},"product_brand":[],"product_cat":[507],"product_tag":[],"class_list":{"0":"post-68169","1":"product","2":"type-product","3":"status-publish","4":"has-post-thumbnail","6":"product_cat-estudos-regionais","8":"first","9":"instock","10":"downloadable","11":"virtual","12":"taxable","13":"purchasable","14":"product-type-simple","15":"berocket_lgv_grid","16":"berocket_lgv_list_grid"},"acf":[],"_links":{"self":[{"href":"https:\/\/www.ccdrc.pt\/en\/wp-json\/wp\/v2\/product\/68169","targetHints":{"allow":["GET"]}}],"collection":[{"href":"https:\/\/www.ccdrc.pt\/en\/wp-json\/wp\/v2\/product"}],"about":[{"href":"https:\/\/www.ccdrc.pt\/en\/wp-json\/wp\/v2\/types\/product"}],"wp:featuredmedia":[{"embeddable":true,"href":"https:\/\/www.ccdrc.pt\/en\/wp-json\/wp\/v2\/media\/68856"}],"wp:attachment":[{"href":"https:\/\/www.ccdrc.pt\/en\/wp-json\/wp\/v2\/media?parent=68169"}],"wp:term":[{"taxonomy":"product_brand","embeddable":true,"href":"https:\/\/www.ccdrc.pt\/en\/wp-json\/wp\/v2\/product_brand?post=68169"},{"taxonomy":"product_cat","embeddable":true,"href":"https:\/\/www.ccdrc.pt\/en\/wp-json\/wp\/v2\/product_cat?post=68169"},{"taxonomy":"product_tag","embeddable":true,"href":"https:\/\/www.ccdrc.pt\/en\/wp-json\/wp\/v2\/product_tag?post=68169"}],"curies":[{"name":"wp","href":"https:\/\/api.w.org\/{rel}","templated":true}]}}