{"id":65316,"date":"2024-08-29T13:53:40","date_gmt":"2024-08-29T13:53:40","guid":{"rendered":"https:\/\/www.ccdrc.pt\/?post_type=product&#038;p=65316"},"modified":"2025-09-25T08:52:06","modified_gmt":"2025-09-25T08:52:06","slug":"resultados-do-inquerito-a-satisfacao-dos-residentes-da-regiao-centro-4","status":"publish","type":"product","link":"https:\/\/www.ccdrc.pt\/en\/product\/resultados-do-inquerito-a-satisfacao-dos-residentes-da-regiao-centro-4\/","title":{"rendered":"Resultados do Inqu\u00e9rito \u00e0 Satisfa\u00e7\u00e3o dos Residentes da Regi\u00e3o Centro"},"content":{"rendered":"<p><a href=\"https:\/\/www.ccdrc.pt\/wp-content\/uploads\/2024\/08\/Estudo_Inquerito-a-satisfacao-dos-residentes-da-Regiao-Centro_2024.pdf\">Resultados do Inqu\u00e9rito \u00e0 Satisfa\u00e7\u00e3o dos Residentes da Regi\u00e3o Centro<\/a><\/p>","protected":false},"excerpt":{"rendered":"<p>2024<\/p>","protected":false},"featured_media":65326,"template":"","meta":{"_acf_changed":false,"_eb_attr":"","inline_featured_image":false,"iawp_total_views":0},"product_brand":[],"product_cat":[507],"product_tag":[],"class_list":{"0":"post-65316","1":"product","2":"type-product","3":"status-publish","4":"has-post-thumbnail","6":"product_cat-estudos-regionais","8":"first","9":"instock","10":"downloadable","11":"virtual","12":"taxable","13":"purchasable","14":"product-type-simple","15":"berocket_lgv_grid","16":"berocket_lgv_list_grid"},"acf":[],"_links":{"self":[{"href":"https:\/\/www.ccdrc.pt\/en\/wp-json\/wp\/v2\/product\/65316","targetHints":{"allow":["GET"]}}],"collection":[{"href":"https:\/\/www.ccdrc.pt\/en\/wp-json\/wp\/v2\/product"}],"about":[{"href":"https:\/\/www.ccdrc.pt\/en\/wp-json\/wp\/v2\/types\/product"}],"wp:featuredmedia":[{"embeddable":true,"href":"https:\/\/www.ccdrc.pt\/en\/wp-json\/wp\/v2\/media\/65326"}],"wp:attachment":[{"href":"https:\/\/www.ccdrc.pt\/en\/wp-json\/wp\/v2\/media?parent=65316"}],"wp:term":[{"taxonomy":"product_brand","embeddable":true,"href":"https:\/\/www.ccdrc.pt\/en\/wp-json\/wp\/v2\/product_brand?post=65316"},{"taxonomy":"product_cat","embeddable":true,"href":"https:\/\/www.ccdrc.pt\/en\/wp-json\/wp\/v2\/product_cat?post=65316"},{"taxonomy":"product_tag","embeddable":true,"href":"https:\/\/www.ccdrc.pt\/en\/wp-json\/wp\/v2\/product_tag?post=65316"}],"curies":[{"name":"wp","href":"https:\/\/api.w.org\/{rel}","templated":true}]}}