{"id":50686,"date":"2024-01-18T16:45:22","date_gmt":"2024-01-18T16:45:22","guid":{"rendered":"https:\/\/www.ccdrc.pt\/?post_type=product&#038;p=50686"},"modified":"2024-01-26T20:03:36","modified_gmt":"2024-01-26T20:03:36","slug":"a-beira-da-agua","status":"publish","type":"product","link":"https:\/\/www.ccdrc.pt\/en\/product\/a-beira-da-agua\/","title":{"rendered":"\u00c0 Beira da \u00e1gua"},"content":{"rendered":"<p>\u00c0 Beira da \u00e1gua<\/p>","protected":false},"excerpt":{"rendered":"<p>\u00c0 Beira da \u00e1gua<\/p>","protected":false},"featured_media":45023,"template":"","meta":{"_acf_changed":false,"_eb_attr":"","inline_featured_image":false,"iawp_total_views":169},"product_brand":[],"product_cat":[],"product_tag":[],"class_list":{"0":"post-50686","1":"product","2":"type-product","3":"status-publish","4":"has-post-thumbnail","7":"first","8":"instock","9":"shipping-taxable","10":"purchasable","11":"product-type-simple","12":"berocket_lgv_grid","13":"berocket_lgv_list_grid"},"acf":[],"_links":{"self":[{"href":"https:\/\/www.ccdrc.pt\/en\/wp-json\/wp\/v2\/product\/50686","targetHints":{"allow":["GET"]}}],"collection":[{"href":"https:\/\/www.ccdrc.pt\/en\/wp-json\/wp\/v2\/product"}],"about":[{"href":"https:\/\/www.ccdrc.pt\/en\/wp-json\/wp\/v2\/types\/product"}],"wp:featuredmedia":[{"embeddable":true,"href":"https:\/\/www.ccdrc.pt\/en\/wp-json\/wp\/v2\/media\/45023"}],"wp:attachment":[{"href":"https:\/\/www.ccdrc.pt\/en\/wp-json\/wp\/v2\/media?parent=50686"}],"wp:term":[{"taxonomy":"product_brand","embeddable":true,"href":"https:\/\/www.ccdrc.pt\/en\/wp-json\/wp\/v2\/product_brand?post=50686"},{"taxonomy":"product_cat","embeddable":true,"href":"https:\/\/www.ccdrc.pt\/en\/wp-json\/wp\/v2\/product_cat?post=50686"},{"taxonomy":"product_tag","embeddable":true,"href":"https:\/\/www.ccdrc.pt\/en\/wp-json\/wp\/v2\/product_tag?post=50686"}],"curies":[{"name":"wp","href":"https:\/\/api.w.org\/{rel}","templated":true}]}}