{"id":48940,"date":"2024-01-08T16:33:53","date_gmt":"2024-01-08T16:33:53","guid":{"rendered":"https:\/\/www.ccdrc.pt\/produto\/potenciais-demograficos-e-niveis-de-polarizacao-gravitativa-na-provincia-das-beiras\/"},"modified":"2024-01-17T13:09:30","modified_gmt":"2024-01-17T13:09:30","slug":"potenciais-demograficos-e-niveis-de-polarizacao-gravitativa-na-provincia-das-beiras","status":"publish","type":"product","link":"https:\/\/www.ccdrc.pt\/en\/product\/potenciais-demograficos-e-niveis-de-polarizacao-gravitativa-na-provincia-das-beiras\/","title":{"rendered":"Potenciais demogr\u00e1ficos e n\u00edveis de polariza\u00e7\u00e3o gravitativa na prov\u00edncia das Beiras"},"content":{"rendered":"<p><a href=\"https:\/\/www.ccdrc.pt\/wp-content\/uploads\/2023\/12\/arquivo186.pdf\">Potenciais demogr\u00e1ficos e n\u00edveis de polariza\u00e7\u00e3o gravitativa na prov\u00edncia das Beiras<\/a><\/p>","protected":false},"excerpt":{"rendered":"<p>Potenciais demogr\u00e1ficos e n\u00edveis de polariza\u00e7\u00e3o gravitativa na prov\u00edncia das [&hellip;]<\/p>\n","protected":false},"featured_media":47888,"template":"","meta":{"_acf_changed":false,"_eb_attr":"","inline_featured_image":false,"iawp_total_views":1},"product_brand":[],"product_cat":[649],"product_tag":[],"class_list":{"0":"post-48940","1":"product","2":"type-product","3":"status-publish","4":"has-post-thumbnail","6":"product_cat-arquivo","8":"first","9":"instock","10":"downloadable","11":"taxable","12":"shipping-taxable","13":"purchasable","14":"product-type-simple","15":"berocket_lgv_grid","16":"berocket_lgv_list_grid"},"acf":[],"_links":{"self":[{"href":"https:\/\/www.ccdrc.pt\/en\/wp-json\/wp\/v2\/product\/48940","targetHints":{"allow":["GET"]}}],"collection":[{"href":"https:\/\/www.ccdrc.pt\/en\/wp-json\/wp\/v2\/product"}],"about":[{"href":"https:\/\/www.ccdrc.pt\/en\/wp-json\/wp\/v2\/types\/product"}],"wp:featuredmedia":[{"embeddable":true,"href":"https:\/\/www.ccdrc.pt\/en\/wp-json\/wp\/v2\/media\/47888"}],"wp:attachment":[{"href":"https:\/\/www.ccdrc.pt\/en\/wp-json\/wp\/v2\/media?parent=48940"}],"wp:term":[{"taxonomy":"product_brand","embeddable":true,"href":"https:\/\/www.ccdrc.pt\/en\/wp-json\/wp\/v2\/product_brand?post=48940"},{"taxonomy":"product_cat","embeddable":true,"href":"https:\/\/www.ccdrc.pt\/en\/wp-json\/wp\/v2\/product_cat?post=48940"},{"taxonomy":"product_tag","embeddable":true,"href":"https:\/\/www.ccdrc.pt\/en\/wp-json\/wp\/v2\/product_tag?post=48940"}],"curies":[{"name":"wp","href":"https:\/\/api.w.org\/{rel}","templated":true}]}}