{"id":48926,"date":"2024-01-08T16:25:13","date_gmt":"2024-01-08T16:25:13","guid":{"rendered":"https:\/\/www.ccdrc.pt\/produto\/o-ministerio-da-administracao-interna-e-o-poder-local\/"},"modified":"2024-01-17T13:06:51","modified_gmt":"2024-01-17T13:06:51","slug":"o-ministerio-da-administracao-interna-e-o-poder-local","status":"publish","type":"product","link":"https:\/\/www.ccdrc.pt\/en\/product\/o-ministerio-da-administracao-interna-e-o-poder-local\/","title":{"rendered":"O Minist\u00e9rio da Administra\u00e7\u00e3o Interna e o Poder Local"},"content":{"rendered":"<p><a href=\"https:\/\/www.ccdrc.pt\/wp-content\/uploads\/2023\/12\/arquivo181.pdf\">O Minist\u00e9rio da Administra\u00e7\u00e3o Interna e o Poder Local<\/a><\/p>","protected":false},"excerpt":{"rendered":"<p>O Minist\u00e9rio da Administra\u00e7\u00e3o Interna e o Poder Local<\/p>","protected":false},"featured_media":47883,"template":"","meta":{"_acf_changed":false,"_eb_attr":"","inline_featured_image":false,"iawp_total_views":0},"product_brand":[],"product_cat":[649],"product_tag":[],"class_list":{"0":"post-48926","1":"product","2":"type-product","3":"status-publish","4":"has-post-thumbnail","6":"product_cat-arquivo","8":"first","9":"instock","10":"downloadable","11":"taxable","12":"shipping-taxable","13":"purchasable","14":"product-type-simple","15":"berocket_lgv_grid","16":"berocket_lgv_list_grid"},"acf":[],"_links":{"self":[{"href":"https:\/\/www.ccdrc.pt\/en\/wp-json\/wp\/v2\/product\/48926","targetHints":{"allow":["GET"]}}],"collection":[{"href":"https:\/\/www.ccdrc.pt\/en\/wp-json\/wp\/v2\/product"}],"about":[{"href":"https:\/\/www.ccdrc.pt\/en\/wp-json\/wp\/v2\/types\/product"}],"wp:featuredmedia":[{"embeddable":true,"href":"https:\/\/www.ccdrc.pt\/en\/wp-json\/wp\/v2\/media\/47883"}],"wp:attachment":[{"href":"https:\/\/www.ccdrc.pt\/en\/wp-json\/wp\/v2\/media?parent=48926"}],"wp:term":[{"taxonomy":"product_brand","embeddable":true,"href":"https:\/\/www.ccdrc.pt\/en\/wp-json\/wp\/v2\/product_brand?post=48926"},{"taxonomy":"product_cat","embeddable":true,"href":"https:\/\/www.ccdrc.pt\/en\/wp-json\/wp\/v2\/product_cat?post=48926"},{"taxonomy":"product_tag","embeddable":true,"href":"https:\/\/www.ccdrc.pt\/en\/wp-json\/wp\/v2\/product_tag?post=48926"}],"curies":[{"name":"wp","href":"https:\/\/api.w.org\/{rel}","templated":true}]}}