{"id":48863,"date":"2024-01-08T16:24:51","date_gmt":"2024-01-08T16:24:51","guid":{"rendered":"https:\/\/www.ccdrc.pt\/produto\/a-intervencao-financeira-do-feder-na-regiao-centro-1986-1993\/"},"modified":"2024-01-17T12:52:51","modified_gmt":"2024-01-17T12:52:51","slug":"a-intervencao-financeira-do-feder-na-regiao-centro-1986-1993","status":"publish","type":"product","link":"https:\/\/www.ccdrc.pt\/en\/product\/a-intervencao-financeira-do-feder-na-regiao-centro-1986-1993\/","title":{"rendered":"A Interven\u00e7\u00e3o Financeira do FEDER na Regi\u00e3o Centro 1986\/1993"},"content":{"rendered":"<p><a href=\"https:\/\/www.ccdrc.pt\/wp-content\/uploads\/2023\/12\/arquivo111.pdf\">A Interven\u00e7\u00e3o Financeira do FEDER na Regi\u00e3o Centro 1986\/1993<\/a><\/p>","protected":false},"excerpt":{"rendered":"<p>A Interven\u00e7\u00e3o Financeira do FEDER na Regi\u00e3o Centro 1986\/1993<\/p>","protected":false},"featured_media":47814,"template":"","meta":{"_acf_changed":false,"_eb_attr":"","inline_featured_image":false,"iawp_total_views":1},"product_brand":[],"product_cat":[649],"product_tag":[],"class_list":{"0":"post-48863","1":"product","2":"type-product","3":"status-publish","4":"has-post-thumbnail","6":"product_cat-arquivo","8":"first","9":"instock","10":"downloadable","11":"taxable","12":"shipping-taxable","13":"purchasable","14":"product-type-simple","15":"berocket_lgv_grid","16":"berocket_lgv_list_grid"},"acf":[],"_links":{"self":[{"href":"https:\/\/www.ccdrc.pt\/en\/wp-json\/wp\/v2\/product\/48863","targetHints":{"allow":["GET"]}}],"collection":[{"href":"https:\/\/www.ccdrc.pt\/en\/wp-json\/wp\/v2\/product"}],"about":[{"href":"https:\/\/www.ccdrc.pt\/en\/wp-json\/wp\/v2\/types\/product"}],"wp:featuredmedia":[{"embeddable":true,"href":"https:\/\/www.ccdrc.pt\/en\/wp-json\/wp\/v2\/media\/47814"}],"wp:attachment":[{"href":"https:\/\/www.ccdrc.pt\/en\/wp-json\/wp\/v2\/media?parent=48863"}],"wp:term":[{"taxonomy":"product_brand","embeddable":true,"href":"https:\/\/www.ccdrc.pt\/en\/wp-json\/wp\/v2\/product_brand?post=48863"},{"taxonomy":"product_cat","embeddable":true,"href":"https:\/\/www.ccdrc.pt\/en\/wp-json\/wp\/v2\/product_cat?post=48863"},{"taxonomy":"product_tag","embeddable":true,"href":"https:\/\/www.ccdrc.pt\/en\/wp-json\/wp\/v2\/product_tag?post=48863"}],"curies":[{"name":"wp","href":"https:\/\/api.w.org\/{rel}","templated":true}]}}