{"id":48862,"date":"2024-01-08T16:24:51","date_gmt":"2024-01-08T16:24:51","guid":{"rendered":"https:\/\/www.ccdrc.pt\/produto\/estacoes-de-tratamento-de-aguas-residuais-para-aglomerados-com-menos-de-5000-habitantes\/"},"modified":"2024-01-17T12:52:16","modified_gmt":"2024-01-17T12:52:16","slug":"estacoes-de-tratamento-de-aguas-residuais-para-aglomerados-com-menos-de-5000-habitantes","status":"publish","type":"product","link":"https:\/\/www.ccdrc.pt\/en\/product\/estacoes-de-tratamento-de-aguas-residuais-para-aglomerados-com-menos-de-5000-habitantes\/","title":{"rendered":"Esta\u00e7\u00f5es de Tratamento de \u00c1guas Residuais para Aglomerados com menos de 5000 Habitantes"},"content":{"rendered":"<p><a href=\"https:\/\/www.ccdrc.pt\/wp-content\/uploads\/2023\/12\/arquivo110.pdf\">Esta\u00e7\u00f5es de Tratamento de \u00c1guas Residuais para Aglomerados com menos de 5000 Habitantes<\/a><\/p>","protected":false},"excerpt":{"rendered":"<p>Esta\u00e7\u00f5es de Tratamento de \u00c1guas Residuais para Aglomerados com menos [&hellip;]<\/p>\n","protected":false},"featured_media":47813,"template":"","meta":{"_acf_changed":false,"_eb_attr":"","inline_featured_image":false,"iawp_total_views":1},"product_brand":[],"product_cat":[649],"product_tag":[],"class_list":{"0":"post-48862","1":"product","2":"type-product","3":"status-publish","4":"has-post-thumbnail","6":"product_cat-arquivo","8":"first","9":"instock","10":"downloadable","11":"taxable","12":"shipping-taxable","13":"purchasable","14":"product-type-simple","15":"berocket_lgv_grid","16":"berocket_lgv_list_grid"},"acf":[],"_links":{"self":[{"href":"https:\/\/www.ccdrc.pt\/en\/wp-json\/wp\/v2\/product\/48862","targetHints":{"allow":["GET"]}}],"collection":[{"href":"https:\/\/www.ccdrc.pt\/en\/wp-json\/wp\/v2\/product"}],"about":[{"href":"https:\/\/www.ccdrc.pt\/en\/wp-json\/wp\/v2\/types\/product"}],"wp:featuredmedia":[{"embeddable":true,"href":"https:\/\/www.ccdrc.pt\/en\/wp-json\/wp\/v2\/media\/47813"}],"wp:attachment":[{"href":"https:\/\/www.ccdrc.pt\/en\/wp-json\/wp\/v2\/media?parent=48862"}],"wp:term":[{"taxonomy":"product_brand","embeddable":true,"href":"https:\/\/www.ccdrc.pt\/en\/wp-json\/wp\/v2\/product_brand?post=48862"},{"taxonomy":"product_cat","embeddable":true,"href":"https:\/\/www.ccdrc.pt\/en\/wp-json\/wp\/v2\/product_cat?post=48862"},{"taxonomy":"product_tag","embeddable":true,"href":"https:\/\/www.ccdrc.pt\/en\/wp-json\/wp\/v2\/product_tag?post=48862"}],"curies":[{"name":"wp","href":"https:\/\/api.w.org\/{rel}","templated":true}]}}