{"id":48804,"date":"2024-01-08T16:24:36","date_gmt":"2024-01-08T16:24:36","guid":{"rendered":"https:\/\/www.ccdrc.pt\/produto\/acessibilidade-e-utilizacao-dos-servicos-de-saude\/"},"modified":"2024-01-17T12:40:41","modified_gmt":"2024-01-17T12:40:41","slug":"acessibilidade-e-utilizacao-dos-servicos-de-saude","status":"publish","type":"product","link":"https:\/\/www.ccdrc.pt\/en\/product\/acessibilidade-e-utilizacao-dos-servicos-de-saude\/","title":{"rendered":"Acessibilidade e Utiliza\u00e7\u00e3o dos Servi\u00e7os de Sa\u00fade"},"content":{"rendered":"<p><a href=\"https:\/\/www.ccdrc.pt\/wp-content\/uploads\/2023\/12\/arquivo50.pdf\">Acessibilidade e Utiliza\u00e7\u00e3o dos Servi\u00e7os de Sa\u00fade<\/a><\/p>","protected":false},"excerpt":{"rendered":"<p>Acessibilidade e Utiliza\u00e7\u00e3o dos Servi\u00e7os de Sa\u00fade<\/p>","protected":false},"featured_media":47753,"template":"","meta":{"_acf_changed":false,"_eb_attr":"","inline_featured_image":false,"iawp_total_views":1},"product_brand":[],"product_cat":[649],"product_tag":[],"class_list":{"0":"post-48804","1":"product","2":"type-product","3":"status-publish","4":"has-post-thumbnail","6":"product_cat-arquivo","8":"first","9":"instock","10":"downloadable","11":"taxable","12":"shipping-taxable","13":"purchasable","14":"product-type-simple","15":"berocket_lgv_grid","16":"berocket_lgv_list_grid"},"acf":[],"_links":{"self":[{"href":"https:\/\/www.ccdrc.pt\/en\/wp-json\/wp\/v2\/product\/48804","targetHints":{"allow":["GET"]}}],"collection":[{"href":"https:\/\/www.ccdrc.pt\/en\/wp-json\/wp\/v2\/product"}],"about":[{"href":"https:\/\/www.ccdrc.pt\/en\/wp-json\/wp\/v2\/types\/product"}],"wp:featuredmedia":[{"embeddable":true,"href":"https:\/\/www.ccdrc.pt\/en\/wp-json\/wp\/v2\/media\/47753"}],"wp:attachment":[{"href":"https:\/\/www.ccdrc.pt\/en\/wp-json\/wp\/v2\/media?parent=48804"}],"wp:term":[{"taxonomy":"product_brand","embeddable":true,"href":"https:\/\/www.ccdrc.pt\/en\/wp-json\/wp\/v2\/product_brand?post=48804"},{"taxonomy":"product_cat","embeddable":true,"href":"https:\/\/www.ccdrc.pt\/en\/wp-json\/wp\/v2\/product_cat?post=48804"},{"taxonomy":"product_tag","embeddable":true,"href":"https:\/\/www.ccdrc.pt\/en\/wp-json\/wp\/v2\/product_tag?post=48804"}],"curies":[{"name":"wp","href":"https:\/\/api.w.org\/{rel}","templated":true}]}}