{"id":48799,"date":"2024-01-08T16:24:35","date_gmt":"2024-01-08T16:24:35","guid":{"rendered":"https:\/\/www.ccdrc.pt\/produto\/seminario-de-sensibilizacao-pidr-do-mondego\/"},"modified":"2024-01-17T12:39:58","modified_gmt":"2024-01-17T12:39:58","slug":"seminario-de-sensibilizacao-pidr-do-mondego","status":"publish","type":"product","link":"https:\/\/www.ccdrc.pt\/en\/product\/seminario-de-sensibilizacao-pidr-do-mondego\/","title":{"rendered":"Semin\u00e1rio de Sensibiliza\u00e7\u00e3o PIDR do Mondego"},"content":{"rendered":"<p><a href=\"https:\/\/www.ccdrc.pt\/wp-content\/uploads\/2023\/12\/arquivo45.pdf\">Semin\u00e1rio de Sensibiliza\u00e7\u00e3o PIDR do Mondego<\/a><\/p>","protected":false},"excerpt":{"rendered":"<p>Semin\u00e1rio de Sensibiliza\u00e7\u00e3o PIDR do Mondego<\/p>","protected":false},"featured_media":47748,"template":"","meta":{"_acf_changed":false,"_eb_attr":"","inline_featured_image":false,"iawp_total_views":0},"product_brand":[],"product_cat":[649],"product_tag":[],"class_list":{"0":"post-48799","1":"product","2":"type-product","3":"status-publish","4":"has-post-thumbnail","6":"product_cat-arquivo","8":"first","9":"instock","10":"downloadable","11":"taxable","12":"shipping-taxable","13":"purchasable","14":"product-type-simple","15":"berocket_lgv_grid","16":"berocket_lgv_list_grid"},"acf":[],"_links":{"self":[{"href":"https:\/\/www.ccdrc.pt\/en\/wp-json\/wp\/v2\/product\/48799","targetHints":{"allow":["GET"]}}],"collection":[{"href":"https:\/\/www.ccdrc.pt\/en\/wp-json\/wp\/v2\/product"}],"about":[{"href":"https:\/\/www.ccdrc.pt\/en\/wp-json\/wp\/v2\/types\/product"}],"wp:featuredmedia":[{"embeddable":true,"href":"https:\/\/www.ccdrc.pt\/en\/wp-json\/wp\/v2\/media\/47748"}],"wp:attachment":[{"href":"https:\/\/www.ccdrc.pt\/en\/wp-json\/wp\/v2\/media?parent=48799"}],"wp:term":[{"taxonomy":"product_brand","embeddable":true,"href":"https:\/\/www.ccdrc.pt\/en\/wp-json\/wp\/v2\/product_brand?post=48799"},{"taxonomy":"product_cat","embeddable":true,"href":"https:\/\/www.ccdrc.pt\/en\/wp-json\/wp\/v2\/product_cat?post=48799"},{"taxonomy":"product_tag","embeddable":true,"href":"https:\/\/www.ccdrc.pt\/en\/wp-json\/wp\/v2\/product_tag?post=48799"}],"curies":[{"name":"wp","href":"https:\/\/api.w.org\/{rel}","templated":true}]}}