{"id":48779,"date":"2024-01-08T16:24:30","date_gmt":"2024-01-08T16:24:30","guid":{"rendered":"https:\/\/www.ccdrc.pt\/produto\/estrutura-agraria-e-inovacao-na-cova-da-beira\/"},"modified":"2024-01-17T12:35:42","modified_gmt":"2024-01-17T12:35:42","slug":"estrutura-agraria-e-inovacao-na-cova-da-beira","status":"publish","type":"product","link":"https:\/\/www.ccdrc.pt\/en\/product\/estrutura-agraria-e-inovacao-na-cova-da-beira\/","title":{"rendered":"Estrutura Agr\u00e1ria e Inova\u00e7\u00e3o na Cova da Beira"},"content":{"rendered":"<p><a href=\"https:\/\/www.ccdrc.pt\/wp-content\/uploads\/2023\/12\/arquivo25.pdf\">Estrutura Agr\u00e1ria e Inova\u00e7\u00e3o na Cova da Beira<\/a><\/p>","protected":false},"excerpt":{"rendered":"<p>Estrutura Agr\u00e1ria e Inova\u00e7\u00e3o na Cova da Beira<\/p>","protected":false},"featured_media":47728,"template":"","meta":{"_acf_changed":false,"_eb_attr":"","inline_featured_image":false,"iawp_total_views":0},"product_brand":[],"product_cat":[649],"product_tag":[],"class_list":{"0":"post-48779","1":"product","2":"type-product","3":"status-publish","4":"has-post-thumbnail","6":"product_cat-arquivo","8":"first","9":"instock","10":"downloadable","11":"taxable","12":"shipping-taxable","13":"purchasable","14":"product-type-simple","15":"berocket_lgv_grid","16":"berocket_lgv_list_grid"},"acf":[],"_links":{"self":[{"href":"https:\/\/www.ccdrc.pt\/en\/wp-json\/wp\/v2\/product\/48779","targetHints":{"allow":["GET"]}}],"collection":[{"href":"https:\/\/www.ccdrc.pt\/en\/wp-json\/wp\/v2\/product"}],"about":[{"href":"https:\/\/www.ccdrc.pt\/en\/wp-json\/wp\/v2\/types\/product"}],"wp:featuredmedia":[{"embeddable":true,"href":"https:\/\/www.ccdrc.pt\/en\/wp-json\/wp\/v2\/media\/47728"}],"wp:attachment":[{"href":"https:\/\/www.ccdrc.pt\/en\/wp-json\/wp\/v2\/media?parent=48779"}],"wp:term":[{"taxonomy":"product_brand","embeddable":true,"href":"https:\/\/www.ccdrc.pt\/en\/wp-json\/wp\/v2\/product_brand?post=48779"},{"taxonomy":"product_cat","embeddable":true,"href":"https:\/\/www.ccdrc.pt\/en\/wp-json\/wp\/v2\/product_cat?post=48779"},{"taxonomy":"product_tag","embeddable":true,"href":"https:\/\/www.ccdrc.pt\/en\/wp-json\/wp\/v2\/product_tag?post=48779"}],"curies":[{"name":"wp","href":"https:\/\/api.w.org\/{rel}","templated":true}]}}