{"id":48777,"date":"2024-01-08T16:24:29","date_gmt":"2024-01-08T16:24:29","guid":{"rendered":"https:\/\/www.ccdrc.pt\/produto\/comercio-externo-e-adesao-a-cee\/"},"modified":"2024-01-17T12:35:04","modified_gmt":"2024-01-17T12:35:04","slug":"comercio-externo-e-adesao-a-cee","status":"publish","type":"product","link":"https:\/\/www.ccdrc.pt\/en\/product\/comercio-externo-e-adesao-a-cee\/","title":{"rendered":"Com\u00e9rcio Externo e Ades\u00e3o \u00e0 CEE"},"content":{"rendered":"<p><a href=\"https:\/\/www.ccdrc.pt\/wp-content\/uploads\/2023\/12\/arquivo23.pdf\">Com\u00e9rcio Externo e Ades\u00e3o \u00e0 CEE<\/a><\/p>","protected":false},"excerpt":{"rendered":"<p>Com\u00e9rcio Externo e Ades\u00e3o \u00e0 CEE<\/p>","protected":false},"featured_media":47726,"template":"","meta":{"_acf_changed":false,"_eb_attr":"","inline_featured_image":false,"iawp_total_views":0},"product_brand":[],"product_cat":[649],"product_tag":[],"class_list":{"0":"post-48777","1":"product","2":"type-product","3":"status-publish","4":"has-post-thumbnail","6":"product_cat-arquivo","8":"first","9":"instock","10":"downloadable","11":"taxable","12":"shipping-taxable","13":"purchasable","14":"product-type-simple","15":"berocket_lgv_grid","16":"berocket_lgv_list_grid"},"acf":[],"_links":{"self":[{"href":"https:\/\/www.ccdrc.pt\/en\/wp-json\/wp\/v2\/product\/48777","targetHints":{"allow":["GET"]}}],"collection":[{"href":"https:\/\/www.ccdrc.pt\/en\/wp-json\/wp\/v2\/product"}],"about":[{"href":"https:\/\/www.ccdrc.pt\/en\/wp-json\/wp\/v2\/types\/product"}],"wp:featuredmedia":[{"embeddable":true,"href":"https:\/\/www.ccdrc.pt\/en\/wp-json\/wp\/v2\/media\/47726"}],"wp:attachment":[{"href":"https:\/\/www.ccdrc.pt\/en\/wp-json\/wp\/v2\/media?parent=48777"}],"wp:term":[{"taxonomy":"product_brand","embeddable":true,"href":"https:\/\/www.ccdrc.pt\/en\/wp-json\/wp\/v2\/product_brand?post=48777"},{"taxonomy":"product_cat","embeddable":true,"href":"https:\/\/www.ccdrc.pt\/en\/wp-json\/wp\/v2\/product_cat?post=48777"},{"taxonomy":"product_tag","embeddable":true,"href":"https:\/\/www.ccdrc.pt\/en\/wp-json\/wp\/v2\/product_tag?post=48777"}],"curies":[{"name":"wp","href":"https:\/\/api.w.org\/{rel}","templated":true}]}}