{"id":48741,"date":"2024-01-08T16:01:16","date_gmt":"2024-01-08T16:01:16","guid":{"rendered":"https:\/\/www.ccdrc.pt\/produto\/estrategias-de-eficiencia-coletiva-na-regiao-centro\/"},"modified":"2024-01-08T16:01:16","modified_gmt":"2024-01-08T16:01:16","slug":"estrategias-de-eficiencia-coletiva-na-regiao-centro","status":"publish","type":"product","link":"https:\/\/www.ccdrc.pt\/en\/product\/estrategias-de-eficiencia-coletiva-na-regiao-centro\/","title":{"rendered":"Estrat\u00e9gias de Efici\u00eancia Coletiva na Regi\u00e3o Centro"},"content":{"rendered":"<p><a href=\"https:\/\/www.ccdrc.pt\/wp-content\/uploads\/2023\/12\/estudo67.pdf\">Estrat\u00e9gias de Efici\u00eancia Coletiva na Regi\u00e3o Centro<\/a><\/p>","protected":false},"excerpt":{"rendered":"<p>Estrat\u00e9gias de Efici\u00eancia Coletiva na Regi\u00e3o Centro<\/p>","protected":false},"featured_media":48012,"template":"","meta":{"_acf_changed":false,"_eb_attr":"","inline_featured_image":false,"iawp_total_views":1},"product_brand":[],"product_cat":[507],"product_tag":[],"class_list":{"0":"post-48741","1":"product","2":"type-product","3":"status-publish","4":"has-post-thumbnail","6":"product_cat-estudos-regionais","8":"first","9":"instock","10":"downloadable","11":"taxable","12":"shipping-taxable","13":"purchasable","14":"product-type-simple","15":"berocket_lgv_grid","16":"berocket_lgv_list_grid"},"acf":[],"_links":{"self":[{"href":"https:\/\/www.ccdrc.pt\/en\/wp-json\/wp\/v2\/product\/48741","targetHints":{"allow":["GET"]}}],"collection":[{"href":"https:\/\/www.ccdrc.pt\/en\/wp-json\/wp\/v2\/product"}],"about":[{"href":"https:\/\/www.ccdrc.pt\/en\/wp-json\/wp\/v2\/types\/product"}],"wp:featuredmedia":[{"embeddable":true,"href":"https:\/\/www.ccdrc.pt\/en\/wp-json\/wp\/v2\/media\/48012"}],"wp:attachment":[{"href":"https:\/\/www.ccdrc.pt\/en\/wp-json\/wp\/v2\/media?parent=48741"}],"wp:term":[{"taxonomy":"product_brand","embeddable":true,"href":"https:\/\/www.ccdrc.pt\/en\/wp-json\/wp\/v2\/product_brand?post=48741"},{"taxonomy":"product_cat","embeddable":true,"href":"https:\/\/www.ccdrc.pt\/en\/wp-json\/wp\/v2\/product_cat?post=48741"},{"taxonomy":"product_tag","embeddable":true,"href":"https:\/\/www.ccdrc.pt\/en\/wp-json\/wp\/v2\/product_tag?post=48741"}],"curies":[{"name":"wp","href":"https:\/\/api.w.org\/{rel}","templated":true}]}}