{"id":48686,"date":"2024-01-08T16:01:01","date_gmt":"2024-01-08T16:01:01","guid":{"rendered":"https:\/\/www.ccdrc.pt\/produto\/composicao-e-distribuicao-das-estruturas-morfologicas-dos-aglomerados-no-territorio-beira-interior-norte-e-cova-da-beira\/"},"modified":"2024-01-08T16:01:01","modified_gmt":"2024-01-08T16:01:01","slug":"composicao-e-distribuicao-das-estruturas-morfologicas-dos-aglomerados-no-territorio-beira-interior-norte-e-cova-da-beira","status":"publish","type":"product","link":"https:\/\/www.ccdrc.pt\/en\/product\/composicao-e-distribuicao-das-estruturas-morfologicas-dos-aglomerados-no-territorio-beira-interior-norte-e-cova-da-beira\/","title":{"rendered":"Composi\u00e7\u00e3o e Distribui\u00e7\u00e3o das Estruturas Morfol\u00f3gicas dos Aglomerados no Territ\u00f3rio &#8211; Beira Interior Norte e Cova da Beira"},"content":{"rendered":"<p><a href=\"https:\/\/www.ccdrc.pt\/wp-content\/uploads\/2023\/12\/estudo10.pdf\">Composi\u00e7\u00e3o e Distribui\u00e7\u00e3o das Estruturas Morfol\u00f3gicas dos Aglomerados no Territ\u00f3rio &#8211; Beira Interior Norte e Cova da Beira<\/a><\/p>","protected":false},"excerpt":{"rendered":"<p>Composi\u00e7\u00e3o e Distribui\u00e7\u00e3o das Estruturas Morfol\u00f3gicas dos Aglomerados no Territ\u00f3rio [&hellip;]<\/p>\n","protected":false},"featured_media":48023,"template":"","meta":{"_acf_changed":false,"_eb_attr":"","inline_featured_image":false,"iawp_total_views":0},"product_brand":[],"product_cat":[507],"product_tag":[],"class_list":{"0":"post-48686","1":"product","2":"type-product","3":"status-publish","4":"has-post-thumbnail","6":"product_cat-estudos-regionais","8":"first","9":"instock","10":"downloadable","11":"taxable","12":"shipping-taxable","13":"purchasable","14":"product-type-simple","15":"berocket_lgv_grid","16":"berocket_lgv_list_grid"},"acf":[],"_links":{"self":[{"href":"https:\/\/www.ccdrc.pt\/en\/wp-json\/wp\/v2\/product\/48686","targetHints":{"allow":["GET"]}}],"collection":[{"href":"https:\/\/www.ccdrc.pt\/en\/wp-json\/wp\/v2\/product"}],"about":[{"href":"https:\/\/www.ccdrc.pt\/en\/wp-json\/wp\/v2\/types\/product"}],"wp:featuredmedia":[{"embeddable":true,"href":"https:\/\/www.ccdrc.pt\/en\/wp-json\/wp\/v2\/media\/48023"}],"wp:attachment":[{"href":"https:\/\/www.ccdrc.pt\/en\/wp-json\/wp\/v2\/media?parent=48686"}],"wp:term":[{"taxonomy":"product_brand","embeddable":true,"href":"https:\/\/www.ccdrc.pt\/en\/wp-json\/wp\/v2\/product_brand?post=48686"},{"taxonomy":"product_cat","embeddable":true,"href":"https:\/\/www.ccdrc.pt\/en\/wp-json\/wp\/v2\/product_cat?post=48686"},{"taxonomy":"product_tag","embeddable":true,"href":"https:\/\/www.ccdrc.pt\/en\/wp-json\/wp\/v2\/product_tag?post=48686"}],"curies":[{"name":"wp","href":"https:\/\/api.w.org\/{rel}","templated":true}]}}