{"id":78523,"date":"2025-06-04T15:40:47","date_gmt":"2025-06-04T15:40:47","guid":{"rendered":"https:\/\/www.ccdrc.pt\/?page_id=78523"},"modified":"2025-07-08T13:59:09","modified_gmt":"2025-07-08T13:59:09","slug":"solucoes_para_empresas","status":"publish","type":"page","link":"https:\/\/www.ccdrc.pt\/en\/cr-inove\/solucoes_para_empresas\/","title":{"rendered":"Solu\u00e7\u00f5es para empresas"},"content":{"rendered":"<p><div class=\"fusion-fullwidth fullwidth-box fusion-builder-row-1 fusion-flex-container has-pattern-background has-mask-background breadcrumbs-container-div nonhundred-percent-fullwidth non-hundred-percent-height-scrolling fusion-sticky-container fusion-absolute-container fusion-absolute-position-small fusion-absolute-position-medium fusion-absolute-position-large\" style=\"--awb-border-radius-top-left:0px;--awb-border-radius-top-right:0px;--awb-border-radius-bottom-right:0px;--awb-border-radius-bottom-left:0px;--awb-margin-top-small:-44px;--awb-sticky-background-color:#ffffff !important;\" data-transition-offset=\"0\" data-sticky-offset=\"72px\" data-scroll-offset=\"0\" data-sticky-small-visibility=\"1\" data-sticky-medium-visibility=\"1\" data-sticky-large-visibility=\"1\" ><div class=\"fusion-builder-row fusion-row fusion-flex-align-items-flex-start\" style=\"max-width:1288px;margin-left: calc(-0% \/ 2 );margin-right: calc(-0% \/ 2 );\"><div class=\"fusion-layout-column fusion_builder_column fusion-builder-column-0 fusion_builder_column_1_1 1_1 fusion-flex-column mcbread\" style=\"--awb-bg-size:cover;--awb-width-large:100%;--awb-margin-top-large:0px;--awb-spacing-right-large:0%;--awb-margin-bottom-large:0px;--awb-spacing-left-large:0%;--awb-width-medium:100%;--awb-order-medium:0;--awb-spacing-right-medium:0%;--awb-spacing-left-medium:0%;--awb-width-small:100%;--awb-order-small:0;--awb-spacing-right-small:0%;--awb-spacing-left-small:0%;\"><div class=\"fusion-column-wrapper fusion-column-has-shadow fusion-flex-justify-content-flex-start fusion-content-layout-column\"><div class=\"fusion-breadcrumbs fusion-breadcrumbs-1\" id=\"bar-siteMap\"><span class=\"fusion-breadcrumb-item\"><a href=\"https:\/\/www.ccdrc.pt\/en\" class=\"fusion-breadcrumb-link\"><span >Home<\/span><\/a><\/span><span class=\"fusion-breadcrumb-sep\">&amp;gt;<\/span><\/div>\n<style>\n\n.breadcrumbs-container-div.fusion-fullwidth.fullwidth-box.fusion-builder-row-8.fusion-flex-container.has-pattern-background.has-mask-background.breadcrumbs-container-div.nonhundred-percent-fullwidth.non-hundred-percent-height-scrolling {\n    max-width: 100% !important;\n    height: 72px !important;\n    border-bottom: 1px solid lightgray;\n    width: 100% !important;\n}\n.post-content > :nth-child(2) {\n  padding-top: 84px !important;\n}\n.fusion-fullwidth.fullwidth-box.fusion-builder-row-8.fusion-flex-container.has-pattern-background.has-mask-background.breadcrumbs-container-div.nonhundred-percent-fullwidth.non-hundred-percent-height-scrolling.fusion-sticky-container.fusion-sticky-transition.fusion-container-stuck{\n    margin-left: auto !important;\n    margin-right: auto !important;\n    max-width: 100% !important;\n    top: 72px;\n    width: 100% !important;\n}\n.fusion-fullwidth.fullwidth-box.fusion-builder-row-9.fusion-flex-container.has-pattern-background.has-mask-background.ssitemap.nonhundred-percent-fullwidth.non-hundred-percent-height-scrolling:has(.mcbread) {\n  max-width: 1288px !important;\n}\n.fusion-builder-row.fusion-row.fusion-flex-align-items-flex-start {\n    max-width: 1288px !important;\n    margin-left: calc(-0% \/ 2);\n    margin-right: calc(-0% \/ 2);\n}\n.fusion-column-wrapper.fusion-column-has-shadow.fusion-flex-justify-content-space-between.fusion-content-layout-row.fusion-flex-align-items-center {\n   display: none;\n}\n#main .fusion-builder-row.fusion-row.fusion-flex-align-items-flex-start{\nmax-width:1288px !important;\n}\n.fusion-fullwidth.fullwidth-box.fusion-builder-row-8.fusion-flex-container.has-pattern-background.has-mask-background.breadcrumbs-container-div.nonhundred-percent-fullwidth.non-hundred-percent-height-scrolling.fusion-sticky-container{\ndisplay:flex;\nalign-items:center;\n}\n.fusion-fullwidth.fullwidth-box.fusion-builder-row-9.fusion-flex-container.has-pattern-background.has-mask-background.ssitemap.nonhundred-percent-fullwidth.non-hundred-percent-height-scrolling{\npadding: 0px !important;\n}\n.fusion-fullwidth.fullwidth-box.fusion-builder-row-8.fusion-flex-container.has-pattern-background.has-mask-background.breadcrumbs-container-div.nonhundred-percent-fullwidth.non-hundred-percent-height-scrolling.fusion-sticky-container{\nmargin-top:12px;\n}\n.fusion-fullwidth.fullwidth-box.fusion-builder-row-8.fusion-flex-container.has-pattern-background.has-mask-background.breadcrumbs-container-div.nonhundred-percent-fullwidth.non-hundred-percent-height-scrolling.fusion-sticky-container.fusion-container-stuck.fusion-sticky-transition{\n    margin-left: -32px !important;\n    border-bottom: 1px solid lightgray;\n    margin-top:0px !important;\n}\n@media (min-width: 640px) and  (max-width:1024px){\n.fusion-fullwidth.fullwidth-box.fusion-builder-row-8.fusion-flex-container.has-pattern-background.has-mask-background.breadcrumbs-container-div.nonhundred-percent-fullwidth.non-hundred-percent-height-scrolling.fusion-sticky-container{\n    margin-top: 42px !important;\n}\n.fusion-fullwidth.fullwidth-box.fusion-builder-row-8.fusion-flex-container.has-pattern-background.has-mask-background.breadcrumbs-container-div.nonhundred-percent-fullwidth.non-hundred-percent-height-scrolling.fusion-sticky-container.fusion-container-stuck.fusion-sticky-transition {\n    padding-left: 32px !important;\n    border-bottom: 1px solid lightgray;\n    margin-top: 103px !important;\n    width:100% !important;\n}\n}\n@media (max-width: 640px) {\n.fusion-column-wrapper.fusion-column-has-shadow.fusion-flex-justify-content-space-between.fusion-content-layout-row.fusion-flex-align-items-center {\n   display: flex;\n}\n.fusion-fullwidth.fullwidth-box.fusion-builder-row-8.fusion-flex-container.has-pattern-background.has-mask-background.breadcrumbs-container-div.nonhundred-percent-fullwidth.non-hundred-percent-height-scrolling {\n    margin-top: 12px;\n    width: 100% !important;\n}\n#bar-siteMap{\ndisplay:flex;\nflex-direction: row;\njustify-content:start;\nalign-items:center;\n}\n.fusion-fullwidth.fullwidth-box.fusion-builder-row-8.fusion-flex-container.has-pattern-background.has-mask-background.breadcrumbs-container-div.nonhundred-percent-fullwidth.non-hundred-percent-height-scrolling.fusion-sticky-container.fusion-sticky-transition.fusion-container-stuck\n{\nmargin-right: -44px !important;\ntop: 132px !important;\nmargin-left:-16px !important;\nmargin-top:-6px !important;\n}\n.fusion-fullwidth.fullwidth-box.fusion-builder-row-8.fusion-flex-container.has-pattern-background.has-mask-background.breadcrumbs-container-div.nonhundred-percent-fullwidth.non-hundred-percent-height-scrolling.fusion-sticky-container.fusion-sticky-transition.fusion-container-stuck #bar-siteMap{\n padding-left: 20px;\n}\n}\n.breadcrumbs-separator-div{\nmin-width:100%;\nmax-width:100%;\nmargin: 0 -200px !important;\nborder-bottom:1px solid lightgray;\n}\n<\/style><\/div><\/div><\/div><\/div>\n<div class=\"fusion-fullwidth fullwidth-box fusion-builder-row-2 fusion-flex-container has-pattern-background has-mask-background container-site-max-width nonhundred-percent-fullwidth non-hundred-percent-height-scrolling fusion-no-small-visibility fusion-no-medium-visibility\" style=\"--awb-border-radius-top-left:0px;--awb-border-radius-top-right:0px;--awb-border-radius-bottom-right:0px;--awb-border-radius-bottom-left:0px;--awb-margin-top:0px;\" ><div class=\"fusion-builder-row fusion-row fusion-flex-align-items-flex-start fusion-flex-justify-content-space-evenly\" style=\"max-width:1288px;margin-left: calc(-0% \/ 2 );margin-right: calc(-0% \/ 2 );\"><div class=\"fusion-layout-column fusion_builder_column fusion-builder-column-1 fusion_builder_column_1_4 1_4 fusion-flex-column container-menu-consultations\" style=\"--awb-bg-size:cover;--awb-width-large:25%;--awb-margin-top-large:64px;--awb-spacing-right-large:0%;--awb-margin-bottom-large:0px;--awb-spacing-left-large:0%;--awb-width-medium:25%;--awb-order-medium:0;--awb-spacing-right-medium:0%;--awb-spacing-left-medium:0%;--awb-width-small:100%;--awb-order-small:0;--awb-spacing-right-small:0%;--awb-spacing-left-small:0%;\"><div class=\"fusion-column-wrapper fusion-column-has-shadow fusion-flex-justify-content-flex-start fusion-content-layout-column\"><div class=\"fusion-builder-row fusion-builder-row-inner fusion-row fusion-flex-align-items-flex-start fusion-flex-justify-content-space-evenly\" style=\"width:100% !important;max-width:100% !important;margin-left: calc(-0% \/ 2 );margin-right: calc(-0% \/ 2 );\"><div class=\"fusion-layout-column fusion_builder_column_inner fusion-builder-nested-column-0 fusion_builder_column_inner_1_1 1_1 fusion-flex-column menu-side-scrolling-full-page\" style=\"--awb-bg-size:cover;--awb-width-large:100%;--awb-margin-top-large:0px;--awb-spacing-right-large:0%;--awb-margin-bottom-large:0px;--awb-spacing-left-large:0%;--awb-width-medium:100%;--awb-order-medium:0;--awb-spacing-right-medium:0%;--awb-spacing-left-medium:0%;--awb-width-small:100%;--awb-order-small:0;--awb-spacing-right-small:0%;--awb-spacing-left-small:0%;\"><div class=\"fusion-column-wrapper fusion-column-has-shadow fusion-flex-justify-content-flex-start fusion-content-layout-column\"><div class=\"fusion-text fusion-text-1 fusion-text-no-margin\" style=\"--awb-font-size:16px;--awb-line-height:29px;--awb-text-color:#000000;--awb-margin-bottom:16px;--awb-text-font-family:&quot;Noto Sans&quot;;--awb-text-font-style:normal;--awb-text-font-weight:700;\"><p><strong>CR Inove<\/strong><\/p>\n<\/div><nav class=\"awb-menu awb-menu_column awb-menu_em-hover mobile-mode-collapse-to-button awb-menu_icons-left awb-menu_dc-yes mobile-trigger-fullwidth-off awb-menu_mobile-toggle awb-menu_indent-left mobile-size-full-absolute loading mega-menu-loading awb-menu_desktop awb-menu_dropdown awb-menu_expand-right awb-menu_transition-fade fusion-no-small-visibility fusion-no-medium-visibility scrollbar\" style=\"--awb-main-justify-content:flex-start;--awb-mobile-justify:flex-start;--awb-mobile-caret-left:auto;--awb-mobile-caret-right:0;--awb-fusion-font-family-typography:inherit;--awb-fusion-font-style-typography:normal;--awb-fusion-font-weight-typography:400;--awb-fusion-font-family-submenu-typography:inherit;--awb-fusion-font-style-submenu-typography:normal;--awb-fusion-font-weight-submenu-typography:400;--awb-fusion-font-family-mobile-typography:inherit;--awb-fusion-font-style-mobile-typography:normal;--awb-fusion-font-weight-mobile-typography:400;\" aria-label=\"Menu\" data-breakpoint=\"1024\" data-count=\"0\" data-transition-type=\"fade\" data-transition-time=\"300\" id=\"menu-area\"><button type=\"button\" class=\"awb-menu__m-toggle awb-menu__m-toggle_no-text\" aria-expanded=\"false\" aria-controls=\"menu-cr-inove\"><span class=\"awb-menu__m-toggle-inner\"><span class=\"collapsed-nav-text\"><span class=\"screen-reader-text\">Toggle Navigation<\/span><\/span><span class=\"awb-menu__m-collapse-icon awb-menu__m-collapse-icon_no-text\"><span class=\"awb-menu__m-collapse-icon-open awb-menu__m-collapse-icon-open_no-text fa-bars fas\"><\/span><span class=\"awb-menu__m-collapse-icon-close awb-menu__m-collapse-icon-close_no-text fa-times fas\"><\/span><\/span><\/span><\/button><ul id=\"menu-cr-inove\" class=\"fusion-menu awb-menu__main-ul awb-menu__main-ul_column\"><li  id=\"menu-item-77835\"  class=\"menu-item menu-item-type-post_type menu-item-object-page menu-item-77835 awb-menu__li awb-menu__main-li awb-menu__main-li_regular\"  data-item-id=\"77835\"><span class=\"awb-menu__main-background-default awb-menu__main-background-default_fade\"><\/span><span class=\"awb-menu__main-background-active awb-menu__main-background-active_fade\"><\/span><a  href=\"https:\/\/www.ccdrc.pt\/en\/cr-inove\/\" class=\"awb-menu__main-a awb-menu__main-a_regular\"><span class=\"menu-text\">Home<\/span><\/a><\/li><li  id=\"menu-item-77836\"  class=\"menu-item menu-item-type-post_type menu-item-object-page menu-item-77836 awb-menu__li awb-menu__main-li awb-menu__main-li_regular\"  data-item-id=\"77836\"><span class=\"awb-menu__main-background-default awb-menu__main-background-default_fade\"><\/span><span class=\"awb-menu__main-background-active awb-menu__main-background-active_fade\"><\/span><a  href=\"https:\/\/www.ccdrc.pt\/en\/cr-inove\/cr-inove-saber-mais\/\" class=\"awb-menu__main-a awb-menu__main-a_regular\"><span class=\"menu-text\">Sobre o CR Inove<\/span><\/a><\/li><li  id=\"menu-item-78529\"  class=\"menu-item menu-item-type-post_type menu-item-object-page menu-item-78529 awb-menu__li awb-menu__main-li awb-menu__main-li_regular\"  data-item-id=\"78529\"><span class=\"awb-menu__main-background-default awb-menu__main-background-default_fade\"><\/span><span class=\"awb-menu__main-background-active awb-menu__main-background-active_fade\"><\/span><a  href=\"https:\/\/www.ccdrc.pt\/en\/cr-inove\/solucoes_para_empresas\/\" class=\"awb-menu__main-a awb-menu__main-a_regular\"><span class=\"menu-text\">Solu\u00e7\u00f5es para empresas<\/span><\/a><\/li><li  id=\"menu-item-78015\"  class=\"menu-item menu-item-type-post_type menu-item-object-page menu-item-78015 awb-menu__li awb-menu__main-li awb-menu__main-li_regular\"  data-item-id=\"78015\"><span class=\"awb-menu__main-background-default awb-menu__main-background-default_fade\"><\/span><span class=\"awb-menu__main-background-active awb-menu__main-background-active_fade\"><\/span><a  href=\"https:\/\/www.ccdrc.pt\/en\/cr-inove\/transferencia-de-tecnologia\/\" class=\"awb-menu__main-a awb-menu__main-a_regular\"><span class=\"menu-text\">Transfer\u00eancia de Tecnologia<\/span><\/a><\/li><li  id=\"menu-item-78544\"  class=\"menu-item menu-item-type-post_type menu-item-object-page menu-item-78544 awb-menu__li awb-menu__main-li awb-menu__main-li_regular\"  data-item-id=\"78544\"><span class=\"awb-menu__main-background-default awb-menu__main-background-default_fade\"><\/span><span class=\"awb-menu__main-background-active awb-menu__main-background-active_fade\"><\/span><a  href=\"https:\/\/www.ccdrc.pt\/en\/cr-inove\/desafios-empresariais\/\" class=\"awb-menu__main-a awb-menu__main-a_regular\"><span class=\"menu-text\">Resolu\u00e7\u00e3o de Desafios Empresariais<\/span><\/a><\/li><li  id=\"menu-item-78561\"  class=\"menu-item menu-item-type-post_type menu-item-object-page menu-item-78561 awb-menu__li awb-menu__main-li awb-menu__main-li_regular\"  data-item-id=\"78561\"><span class=\"awb-menu__main-background-default awb-menu__main-background-default_fade\"><\/span><span class=\"awb-menu__main-background-active awb-menu__main-background-active_fade\"><\/span><a  href=\"https:\/\/www.ccdrc.pt\/en\/cr-inove\/parcerias-e-networking\/\" class=\"awb-menu__main-a awb-menu__main-a_regular\"><span class=\"menu-text\">Parcerias e Networking<\/span><\/a><\/li><li  id=\"menu-item-78964\"  class=\"menu-item menu-item-type-custom menu-item-object-custom menu-item-78964 awb-menu__li awb-menu__main-li awb-menu__main-li_regular\"  data-item-id=\"78964\"><span class=\"awb-menu__main-background-default awb-menu__main-background-default_fade\"><\/span><span class=\"awb-menu__main-background-active awb-menu__main-background-active_fade\"><\/span><a  href=\"https:\/\/www.ccdrc.pt\/en\/contactos\/contactos-pivots\/\" class=\"awb-menu__main-a awb-menu__main-a_regular\"><span class=\"menu-text\">Contacts<\/span><\/a><\/li><\/ul><\/nav><\/div><\/div><\/div><\/div><\/div><div class=\"fusion-layout-column fusion_builder_column fusion-builder-column-2 fusion_builder_column_3_4 3_4 fusion-flex-column\" style=\"--awb-bg-size:cover;--awb-width-large:75%;--awb-margin-top-large:64px;--awb-spacing-right-large:0%;--awb-margin-bottom-large:0px;--awb-spacing-left-large:0%;--awb-width-medium:75%;--awb-order-medium:0;--awb-spacing-right-medium:0%;--awb-spacing-left-medium:0%;--awb-width-small:100%;--awb-order-small:0;--awb-spacing-right-small:0%;--awb-spacing-left-small:0%;\"><div class=\"fusion-column-wrapper fusion-column-has-shadow fusion-flex-justify-content-flex-start fusion-content-layout-column\"><div class=\"fusion-text fusion-text-2 fusion-text-no-margin\" style=\"--awb-font-size:20px;--awb-line-height:36px;--awb-text-color:#636262;--awb-margin-bottom:4px;--awb-text-font-family:&quot;Noto Sans&quot;;--awb-text-font-style:normal;--awb-text-font-weight:400;\"><p>Catalisador Regional de Inova\u00e7\u00e3o<\/p>\n<\/div><div class=\"fusion-text fusion-text-3 fusion-text-no-margin\" style=\"--awb-font-size:32px;--awb-line-height:44px;--awb-text-color:#000000;--awb-margin-bottom:74px;--awb-text-font-family:&quot;Noto Sans&quot;;--awb-text-font-style:normal;--awb-text-font-weight:700;\"><h1 class=\"page-h1\">Solu\u00e7\u00f5es para Empresas<\/h1>\n<\/div><div class=\"fusion-builder-row fusion-builder-row-inner fusion-row fusion-flex-align-items-flex-start fusion-flex-justify-content-space-evenly\" style=\"width:100% !important;max-width:100% !important;margin-left: calc(-0% \/ 2 );margin-right: calc(-0% \/ 2 );\"><div class=\"fusion-layout-column fusion_builder_column_inner fusion-builder-nested-column-1 fusion_builder_column_inner_1_2 1_2 fusion-flex-column\" style=\"--awb-bg-size:cover;--awb-width-large:50%;--awb-margin-top-large:30px;--awb-spacing-right-large:4%;--awb-margin-bottom-large:0px;--awb-spacing-left-large:0%;--awb-width-medium:50%;--awb-order-medium:0;--awb-spacing-right-medium:4%;--awb-spacing-left-medium:0%;--awb-width-small:100%;--awb-order-small:0;--awb-spacing-right-small:0%;--awb-spacing-left-small:0%;\"><div class=\"fusion-column-wrapper fusion-column-has-shadow fusion-flex-justify-content-flex-start fusion-content-layout-column\"><div class=\"fusion-text fusion-text-4\" style=\"--awb-font-size:26px;--awb-text-color:#000000;\"><p><strong>O que fazemos<\/strong><\/p>\n<\/div><div class=\"fusion-text fusion-text-5\"><p>O CR Inove apoia as empresas <b>na identifica\u00e7\u00e3o de desafios e na procura de solu\u00e7\u00f5es inovadoras, <\/b>promovendo a liga\u00e7\u00e3o entre o setor empresarial e a rede de conhecimento da Regi\u00e3o Centro.<\/p>\n<\/div><div class=\"fusion-text fusion-text-6 fusion-text-no-margin\" style=\"--awb-font-size:26px;--awb-text-color:#000000;--awb-margin-top:50px;--awb-margin-bottom:20px;\"><p><strong>Como podemos ajudar?<\/strong><\/p>\n<\/div><div class=\"fusion-text fusion-text-7\"><ul>\n<li>Acesso a tecnologias e conhecimento aplicado<\/li>\n<li>Respostas a desafios tecnol\u00f3gicos e de inova\u00e7\u00e3o<\/li>\n<li>Liga\u00e7\u00e3o a entidades do Sistema Regional de Inova\u00e7\u00e3o<\/li>\n<li>Promo\u00e7\u00e3o de projetos colaborativos e solu\u00e7\u00f5es personalizadas<\/li>\n<\/ul>\n<\/div><\/div><\/div><div class=\"fusion-layout-column fusion_builder_column_inner fusion-builder-nested-column-2 fusion_builder_column_inner_1_2 1_2 fusion-flex-column\" style=\"--awb-bg-size:cover;--awb-width-large:50%;--awb-margin-top-large:30px;--awb-spacing-right-large:0%;--awb-margin-bottom-large:0px;--awb-spacing-left-large:4%;--awb-width-medium:50%;--awb-order-medium:0;--awb-spacing-right-medium:0%;--awb-spacing-left-medium:4%;--awb-width-small:100%;--awb-order-small:0;--awb-spacing-right-small:0%;--awb-spacing-left-small:0%;\"><div class=\"fusion-column-wrapper fusion-column-has-shadow fusion-flex-justify-content-flex-start fusion-content-layout-column\"><div class=\"fusion-text fusion-text-8\" style=\"--awb-font-size:26px;--awb-text-color:#000000;\"><p><strong>Parceiros<\/strong><b><br \/>\n<\/b><\/p>\n<\/div><div class=\"fusion-text fusion-text-9 fusion-text-no-margin\" style=\"--awb-margin-bottom:30px;\"><p>Recorrendo \u00e0 rede de universidades, polit\u00e9cnicos e centros de valoriza\u00e7\u00e3o tecnol\u00f3gica da Regi\u00e3o Centro, ajudamos a encontrar tecnologias, solu\u00e7\u00f5es e a&nbsp;desenvolver projetos colaborativos para impulsionar a competitividade e a inova\u00e7\u00e3o.<\/p>\n<p>&nbsp;<\/p>\n<\/div><div class=\"fusion-image-element\" style=\"--awb-margin-bottom:30px;--awb-caption-title-size:var(--h2_typography-font-size);--awb-caption-title-transform:var(--h2_typography-text-transform);--awb-caption-title-line-height:var(--h2_typography-line-height);--awb-caption-title-letter-spacing:var(--h2_typography-letter-spacing);\"><span class=\"fusion-imageframe imageframe-none imageframe-1 hover-type-none\"><img decoding=\"async\" width=\"3000\" height=\"2001\" title=\"empresass\" src=\"https:\/\/www.ccdrc.pt\/wp-content\/uploads\/2025\/06\/empresass-3000x2001.jpg\" alt class=\"img-responsive wp-image-77831\" srcset=\"https:\/\/www.ccdrc.pt\/wp-content\/uploads\/2025\/06\/empresass-200x133.jpg 200w, https:\/\/www.ccdrc.pt\/wp-content\/uploads\/2025\/06\/empresass-400x267.jpg 400w, https:\/\/www.ccdrc.pt\/wp-content\/uploads\/2025\/06\/empresass-600x400.jpg 600w, https:\/\/www.ccdrc.pt\/wp-content\/uploads\/2025\/06\/empresass-800x534.jpg 800w, https:\/\/www.ccdrc.pt\/wp-content\/uploads\/2025\/06\/empresass-1200x800.jpg 1200w\" sizes=\"(max-width: 640px) 100vw, 800px\" \/><\/span><\/div><\/div><\/div><\/div><div class=\"fusion-builder-row fusion-builder-row-inner fusion-row fusion-flex-align-items-flex-start fusion-flex-justify-content-space-evenly\" style=\"width:100% !important;max-width:100% !important;margin-left: calc(-0% \/ 2 );margin-right: calc(-0% \/ 2 );\"><div class=\"fusion-layout-column fusion_builder_column_inner fusion-builder-nested-column-3 fusion_builder_column_inner_1_1 1_1 fusion-flex-column\" style=\"--awb-padding-top:20px;--awb-padding-right:20px;--awb-padding-bottom:20px;--awb-padding-left:20px;--awb-bg-size:cover;--awb-width-large:100%;--awb-margin-top-large:40px;--awb-spacing-right-large:10px;--awb-margin-bottom-large:40px;--awb-spacing-left-large:0%;--awb-width-medium:100%;--awb-order-medium:0;--awb-spacing-right-medium:10px;--awb-spacing-left-medium:0%;--awb-width-small:100%;--awb-order-small:0;--awb-spacing-right-small:0%;--awb-spacing-left-small:0%;\"><div class=\"fusion-column-wrapper fusion-column-has-shadow fusion-flex-justify-content-flex-start fusion-content-layout-column\"><div ><a class=\"fusion-button button-flat button-medium button-default fusion-button-default button-1 fusion-button-default-span fusion-button-default-type\" target=\"_self\" href=\"https:\/\/www.ccdrc.pt\/en\/contactos\/contactos-pivots\/\"><i class=\"fa-user fas button-icon-left\" aria-hidden=\"true\"><\/i><span class=\"fusion-button-text\">Fale connosco e descubra como podemos apoiar a sua empresa<\/span><\/a><\/div><\/div><\/div><\/div><\/div><\/div><\/div><\/div><\/p>","protected":false},"excerpt":{"rendered":"","protected":false},"author":1456,"featured_media":0,"parent":74524,"menu_order":0,"comment_status":"closed","ping_status":"closed","template":"","meta":{"_acf_changed":false,"_eb_attr":"","inline_featured_image":false,"iawp_total_views":13,"footnotes":""},"class_list":["post-78523","page","type-page","status-publish","hentry"],"acf":[],"_links":{"self":[{"href":"https:\/\/www.ccdrc.pt\/en\/wp-json\/wp\/v2\/pages\/78523","targetHints":{"allow":["GET"]}}],"collection":[{"href":"https:\/\/www.ccdrc.pt\/en\/wp-json\/wp\/v2\/pages"}],"about":[{"href":"https:\/\/www.ccdrc.pt\/en\/wp-json\/wp\/v2\/types\/page"}],"author":[{"embeddable":true,"href":"https:\/\/www.ccdrc.pt\/en\/wp-json\/wp\/v2\/users\/1456"}],"replies":[{"embeddable":true,"href":"https:\/\/www.ccdrc.pt\/en\/wp-json\/wp\/v2\/comments?post=78523"}],"version-history":[{"count":35,"href":"https:\/\/www.ccdrc.pt\/en\/wp-json\/wp\/v2\/pages\/78523\/revisions"}],"predecessor-version":[{"id":80338,"href":"https:\/\/www.ccdrc.pt\/en\/wp-json\/wp\/v2\/pages\/78523\/revisions\/80338"}],"up":[{"embeddable":true,"href":"https:\/\/www.ccdrc.pt\/en\/wp-json\/wp\/v2\/pages\/74524"}],"wp:attachment":[{"href":"https:\/\/www.ccdrc.pt\/en\/wp-json\/wp\/v2\/media?parent=78523"}],"curies":[{"name":"wp","href":"https:\/\/api.w.org\/{rel}","templated":true}]}}