{"id":66081,"date":"2024-10-01T15:48:14","date_gmt":"2024-10-01T15:48:14","guid":{"rendered":"https:\/\/www.ccdrc.pt\/?page_id=66081"},"modified":"2026-04-08T14:45:16","modified_gmt":"2026-04-08T14:45:16","slug":"incendios-de-setembro-de-2024-na-regiao-centro","status":"publish","type":"page","link":"https:\/\/www.ccdrc.pt\/en\/incendios-de-setembro-de-2024-na-regiao-centro\/","title":{"rendered":"Inc\u00eandios de setembro de 2024 na Regi\u00e3o Centro"},"content":{"rendered":"<p><div class=\"fusion-fullwidth fullwidth-box fusion-builder-row-1 fusion-flex-container has-pattern-background has-mask-background fusion-parallax-none container-image nonhundred-percent-fullwidth non-hundred-percent-height-scrolling\" style=\"--awb-background-blend-mode:multiply;--awb-border-radius-top-left:0px;--awb-border-radius-top-right:0px;--awb-border-radius-bottom-right:0px;--awb-border-radius-bottom-left:0px;--awb-margin-top:0px;--awb-margin-bottom:0px;--awb-min-height:218px;--awb-background-image:url(&quot;https:\/\/www.ccdrc.pt\/wp-content\/uploads\/2025\/08\/banner-02-3000x428.png&quot;);--awb-background-size:cover;\" ><div class=\"fusion-builder-row fusion-row fusion-flex-align-items-flex-start fusion-flex-justify-content-center\" style=\"max-width:1288px;margin-left: calc(-0% \/ 2 );margin-right: calc(-0% \/ 2 );\"><div class=\"fusion-layout-column fusion_builder_column fusion-builder-column-0 fusion_builder_column_1_1 1_1 fusion-flex-column\" style=\"--awb-bg-size:cover;--awb-width-large:100%;--awb-margin-top-large:0px;--awb-spacing-right-large:0%;--awb-margin-bottom-large:0px;--awb-spacing-left-large:0%;--awb-width-medium:100%;--awb-order-medium:0;--awb-spacing-right-medium:0%;--awb-spacing-left-medium:0%;--awb-width-small:100%;--awb-order-small:0;--awb-spacing-right-small:0%;--awb-spacing-left-small:0%;\"><div class=\"fusion-column-wrapper fusion-column-has-shadow fusion-flex-justify-content-flex-start fusion-content-layout-column\"><\/div><\/div><\/div><\/div><div class=\"fusion-fullwidth fullwidth-box fusion-builder-row-2 fusion-flex-container nonhundred-percent-fullwidth non-hundred-percent-height-scrolling\" style=\"--awb-border-radius-top-left:0px;--awb-border-radius-top-right:0px;--awb-border-radius-bottom-right:0px;--awb-border-radius-bottom-left:0px;\" ><div class=\"fusion-builder-row fusion-row fusion-flex-align-items-flex-start\" style=\"max-width:1288px;margin-left: calc(-0% \/ 2 );margin-right: calc(-0% \/ 2 );\"><div class=\"fusion-layout-column fusion_builder_column fusion-builder-column-1 fusion_builder_column_1_1 1_1 fusion-flex-column\" style=\"--awb-bg-blend:overlay;--awb-bg-size:cover;--awb-width-large:100%;--awb-margin-top-large:0px;--awb-spacing-right-large:0%;--awb-margin-bottom-large:0px;--awb-spacing-left-large:0%;--awb-width-medium:100%;--awb-spacing-right-medium:0%;--awb-spacing-left-medium:0%;--awb-width-small:100%;--awb-spacing-right-small:0%;--awb-spacing-left-small:0%;\"><div class=\"fusion-column-wrapper fusion-flex-justify-content-flex-start fusion-content-layout-column\"><div class=\"fusion-text fusion-text-1\"><h3 style=\"font-size: 2rem !important; line-height: 5.5rem !important;\"><strong style=\"font-size: 2rem !important; line-height: 5.5rem !important;\">Inc\u00eandios 2024<br style=\"font-size: 2rem !important; line-height: 5.5rem !important;\" \/><\/strong><\/h3>\n<p style=\"font-size: 1rem !important; line-height: 1.72rem !important;\"><strong style=\"font-size: 1rem !important; line-height: 1.72rem !important;\">Medidas excecionais de apoio e mitiga\u00e7\u00e3o do impacto dos inc\u00eandios rurais a atribuir \u00e0s popula\u00e7\u00f5es, empresas, associa\u00e7\u00f5es e munic\u00edpios afetados.<\/strong><\/p>\n<p style=\"font-size: 1rem !important; line-height: 1.72rem !important;\"><a style=\"font-size: 1rem !important; line-height: 1.72rem !important;\" href=\"\/en\/sistema-de-apoio-a-reposicao-das-capacidades-produtivas-e-da-competitividade\/\"><strong style=\"font-size: 1rem !important; line-height: 1.72rem !important;\">Sistema de Apoio \u00e0 reposi\u00e7\u00e3o das capacidades produtivas e da Competitividade<\/strong><\/a><\/p>\n<p style=\"font-size: 1rem !important; line-height: 1.72rem !important;\"><a style=\"font-size: 1rem !important; line-height: 1.72rem !important;\" href=\"\/en\/linha-de-apoio-a-tesouraria-das-empresas-afetadas-pelos-incendios-2024\/\"><strong style=\"font-size: 1rem !important; line-height: 1.72rem !important;\">Linha de apoio \u00e0 tesouraria das empresas afetadas pelos inc\u00eandios 2024<\/strong><\/a><\/p>\n<p style=\"font-size: 1rem !important; line-height: 1.72rem !important;\"><strong style=\"font-size: 1rem !important; line-height: 1.72rem !important;\"><a style=\"font-size: 1rem !important; line-height: 1.72rem !important;\" href=\"\/en\/linha-de-apoio-regenerar-territorios-incendios-2024\/\">Linha de apoio regenerar territ\u00f3rios &#8211; inc\u00eandios 2024<\/a><\/strong><\/p>\n<p style=\"font-size: 1rem !important; line-height: 1.72rem !important;\"><span style=\"font-size: 1rem !important; line-height: 1.72rem !important;\" data-olk-copy-source=\"MessageBody\"><strong style=\"font-size: 1rem !important; line-height: 1.72rem !important;\">Plataforma de declara\u00e7\u00e3o de preju\u00edzos nas habita\u00e7\u00f5es \u2013 Inc\u00eandios 2024 &#8211; <span style=\"color: red; font-size: 1rem !important; line-height: 1.72rem !important;\">Encerrada <\/span><\/strong><\/span><\/p>\n<p style=\"font-size: 1rem !important; line-height: 1.72rem !important;\"><strong style=\"font-size: 1rem !important; line-height: 1.72rem !important;\">Plataforma de declara\u00e7\u00e3o de preju\u00edzos agr\u00edcolas \/ candidatura &#8211; Inc\u00eandios 2024 <span style=\"font-size: 1rem !important; line-height: 1.72rem !important;\" data-olk-copy-source=\"MessageBody\">&#8211; <span style=\"color: red; font-size: 1rem !important; line-height: 1.72rem !important;\">Encerrada<\/span><\/span><\/strong><\/p>\n<p style=\"font-size: 1rem !important; line-height: 1.72rem !important;\"><a style=\"font-size: 1rem !important; line-height: 1.72rem !important;\" href=\"\/en\/areas-de-atuacao\/administracao-local\/apoio-tecnico-e-financeiro\/fundo-de-emergencia-municipal-incendios-rurais-de-setembro-de-2024\/\"><strong style=\"font-size: 1rem !important; line-height: 1.72rem !important;\">Fundo de Emerg\u00eancia Municipal<\/strong><\/a><\/p>\n<div style=\"font-size: 1rem !important; line-height: 1.72rem !important;\">&#8211; <a style=\"font-size: 1rem !important; line-height: 1.72rem !important;\" href=\"\/wp-content\/uploads\/2025\/06\/FEM_pedido_comparticipacao_Incendios_set2024.xlsx\">Formul\u00e1rio de Pedido de Comparticipa\u00e7\u00e3o<\/a><\/div>\n<div style=\"font-size: 1rem !important; line-height: 1.72rem !important;\">&#8211; <a style=\"font-size: 1rem !important; line-height: 1.72rem !important;\" href=\"\/wp-content\/uploads\/2025\/06\/Modelo_PAINEL_FEM_Incendios2024.pptx\">Modelo de PAINEL<\/a><\/div>\n<div style=\"font-size: 1rem !important; line-height: 1.72rem !important;\">&nbsp;<\/div>\n<div>&nbsp;<\/div>\n<p style=\"font-size: 1rem !important; line-height: 1.72rem !important;\"><strong style=\"font-size: 1rem !important; line-height: 1.72rem !important;\">Apoios Financeiros para infraestruturas e bens m\u00f3veis sinistrados de pessoas coletivas de direito privado sem fins lucrativos &#8211; <span style=\"color: red; font-size: 1rem !important; line-height: 1.72rem !important;\">Terminados<\/span> <\/strong><\/p>\n<ul style=\"font-size: 1rem !important; line-height: 1.72rem !important;\">\n<li style=\"font-size: 1rem !important; line-height: 1.72rem !important;\">Comparticipa\u00e7\u00e3o a assumir pelo Estado: 100% da despesa eleg\u00edvel<\/li>\n<\/ul>\n<p style=\"font-size: 1rem !important; line-height: 1.72rem !important;\"><strong style=\"font-size: 1rem !important; line-height: 1.72rem !important;\">Apoios financeiros para substitui\u00e7\u00e3o de bens m\u00f3veis sinistrados &#8211; <span style=\"color: red; font-size: 1rem !important; line-height: 1.72rem !important;\">Terminados<\/span><\/strong><\/p>\n<ul style=\"font-size: 1rem !important; line-height: 1.72rem !important;\">\n<li style=\"font-size: 1rem !important; line-height: 1.72rem !important;\">Comparticipa\u00e7\u00e3o a assumir pelo Estado: 85% da despesa eleg\u00edvel.<strong>&nbsp;<\/strong><\/li>\n<\/ul>\n<p>&nbsp;<\/p>\n<p><a href=\"https:\/\/www.ccdrc.pt\/en\/areas-de-atuacao\/administracao-local\/apoio-tecnico-e-financeiro\/fundo-de-emergencia-municipal-incendios-rurais-de-setembro-de-2024\/\"><strong>Fundo de Emerg\u00eancia Municipal &#8211; Inc\u00eandios rurais de setembro de 2024<\/strong><\/a><\/p>\n<p><strong><br \/>\nLegislation<\/strong><\/p>\n<ul style=\"font-size: 1rem !important; line-height: 1.72rem !important;\">\n<li style=\"font-size: 1rem !important; line-height: 1.72rem !important;\"><a style=\"font-size: 1rem !important; line-height: 1.72rem !important;\" href=\"\/wp-content\/uploads\/2024\/10\/RCM_126_a_2024_declaracao_calamidade.pdf\">Resolu\u00e7\u00e3o do Conselho de Ministros n.\u00ba 126-A\/2024<\/a> &#8211; Declara a situa\u00e7\u00e3o de calamidade em territ\u00f3rio nacional por ocorr\u00eancia de grandes inc\u00eandios rurais e determina o levantamento de danos e a ado\u00e7\u00e3o de medidas de recupera\u00e7\u00e3o e apoio \u00e0s popula\u00e7\u00f5es, empresas, associa\u00e7\u00f5es, infraestruturas e patrim\u00f3nio agr\u00edcola e natural afetados.<\/li>\n<li style=\"font-size: 1rem !important; line-height: 1.72rem !important;\"><a style=\"font-size: 1rem !important; line-height: 1.72rem !important;\" href=\"\/wp-content\/uploads\/2024\/10\/RCM_130-A_2024.pdf\">Resolu\u00e7\u00e3o do Conselho de Ministros n.\u00ba 130-A\/2024<\/a> &#8211; Delimita o \u00e2mbito territorial a considerar para efeitos das medidas excecionais e apoios nos termos da Resolu\u00e7\u00e3o do Conselho de Ministros n.\u00ba 126-A\/2024, de 18 de setembro.<\/li>\n<li style=\"font-size: 1rem !important; line-height: 1.72rem !important;\"><a style=\"font-size: 1rem !important; line-height: 1.72rem !important;\" href=\"\/wp-content\/uploads\/2024\/10\/DL_59_A_2024.pdf\">Decreto-Lei n.\u00ba 59-A\/2024<\/a>&#8211; Estabelece medida s de apoio \u00e0s popula\u00e7\u00f5es afetadas pelos inc\u00eandios ocorridos em setembro de 2024.<\/li>\n<li style=\"font-size: 1rem !important; line-height: 1.72rem !important;\"><span class=\"heading1\" style=\"font-size: 1rem !important; line-height: 1.72rem !important;\" tabindex=\"0\" data-expression=\"\"><a style=\"font-size: 1rem !important; line-height: 1.72rem !important;\" href=\"\/wp-content\/uploads\/2024\/10\/despacho11463-B2024-de-27-de-setembro.pdf\">Despacho n.\u00ba 11463-B\/2024<\/a> &#8211; Reconhece como cat\u00e1strofe natural o conjunto de inc\u00eandios rurais ocorridos de 10 a 12 de agosto e de 3 a 20 de setembro de 2024 e concede um <strong style=\"font-size: 1rem !important; line-height: 1.72rem !important;\">apoio \u00e0 reconstitui\u00e7\u00e3o ou reposi\u00e7\u00e3o do potencial produtivo danificado<\/strong>.<br style=\"font-size: 1rem !important; line-height: 1.72rem !important;\" \/><\/span><\/li>\n<li style=\"font-size: 1rem !important; line-height: 1.72rem !important;\"><a style=\"font-size: 1rem !important; line-height: 1.72rem !important;\" href=\"\/wp-content\/uploads\/2024\/10\/Despacho-11684_B_2024_FEM.pdf\">Despacho n.\u00ba 11684-B\/2024<\/a> &#8211; <span style=\"font-size: 1rem !important; line-height: 1.72rem !important;\" data-olk-copy-source=\"MessageBody\">Autoriza a abertura de candidaturas ao Fundo de Emerg\u00eancia Municipal para <strong style=\"font-size: 1rem !important; line-height: 1.72rem !important;\">apoio \u00e0 reposi\u00e7\u00e3o e repara\u00e7\u00e3o de infraestruturas e equipamentos p\u00fablicos municipais<\/strong> de suporte \u00e0s popula\u00e7\u00f5es destru\u00eddos pelos inc\u00eandios rurais de setembro de 2024.<\/span><\/li>\n<li style=\"font-size: 1rem !important; line-height: 1.72rem !important;\"><a style=\"font-size: 1rem !important; line-height: 1.72rem !important;\" href=\"\/wp-content\/uploads\/2024\/10\/Declaracao-de-retificacao_37_2024_1_18out2024.pdf\">Declara\u00e7\u00e3o de Retifica\u00e7\u00e3o n.\u00ba 37\/2024\/1<\/a> &#8211; Retifica o Decreto-Lei n.\u00ba 59-A\/2024, de 27 de setembro, que estabelece medidas de apoio \u00e0s popula\u00e7\u00f5es afetadas pelos inc\u00eandios ocorridos em setembro de 2024.<\/li>\n<li style=\"font-size: 1rem !important; line-height: 1.72rem !important;\"><a style=\"font-size: 1rem !important; line-height: 1.72rem !important;\" href=\"\/wp-content\/uploads\/2024\/10\/Portaria_277_A_2024_1.pdf\">Portaria n.\u00ba 277-A\/2024\/1<\/a> &#8211; Aprova o regulamento das linhas de apoio aos danos provocados pelos inc\u00eandios.<\/li>\n<li style=\"font-size: 1rem !important; line-height: 1.72rem !important;\"><a style=\"font-size: 1rem !important; line-height: 1.72rem !important;\" href=\"\/wp-content\/uploads\/2024\/10\/Portaria_279_2024_1_29out2024.pdf\">Portaria n.\u00ba 279\/2024\/1 &#8211; <\/a>Regulamenta, em mat\u00e9ria de habita\u00e7\u00e3o, o Decreto-Lei n.\u00ba 59-A\/2024, de 27 de setembro, que estabelece as medidas de apoio a conceder \u00e0s popula\u00e7\u00f5es afetadas pelos inc\u00eandios de setembro de 2024<\/li>\n<li style=\"font-size: 1rem !important; line-height: 1.72rem !important;\"><a style=\"font-size: 1rem !important; line-height: 1.72rem !important;\" href=\"\/wp-content\/uploads\/2024\/11\/Lei-n.o39_2024.pdf\">Lei n.\u00ba 39\/2024<\/a> &#8211; Estabelece medidas de apoio \u00e0s popula\u00e7\u00f5es afetadas pelos inc\u00eandios ocorridos em \u00adsetembro de 2024.<\/li>\n<li style=\"font-size: 1rem !important; line-height: 1.72rem !important;\"><a style=\"font-size: 1rem !important; line-height: 1.72rem !important;\" href=\"\/wp-content\/uploads\/2024\/12\/Decreto-Lei-n.o-4_2023-_-DR.pdf\">Decreto-Lei n.\u00ba 4\/2023 <\/a>&#8211; Aprova o Sistema de Apoio \u00e0 Reposi\u00e7\u00e3o das Capacidades Produtivas e da Competitividade<\/li>\n<li style=\"font-size: 1rem !important; line-height: 1.72rem !important;\"><a style=\"font-size: 1rem !important; line-height: 1.72rem !important;\" href=\"\/wp-content\/uploads\/2024\/12\/Dec.-Lei-88-2024-14-de-novembro.pdf\">Decreto-Lei n.\u00ba 88\/2024, de 14 de novembro<\/a> &#8211; Altera o Decreto-Lei n.\u00ba 4\/2023, de 11 de janeiro, que aprova o Sistema de Apoio \u00e0 Reposi\u00e7\u00e3o das Capacidades Produtivas e da Competitividade, com o intuito de refor\u00e7ar o apoio a empresas afetadas por situa\u00e7\u00f5es de calamidade;<\/li>\n<li style=\"font-size: 1rem !important; line-height: 1.72rem !important;\"><span style=\"font-size: 1rem !important; line-height: 1.72rem !important;\" data-olk-copy-source=\"MessageBody\"><a style=\"font-size: 1rem !important; line-height: 1.72rem !important;\" href=\"\/wp-content\/uploads\/2024\/12\/Portaria-n.o-312-2024-1-de-4-de-dezembro.pdf\">Portaria n.\u00ba 312\/2024, de 4 de dezembro<\/a> &#8211; Atividades Econ\u00f3micas &#8211; Procede \u00e0 primeira altera\u00e7\u00e3o \u00e0 Portaria n.\u00ba 277-A\/2024\/1, de 25 de outubro, que aprova o regulamento das linhas de apoio aos danos provocados pelos inc\u00eandios que deflagraram em setembro de 2024<\/span><\/li>\n<li style=\"font-size: 1rem !important; line-height: 1.72rem !important;\"><a style=\"font-size: 1rem !important; line-height: 1.72rem !important;\" href=\"\/wp-content\/uploads\/2025\/01\/Despacho_239_2025.pdf\">Despacho 239\/2025, de 7 de janeiro <\/a> &#8211; Autoriza a abertura de candidaturas ao Fundo de Emerg\u00eancia Municipal, por parte das freguesias identificadas pela Resolu\u00e7\u00e3o de Conselho de Ministros n.\u00ba 130-A\/2024, de 27 de setembro, e, pelos munic\u00edpios e freguesias posteriormente identificados como tendo sido afetados pelos inc\u00eandios rurais nas regi\u00f5es Centro e Norte de Portugal continental, de setembro de 2024.<\/li>\n<li style=\"font-size: 1rem !important; line-height: 1.72rem !important;\">\n<div class=\"x_elementToProof\" style=\"font-size: 1rem !important; line-height: 1.72rem !important;\"><a style=\"font-size: 1rem !important; line-height: 1.72rem !important;\" href=\"\/wp-content\/uploads\/2025\/01\/RCM-10-2025-1.pdf\">Resolu\u00e7\u00e3o do Conselho de Ministros n.\u00ba<\/a><a style=\"font-size: 1rem !important; line-height: 1.72rem !important;\" href=\"\/wp-content\/uploads\/2025\/01\/RCM-10-2025-1.pdf\"> 10\/2025, de 24 de janeiro<\/a>&#8211; Determina o alargamento do \u00e2mbito territorial a considerar para efeitos das medidas excecionais e apoios \u00e0s popula\u00e7\u00f5es afetadas pelos inc\u00eandios de setembro de 2024.<\/div>\n<\/li>\n<li style=\"font-size: 1rem !important; line-height: 1.72rem !important;\"><a style=\"font-size: 1rem !important; line-height: 1.72rem !important;\" href=\"\/wp-content\/uploads\/2025\/02\/Decreto_Lei_5_2025_10fev.pdf\">Decreto-Lei n.\u00ba 5\/2025, de 10 de fevereiro<\/a>, de 10 de fevereiro &#8211; Altera o Decreto-Lei n.\u00ba 59-A\/2024, de 27 de setembro, prorrogando o prazo para apresenta\u00e7\u00e3o de candidaturas \u00e0 concess\u00e3o de apoios \u00e0s popula\u00e7\u00f5es afetadas pelos inc\u00eandios de setembro de 2024 <strong style=\"font-size: 1rem !important; line-height: 1.72rem !important;\">(prorroga\u00e7\u00e3o do prazo de submiss\u00e3o de candidaturas).<\/strong><\/li>\n<li style=\"font-size: 1rem !important; line-height: 1.72rem !important;\"><a style=\"font-size: 1rem !important; line-height: 1.72rem !important;\" href=\"\/wp-content\/uploads\/2025\/02\/Portaria_45_2025_1_20fev.pdf\">Portaria n.\u00ba 45\/2025\/1, de 20 de fevereiro<\/a> &#8211; Altera a Portaria n.\u00ba 279\/2024\/1, de 29 de outubro, prorrogando o prazo para apresenta\u00e7\u00e3o de candidaturas \u00e0 concess\u00e3o de apoios, em mat\u00e9ria de habita\u00e7\u00e3o, \u00e0s popula\u00e7\u00f5es afetadas pelos inc\u00eandios de setembro de 2024<\/li>\n<li style=\"font-size: 1rem !important; line-height: 1.72rem !important;\"><a style=\"font-size: 1rem !important; line-height: 1.72rem !important;\" href=\"\/wp-content\/uploads\/2025\/02\/Lei_13_2025_20fev.pdf\">Lei n.\u00ba 13\/2025, de 20 de fevereiro<\/a> &#8211; Refor\u00e7a medidas extraordin\u00e1rias de apoio \u00e0s popula\u00e7\u00f5es afetadas pelos inc\u00eandios rurais ocorridos em setembro de 2024, alterando o Decreto-Lei n.\u00ba 59-A\/2024, de 27 de setembro.<\/li>\n<\/ul>\n<p style=\"font-size: 1rem !important; line-height: 1.72rem !important;\">&nbsp;<\/p>\n<\/div><\/div><\/div><\/div><\/div><\/p>","protected":false},"excerpt":{"rendered":"","protected":false},"author":1451,"featured_media":0,"parent":0,"menu_order":0,"comment_status":"closed","ping_status":"closed","template":"","meta":{"_acf_changed":false,"_eb_attr":"","inline_featured_image":false,"iawp_total_views":77,"footnotes":""},"class_list":["post-66081","page","type-page","status-publish","hentry"],"acf":[],"_links":{"self":[{"href":"https:\/\/www.ccdrc.pt\/en\/wp-json\/wp\/v2\/pages\/66081","targetHints":{"allow":["GET"]}}],"collection":[{"href":"https:\/\/www.ccdrc.pt\/en\/wp-json\/wp\/v2\/pages"}],"about":[{"href":"https:\/\/www.ccdrc.pt\/en\/wp-json\/wp\/v2\/types\/page"}],"author":[{"embeddable":true,"href":"https:\/\/www.ccdrc.pt\/en\/wp-json\/wp\/v2\/users\/1451"}],"replies":[{"embeddable":true,"href":"https:\/\/www.ccdrc.pt\/en\/wp-json\/wp\/v2\/comments?post=66081"}],"version-history":[{"count":127,"href":"https:\/\/www.ccdrc.pt\/en\/wp-json\/wp\/v2\/pages\/66081\/revisions"}],"predecessor-version":[{"id":88310,"href":"https:\/\/www.ccdrc.pt\/en\/wp-json\/wp\/v2\/pages\/66081\/revisions\/88310"}],"wp:attachment":[{"href":"https:\/\/www.ccdrc.pt\/en\/wp-json\/wp\/v2\/media?parent=66081"}],"curies":[{"name":"wp","href":"https:\/\/api.w.org\/{rel}","templated":true}]}}