{"id":44592,"date":"2023-12-11T17:07:46","date_gmt":"2023-12-11T17:07:46","guid":{"rendered":"https:\/\/www.ccdrc.pt\/?page_id=44592"},"modified":"2024-07-08T16:28:06","modified_gmt":"2024-07-08T16:28:06","slug":"acessibilidade","status":"publish","type":"page","link":"https:\/\/www.ccdrc.pt\/en\/acessibilidade\/","title":{"rendered":"Declara\u00e7\u00e3o de Acessibilidade e Usabilidade"},"content":{"rendered":"<div class=\"fusion-fullwidth fullwidth-box fusion-builder-row-1 fusion-flex-container nonhundred-percent-fullwidth non-hundred-percent-height-scrolling\" style=\"--awb-border-radius-top-left:0px;--awb-border-radius-top-right:0px;--awb-border-radius-bottom-right:0px;--awb-border-radius-bottom-left:0px;\" ><div class=\"fusion-builder-row fusion-row fusion-flex-align-items-flex-start\" style=\"max-width:1288px;margin-left: calc(-0% \/ 2 );margin-right: calc(-0% \/ 2 );\"><div class=\"fusion-layout-column fusion_builder_column fusion-builder-column-0 fusion_builder_column_1_1 1_1 fusion-flex-column\" style=\"--awb-bg-blend:overlay;--awb-bg-size:cover;--awb-width-large:100%;--awb-margin-top-large:0px;--awb-spacing-right-large:0%;--awb-margin-bottom-large:0px;--awb-spacing-left-large:0%;--awb-width-medium:100%;--awb-spacing-right-medium:0%;--awb-spacing-left-medium:0%;--awb-width-small:100%;--awb-spacing-right-small:0%;--awb-spacing-left-small:0%;\"><div class=\"fusion-column-wrapper fusion-flex-justify-content-flex-start fusion-content-layout-column\"><h1>Declara\u00e7\u00e3o de Acessibilidade e Usabilidade<\/h1>\n<p>\n\t\t\t\t\t\t\t\t\t\t\t\t<span class=\"mr mr-e-intro\"><span>A<\/span><\/span>\n\t\t\t\t\t\t\t\t\t\t\t\t<span class=\"mr mr-e-name\"><span>CCDRC<\/span><\/span>\n\t\t\t\t\t\t\t\t\t\t\t\tcompromete-se a disponibilizar\n\t\t\t\t\t\t\t\t\t\t\t\t<span class=\"mr mr-t-type\"><span class=\"target-type\">o s\u00edtio Web<\/span><\/span>\n\t\t\t\t\t\t\t\t\t\t\t\t<a href=\"https:\/\/www.ccdrc.pt\/en\/\" class=\"siteurl\"><span class=\"mr mr-t-desc\"><span class=\"target-name\">Comiss\u00e3o de Coordena\u00e7\u00e3o e Desenvolvimento Regional do Centro<\/span><\/span><\/a>, \n\t\t\t\t\t\t\t\t\t\t\t\tem conformidade com o Decreto-Lei n.\u00ba 83\/2018, de 19 de\n\t\t\t\t\t\t\t\t\t\t\t\toutubro, que transp\u00f5e a Diretiva (UE) 2016\/2102 do\n\t\t\t\t\t\t\t\t\t\t\t\tParlamento Europeu e do Conselho, relativa \u00e0\n\t\t\t\t\t\t\t\t\t\t\t\tacessibilidade dos s\u00edtios Web e das aplica\u00e7\u00f5es m\u00f3veis.\n\t\t\t\t\t\t\t\t\t\t<\/p>\n<h2 id=\"n1\">I. Estado de conformidade<\/h2>\n<p class=\"capFL\">\n\t\t\t\t\t\t\t\t\t\t\t\t\t<span class=\"target-type\">O s\u00edtio Web<\/span>\n\t\t\t\t\t\t\t\t\t\t\t\t\t<a href=\"https:\/\/www.ccdrc.pt\/en\/\" class=\"siteurl\"><span class=\"target-name\">Comiss\u00e3o de Coordena\u00e7\u00e3o e Desenvolvimento Regional do Centro<\/span><\/a>\n\t\t\t\t\t\t\t\t\t\t\t\t\td<span data-printfilter=\"lowerfirst\" class=\"lowFL\">a<\/span>\n\t\t\t\t\t\t\t\t\t\t\t\t\t<span>CCDRC<\/span> est\u00e1\n\t\t\t\t\t\t\t\t\t\t\t\t\t<span class=\"mr mr-conformance-status\"><span class=\"conformance-output\">plenamente conforme<\/span><\/span>\n\t\t\t\t\t\t\t\t\t\t\t\t\tpara com o Decreto-Lei n.\u00ba 83\/2018 de 19 de outubro.\n\t\t\t\t\t\t\t\t\t\t\t<\/p>\n<h2 id=\"n2\">\n\t\t\t\t\t\t\t\t\t\t\tII. Elabora\u00e7\u00e3o da presente declara\u00e7\u00e3o de acessibilidade e\n\t\t\t\t\t\t\t\t\t\t\tusabilidade\n\t\t\t\t\t\t\t\t\t\t<\/h2>\n<p>\n\t\t\t\t\t\t\t\t\t\t\tEsta declara\u00e7\u00e3o foi atualizada a\n\t\t\t\t\t\t\t\t\t\t\t<span class=\"mr mr-date\"><span>2024-07-08<\/span><\/span>.\n\t\t\t\t\t\t\t\t\t\t<\/p>\n<p>\n\t\t\t\t\t\t\t\t\t\t\tDe acordo com o artigo 9\u00ba do Decreto-Lei n.\u00ba 83\/2018, as entidades\n\t\t\t\t\t\t\t\t\t\t\tdevem adotar os procedimentos de monitoriza\u00e7\u00e3o a seguir\n\t\t\t\t\t\t\t\t\t\t\tapresentados. Os procedimentos A) e B) s\u00e3o obrigat\u00f3rios. O\n\t\t\t\t\t\t\t\t\t\t\tprocedimento C) \u00e9 recomendado.\n\t\t\t\t\t\t\t\t\t\t<\/p>\n<p>\n\t\t\t\t\t\t\t\t\t\t\t<strong>A. Avalia\u00e7\u00f5es autom\u00e1ticas levadas a efeito<\/strong>\n\t\t\t\t\t\t\t\t\t\t<\/p>\n<div class=\"mr mr-automatic-summary\"><ol><li>(2024-07-08). Relat\u00f3rio: <a href=\"https:\/\/observatorio.acessibilidade.gov.pt\/directories\/32\/1285\">CCDRC Relat\u00f3rio autom\u00e1tico<\/a><ul><li>Ferramenta utilizada: Observat\u00f3rio + Acessibility Monitor<\/li><li>Amostra: 51 p\u00e1ginas.<\/li><li>Principais resultados (sum\u00e1rio): Para al\u00e9m das p\u00e1ginas analisadas previamente pela AMA que j\u00e1 estavam acima de 9, foram analisadas as 25 p\u00e1ginas que se encontravam com menos de 9 valores. Estas p\u00e1ginas t\u00eam agora uma m\u00e9dia de 9.4 valores, sendo a com a pontua\u00e7\u00e3o mais alta 10 valores e a mais baixa 9.3 valores.<\/li><\/ul><\/li><\/ol><\/div>\n<p>\n\t\t\t\t\t\t\t\t\t\t\t<strong>B. Avalia\u00e7\u00f5es manuais levadas a efeito:<\/strong>\n\t\t\t\t\t\t\t\t\t\t<\/p>\n<div class=\"mr mr-manual-summary\"><ol><li>(2024-07-08). Relat\u00f3rio: <a href=\"https:\/\/www.ccdrc.pt\/wp-content\/uploads\/2024\/07\/CCRDC_Sintese_10_Aspetos_AMA.xlsx\">CCDRC Checklist \"10 aspetos funcionais\"<\/a><ul><li>Amostra: 14 p\u00e1ginas.<\/li><li>Principais resultados (heur\u00edsticas satisfeitas\/total heur\u00edsticas aplicadas): 20\/21<\/li><\/ul><\/li><li>(2024-07-08). Relat\u00f3rio: <a href=\"https:\/\/www.ccdrc.pt\/wp-content\/uploads\/2024\/07\/CCDRC_Sintese_Conteudo_AMA.xlsx\">CCDRC Checklist \"Conte\u00fado\"<\/a><ul><li>Amostra: 14 p\u00e1ginas.<\/li><li>Principais resultados (heur\u00edsticas satisfeitas\/total heur\u00edsticas aplicadas): 14\/17<\/li><\/ul><\/li><li>(2024-07-08). Relat\u00f3rio: <a href=\"https:\/\/www.ccdrc.pt\/wp-content\/uploads\/2024\/07\/CCDRC_Sintese_Transacao_AMA.xlsx\">CCDRC Checklist \"Transa\u00e7\u00e3o\"<\/a><ul><li>Amostra: 14 p\u00e1ginas.<\/li><li>Principais resultados (heur\u00edsticas satisfeitas\/total heur\u00edsticas aplicadas): 8\/10<\/li><\/ul><\/li><\/ol><\/div>\n<p>\n\t\t\t\t\t\t\t\t\t\t\t\t<strong>C. Testes de usabilidade com pessoas com\n\t\t\t\t\t\t\t\t\t\t\t\tdefici\u00eancia:<\/strong>\n\t\t\t\t\t\t\t\t\t\t<\/p>\n<p class=\"capFL\"><span class=\"target-type\">O s\u00edtio Web<\/span> ainda n\u00e3o foi alvo de testes com\n\t\t\t\t\t\t\t\t\t\t\t\tutilizadores com defici\u00eancia.\n\t\t\t\t\t\t\t\t\t\t<\/p>\n<h2 id=\"n3\">\n\t\t\t\t\t\t\t\t\t\t\tIII. Contacto e solicita\u00e7\u00e3o de informa\u00e7\u00e3o relativa\n\t\t\t\t\t\t\t\t\t\t\t<span class=\"target-type nType\">ao s\u00edtio Web<\/span>\n\t\t\t\t\t\t\t\t\t\t<\/h2>\n<p>\n\t\t\t\t\t\t\t\t\t\t\tPara contactar, enviar sugest\u00f5es, efetuar reclama\u00e7\u00f5es ou\n\t\t\t\t\t\t\t\t\t\t\tsolicitar informa\u00e7\u00e3o adicional relativamente aos conte\u00fados\n\t\t\t\t\t\t\t\t\t\t\te\/ou funcionalidades presentes n<span class=\"target-type\">o s\u00edtio Web<\/span>\n\t\t\t\t\t\t\t\t\t\t\td<span data-printfilter=\"lowerfirst\" class=\"lowFL\">a<\/span>\n\t\t\t\t\t\t\t\t\t\t\t<span>CCDRC<\/span>, utilize, por\n\t\t\t\t\t\t\t\t\t\t\tfavor, os seguintes meios:\n\t\t\t\t\t\t\t\t\t\t<\/p>\n<div class=\"mr mr-contacts\"><dl><dt>Correio eletr\u00f3nico<\/dt><dd>andre.diogo@caixamagica.pt<\/dd><\/dl><\/div>\n<h2 id=\"n4\">\n\t\t\t\t\t\t\t\t\t\t\tIV. Outras evid\u00eancias<!-- \/ esfor\u00e7os para tornar os conte\u00fados\n\t\t\t\t\t\t\t\t\t\t\t\t\t\t\tmais acess\u00edveis e mais us\u00e1veis-->\n\t\t\t\t\t\t\t\t\t\t<\/h2>\n<div><p>O s\u00edtio Web Comiss\u00e3o de Coordena\u00e7\u00e3o e Desenvolvimento Regional do Centro da CCDRC encontra-se certificado com o selo <span class=\"mr mr-seal\">Prata<\/span> de usabilidade e acessibilidade. A afixa\u00e7\u00e3o do selo Prata significa que o s\u00edtio Web Comiss\u00e3o de Coordena\u00e7\u00e3o e Desenvolvimento Regional do Centro:<\/p><ul><li>passa a lista de verifica\u00e7\u00e3o \u201cConte\u00fados\u201d<\/li><li>passa a bateria de testes de acessibilidade de uma ferramenta de valida\u00e7\u00e3o autom\u00e1tica comummente utilizada no mercado para a conformidade \u2018AA\u2019<\/li><li>passa a lista de verifica\u00e7\u00e3o \u201cTransa\u00e7\u00e3o\u201d<\/li><li>passa a lista de verifica\u00e7\u00e3o \u201c10 aspetos funcionais\u201d<\/li><\/ul><\/div>\n<p><\/p>\n<h2 id=\"n5\">\n\t\t\t\t\t\t\t\t\t\t\tV. Den\u00fancia de situa\u00e7\u00f5es de discrimina\u00e7\u00e3o\n\t\t\t\t\t\t\t\t\t\t<\/h2>\n<p>\n\t\t\t\t\t\t\t\t\t\t\tDe acordo com o n.\u00ba 1 do artigo 13.\u00ba do Decreto-Lei n.\u00ba 83\/2018, de\n\t\t\t\t\t\t\t\t\t\t\t19 de outubro, sempre que uma pessoa com defici\u00eancia seja\n\t\t\t\t\t\t\t\t\t\t\tobjeto de um tratamento menos favor\u00e1vel do que aquele que\n\t\t\t\t\t\t\t\t\t\t\t\u00e9, tenha sido ou venha a ser dado a outra pessoa em\n\t\t\t\t\t\t\t\t\t\t\tsitua\u00e7\u00e3o compar\u00e1vel, que consubstancie uma pr\u00e1tica\n\t\t\t\t\t\t\t\t\t\t\tdiscriminat\u00f3ria contra pessoas com defici\u00eancia, prevista e\n\t\t\t\t\t\t\t\t\t\t\tpunida nos termos do\n\t\t\t\t\t\t\t\t\t\t\t<a href=\"http:\/\/data.dre.pt\/eli\/lei\/46\/2006\/08\/28\/p\/dre\/pt\/html\">artigo 4.\u00ba da Lei n.\u00ba 46\/2006, de 28 de agosto<\/a>, pode, essa pessoa, apresentar queixa, de acordo com o\n\t\t\t\t\t\t\t\t\t\t\tdisposto no\n\t\t\t\t\t\t\t\t\t\t\t<a href=\"https:\/\/data.dre.pt\/eli\/dec-lei\/34\/2007\/02\/15\/p\/dre\/pt\/html\">Decreto-Lei n.\u00ba 34\/2007, de 15 de fevereiro<\/a>.\n\t\t\t\t\t\t\t\t\t\t<\/p>\n<p>\n\t\t\t\t\t\t\t\t\t\t\tO Instituto Nacional para a Reabilita\u00e7\u00e3o (INR, I.P.),\n\t\t\t\t\t\t\t\t\t\t\tdisponibiliza um\n\t\t\t\t\t\t\t\t\t\t\t<a href=\"http:\/\/www.inr.pt\/resultados-de-pesquisa\/-\/journal_content\/56\/11309\/45065?p_p_auth=wje2GjQi\">formul\u00e1rio para denunciar situa\u00e7\u00f5es de discrimina\u00e7\u00e3o<\/a>, encaminhando as queixas apresentadas \u00e0s entidades\n\t\t\t\t\t\t\t\t\t\t\tcompetentes. Anualmente, o INR, I.P. elabora um relat\u00f3rio\n\t\t\t\t\t\t\t\t\t\t\tanual sobre a aplica\u00e7\u00e3o da lei que pro\u00edbe e pune a\n\t\t\t\t\t\t\t\t\t\t\tdiscrimina\u00e7\u00e3o em raz\u00e3o da defici\u00eancia e da exist\u00eancia de\n\t\t\t\t\t\t\t\t\t\t\trisco agravado de sa\u00fade (Lei n.o 46\/2006, de 28 de\n\t\t\t\t\t\t\t\t\t\t\tagosto).\n\t\t\t\t\t\t\t\t\t\t<\/p>\n<hr aria-hidden=\"true\">\n<p>\n\t\t\t\t\t\t\t\t\t\t\tA presente Declara\u00e7\u00e3o de Acessibilidade e Usabilidade foi\n\t\t\t\t\t\t\t\t\t\t\tcriada com o aux\u00edlio do\n\t\t\t\t\t\t\t\t\t\t\t<a href=\"https:\/\/www.acessibilidade.gov.pt\/gerador\">Gerador WAI-Tools PT v1.5<\/a>, desenvolvido no \u00e2mbito do projeto\n\t\t\t\t\t\t\t\t\t\t\t<a href=\"https:\/\/w3.org\/WAI\/Tools\">WAI-Tools<\/a>, de cujo\n\t\t\t\t\t\t\t\t\t\t\tcons\u00f3rcio a AMA \u00e9 parte integrante. A Declara\u00e7\u00e3o foi\n\t\t\t\t\t\t\t\t\t\t\tconcebida em conformidade com o Decreto-Lei n.\u00ba 83\/2018, de 19 de\n\t\t\t\t\t\t\t\t\t\t\toutubro.\n\t\t\t\t\t\t\t\t\t<\/p><\/div><\/div><\/div><\/div>","protected":false},"excerpt":{"rendered":"","protected":false},"author":1,"featured_media":0,"parent":0,"menu_order":0,"comment_status":"closed","ping_status":"closed","template":"","meta":{"_acf_changed":false,"_eb_attr":"","inline_featured_image":false,"iawp_total_views":6,"footnotes":""},"class_list":["post-44592","page","type-page","status-publish","hentry"],"acf":[],"_links":{"self":[{"href":"https:\/\/www.ccdrc.pt\/en\/wp-json\/wp\/v2\/pages\/44592","targetHints":{"allow":["GET"]}}],"collection":[{"href":"https:\/\/www.ccdrc.pt\/en\/wp-json\/wp\/v2\/pages"}],"about":[{"href":"https:\/\/www.ccdrc.pt\/en\/wp-json\/wp\/v2\/types\/page"}],"author":[{"embeddable":true,"href":"https:\/\/www.ccdrc.pt\/en\/wp-json\/wp\/v2\/users\/1"}],"replies":[{"embeddable":true,"href":"https:\/\/www.ccdrc.pt\/en\/wp-json\/wp\/v2\/comments?post=44592"}],"version-history":[{"count":17,"href":"https:\/\/www.ccdrc.pt\/en\/wp-json\/wp\/v2\/pages\/44592\/revisions"}],"predecessor-version":[{"id":63126,"href":"https:\/\/www.ccdrc.pt\/en\/wp-json\/wp\/v2\/pages\/44592\/revisions\/63126"}],"wp:attachment":[{"href":"https:\/\/www.ccdrc.pt\/en\/wp-json\/wp\/v2\/media?parent=44592"}],"curies":[{"name":"wp","href":"https:\/\/api.w.org\/{rel}","templated":true}]}}