{"id":34396,"date":"2023-08-09T09:33:30","date_gmt":"2023-08-09T09:33:30","guid":{"rendered":"http:\/\/www.ccdrc.pt\/?page_id=34396"},"modified":"2025-07-08T15:15:11","modified_gmt":"2025-07-08T15:15:11","slug":"acesso-rapido-concurso-ideias-de-negocio-nas-escolas","status":"publish","type":"page","link":"https:\/\/www.ccdrc.pt\/en\/acesso-rapido-concurso-ideias-de-negocio-nas-escolas\/","title":{"rendered":"Acesso R\u00e1pido Concurso Ideias de Neg\u00f3cio nas Escolas"},"content":{"rendered":"<div class=\"fusion-fullwidth fullwidth-box fusion-builder-row-1 fusion-flex-container has-pattern-background has-mask-background nonhundred-percent-fullwidth non-hundred-percent-height-scrolling\" style=\"--awb-border-radius-top-left:0px;--awb-border-radius-top-right:0px;--awb-border-radius-bottom-right:0px;--awb-border-radius-bottom-left:0px;--awb-margin-top:120px;--awb-margin-bottom:160px;--awb-margin-top-medium:120px;--awb-margin-bottom-medium:120px;--awb-margin-top-small:64px;--awb-margin-bottom-small:70px;\" ><div class=\"fusion-builder-row fusion-row fusion-flex-align-items-flex-start\" style=\"max-width:1288px;margin-left: calc(-0% \/ 2 );margin-right: calc(-0% \/ 2 );\"><div class=\"fusion-layout-column fusion_builder_column fusion-builder-column-0 fusion_builder_column_1_1 1_1 fusion-flex-column\" style=\"--awb-bg-size:cover;--awb-width-large:100%;--awb-margin-top-large:0px;--awb-spacing-right-large:0%;--awb-margin-bottom-large:0px;--awb-spacing-left-large:0%;--awb-width-medium:100%;--awb-order-medium:0;--awb-spacing-right-medium:0%;--awb-spacing-left-medium:0%;--awb-width-small:100%;--awb-order-small:0;--awb-spacing-right-small:0%;--awb-spacing-left-small:0%;\" id=\"container-back-button\"><div class=\"fusion-column-wrapper fusion-column-has-shadow fusion-flex-justify-content-flex-start fusion-content-layout-column\"><button onclick=\"goBack()\"><svg width=\"14\" height=\"12\" viewbox=\"0 0 14 12\" fill=\"none\" xmlns=\"http:\/\/www.w3.org\/2000\/svg\"><path d=\"M1.03815 5.37239C0.690913 5.71947 0.690913 6.28314 1.03815 6.63023L5.48285 11.0729C5.83009 11.42 6.39401 11.42 6.74125 11.0729C7.08849 10.7259 7.08849 10.1622 6.74125 9.8151L3.81053 6.88846L12.3332 6.88846C12.8249 6.88846 13.2222 6.49139 13.2222 5.99992C13.2222 5.50844 12.8249 5.11138 12.3332 5.11138L3.81331 5.11138L6.73847 2.18474C7.08571 1.83766 7.08571 1.27399 6.73847 0.926901C6.39123 0.579815 5.82731 0.579815 5.48007 0.926902L1.03538 5.36961L1.03815 5.37239Z\" fill=\"#007B88\"\/><\/svg>Back<\/button>\n\n<script>\nfunction goBack() {\n  window.history.back();\n}\n<\/script><div class=\"fusion-text fusion-text-1 fusion-no-small-visibility fusion-text-no-margin\" style=\"--awb-font-size:32px;--awb-line-height:44px;--awb-text-color:#000000;--awb-margin-bottom:44px;--awb-text-font-family:&quot;Noto Sans&quot;;--awb-text-font-style:normal;--awb-text-font-weight:700;\"><h1 class=\"page-h1\">Concurso Ideias de Neg\u00f3cio nas Escolas<\/h1>\n<\/div><div class=\"fusion-text fusion-text-2 fusion-no-medium-visibility fusion-no-large-visibility fusion-text-no-margin\" style=\"--awb-font-size:24px;--awb-line-height:33px;--awb-text-color:#000000;--awb-margin-bottom:40px;--awb-text-font-family:&quot;Noto Sans&quot;;--awb-text-font-style:normal;--awb-text-font-weight:700;\"><p>Concurso Ideias de Neg\u00f3cio nas Escolas<\/p>\n<\/div><div class=\"fusion-post-cards fusion-post-cards-1 fusion-grid-archive details-files\" style=\"--awb-column-spacing:0px;--awb-dots-align:center;--awb-columns:1;--awb-filters-color:#007b88;--awb-active-filter-border-size:3px;--awb-filters-height:36px;--awb-row-spacing:0px;\"><ul class=\"fusion-grid fusion-grid-1 fusion-flex-align-items-flex-start fusion-grid-posts-cards\"><li class=\"fusion-layout-column fusion_builder_column fusion-builder-column-1 fusion-flex-column post-card fusion-grid-column fusion-post-cards-grid-column\" style=\"--awb-bg-blend:overlay;--awb-bg-size:cover;\"><div class=\"fusion-column-wrapper fusion-flex-justify-content-flex-start fusion-content-layout-column\"><div class=\"fusion-title title fusion-title-1 fusion-sep-none fusion-title-text fusion-title-size-two\"><h2 class=\"title-heading-left\" style=\"margin:0;\"><a href=\"https:\/\/www.ccdrc.pt\/en\/ccdrc-promove-concurso-regional-de-ideias-de-negocio-nas-escolas-3\/\" class=\"awb-custom-text-color awb-custom-text-hover-color\" target=\"_self\">CCDRC promove Concurso Regional de Ideias de Neg\u00f3cio nas Escolas<\/a><\/h2><\/div><style>\n#content .details-files li h2 a{\ndisplay:flex;\njustify-content:space-between;\ncolor:#474747;\nborder-bottom: 1px solid lightgray;\nline-height:29px;\npadding:24px;\nfont-weight:600;\nfont-size: 16px;\n}\n\n.details-files li h2 a span{\ndisplay:flex;\nalign-items:center;\ngap:16px;\nfont-weight: 600;\nfont-size:14px;\ncolor: var(--awb-link-color);\n}\n<\/style><\/div><\/li>\n<li class=\"fusion-layout-column fusion_builder_column fusion-builder-column-2 fusion-flex-column post-card fusion-grid-column fusion-post-cards-grid-column\" style=\"--awb-bg-blend:overlay;--awb-bg-size:cover;\"><div class=\"fusion-column-wrapper fusion-flex-justify-content-flex-start fusion-content-layout-column\"><div class=\"fusion-title title fusion-title-2 fusion-sep-none fusion-title-text fusion-title-size-two\"><h2 class=\"title-heading-left\" style=\"margin:0;\"><a href=\"https:\/\/www.ccdrc.pt\/en\/ccdrc-promove-final-regional-do-concurso-de-ideias-de-negocio-nas-escolas\/\" class=\"awb-custom-text-color awb-custom-text-hover-color\" target=\"_self\">CCDRC promove final regional do Concurso de Ideias de Neg\u00f3cio nas Escolas<\/a><\/h2><\/div><style>\n#content .details-files li h2 a{\ndisplay:flex;\njustify-content:space-between;\ncolor:#474747;\nborder-bottom: 1px solid lightgray;\nline-height:29px;\npadding:24px;\nfont-weight:600;\nfont-size: 16px;\n}\n\n.details-files li h2 a span{\ndisplay:flex;\nalign-items:center;\ngap:16px;\nfont-weight: 600;\nfont-size:14px;\ncolor: var(--awb-link-color);\n}\n<\/style><\/div><\/li>\n<li class=\"fusion-layout-column fusion_builder_column fusion-builder-column-3 fusion-flex-column post-card fusion-grid-column fusion-post-cards-grid-column\" style=\"--awb-bg-blend:overlay;--awb-bg-size:cover;\"><div class=\"fusion-column-wrapper fusion-flex-justify-content-flex-start fusion-content-layout-column\"><div class=\"fusion-title title fusion-title-3 fusion-sep-none fusion-title-text fusion-title-size-two\"><h2 class=\"title-heading-left\" style=\"margin:0;\"><a href=\"https:\/\/www.ccdrc.pt\/en\/ccdrc-promove-concurso-regional-de-ideias-de-negocio-nas-escolas1\/\" class=\"awb-custom-text-color awb-custom-text-hover-color\" target=\"_self\">CCDRC promove Concurso de Ideias de Neg\u00f3cio nas Escolas<\/a><\/h2><\/div><style>\n#content .details-files li h2 a{\ndisplay:flex;\njustify-content:space-between;\ncolor:#474747;\nborder-bottom: 1px solid lightgray;\nline-height:29px;\npadding:24px;\nfont-weight:600;\nfont-size: 16px;\n}\n\n.details-files li h2 a span{\ndisplay:flex;\nalign-items:center;\ngap:16px;\nfont-weight: 600;\nfont-size:14px;\ncolor: var(--awb-link-color);\n}\n<\/style><\/div><\/li>\n<li class=\"fusion-layout-column fusion_builder_column fusion-builder-column-4 fusion-flex-column post-card fusion-grid-column fusion-post-cards-grid-column\" style=\"--awb-bg-blend:overlay;--awb-bg-size:cover;\"><div class=\"fusion-column-wrapper fusion-flex-justify-content-flex-start fusion-content-layout-column\"><div class=\"fusion-title title fusion-title-4 fusion-sep-none fusion-title-text fusion-title-size-two\"><h2 class=\"title-heading-left\" style=\"margin:0;\"><a href=\"https:\/\/www.ccdrc.pt\/en\/ccdrc-promove-concurso-regional-de-ideias-de-negocio-nas-escolas-2\/\" class=\"awb-custom-text-color awb-custom-text-hover-color\" target=\"_self\">CCDRC promove Concurso Regional de Ideias de Neg\u00f3cio nas Escolas<\/a><\/h2><\/div><style>\n#content .details-files li h2 a{\ndisplay:flex;\njustify-content:space-between;\ncolor:#474747;\nborder-bottom: 1px solid lightgray;\nline-height:29px;\npadding:24px;\nfont-weight:600;\nfont-size: 16px;\n}\n\n.details-files li h2 a span{\ndisplay:flex;\nalign-items:center;\ngap:16px;\nfont-weight: 600;\nfont-size:14px;\ncolor: var(--awb-link-color);\n}\n<\/style><\/div><\/li>\n<li class=\"fusion-layout-column fusion_builder_column fusion-builder-column-5 fusion-flex-column post-card fusion-grid-column fusion-post-cards-grid-column\" style=\"--awb-bg-blend:overlay;--awb-bg-size:cover;\"><div class=\"fusion-column-wrapper fusion-flex-justify-content-flex-start fusion-content-layout-column\"><div class=\"fusion-title title fusion-title-5 fusion-sep-none fusion-title-text fusion-title-size-two\"><h2 class=\"title-heading-left\" style=\"margin:0;\"><a href=\"https:\/\/www.ccdrc.pt\/en\/walking-pal-vence-concurso-regional-de-ideias-de-negocio-nas-escolas\/\" class=\"awb-custom-text-color awb-custom-text-hover-color\" target=\"_self\">Walking Pal vence Concurso Regional de Ideias de Neg\u00f3cio nas escolas<\/a><\/h2><\/div><style>\n#content .details-files li h2 a{\ndisplay:flex;\njustify-content:space-between;\ncolor:#474747;\nborder-bottom: 1px solid lightgray;\nline-height:29px;\npadding:24px;\nfont-weight:600;\nfont-size: 16px;\n}\n\n.details-files li h2 a span{\ndisplay:flex;\nalign-items:center;\ngap:16px;\nfont-weight: 600;\nfont-size:14px;\ncolor: var(--awb-link-color);\n}\n<\/style><\/div><\/li>\n<li class=\"fusion-layout-column fusion_builder_column fusion-builder-column-6 fusion-flex-column post-card fusion-grid-column fusion-post-cards-grid-column\" style=\"--awb-bg-blend:overlay;--awb-bg-size:cover;\"><div class=\"fusion-column-wrapper fusion-flex-justify-content-flex-start fusion-content-layout-column\"><div class=\"fusion-title title fusion-title-6 fusion-sep-none fusion-title-text fusion-title-size-two\"><h2 class=\"title-heading-left\" style=\"margin:0;\"><a href=\"https:\/\/www.ccdrc.pt\/en\/ccdrc-promove-concurso-regional-de-ideias-de-negocio-nas-escolas\/\" class=\"awb-custom-text-color awb-custom-text-hover-color\" target=\"_self\">CCDRC promove Concurso de Ideias de Neg\u00f3cio nas Escolas<\/a><\/h2><\/div><style>\n#content .details-files li h2 a{\ndisplay:flex;\njustify-content:space-between;\ncolor:#474747;\nborder-bottom: 1px solid lightgray;\nline-height:29px;\npadding:24px;\nfont-weight:600;\nfont-size: 16px;\n}\n\n.details-files li h2 a span{\ndisplay:flex;\nalign-items:center;\ngap:16px;\nfont-weight: 600;\nfont-size:14px;\ncolor: var(--awb-link-color);\n}\n<\/style><\/div><\/li>\n<li class=\"fusion-layout-column fusion_builder_column fusion-builder-column-7 fusion-flex-column post-card fusion-grid-column fusion-post-cards-grid-column\" style=\"--awb-bg-blend:overlay;--awb-bg-size:cover;\"><div class=\"fusion-column-wrapper fusion-flex-justify-content-flex-start fusion-content-layout-column\"><div class=\"fusion-title title fusion-title-7 fusion-sep-none fusion-title-text fusion-title-size-two\"><h2 class=\"title-heading-left\" style=\"margin:0;\"><a href=\"https:\/\/www.ccdrc.pt\/en\/vence-concurso-regional-de-ideias-de-negocio-nas-escolas\/\" class=\"awb-custom-text-color awb-custom-text-hover-color\" target=\"_self\">Agrupamento de Escolas de Alcanena vence Concurso de Ideias de Neg\u00f3cio nas Escolas<\/a><\/h2><\/div><style>\n#content .details-files li h2 a{\ndisplay:flex;\njustify-content:space-between;\ncolor:#474747;\nborder-bottom: 1px solid lightgray;\nline-height:29px;\npadding:24px;\nfont-weight:600;\nfont-size: 16px;\n}\n\n.details-files li h2 a span{\ndisplay:flex;\nalign-items:center;\ngap:16px;\nfont-weight: 600;\nfont-size:14px;\ncolor: var(--awb-link-color);\n}\n<\/style><\/div><\/li>\n<li class=\"fusion-layout-column fusion_builder_column fusion-builder-column-8 fusion-flex-column post-card fusion-grid-column fusion-post-cards-grid-column\" style=\"--awb-bg-blend:overlay;--awb-bg-size:cover;\"><div class=\"fusion-column-wrapper fusion-flex-justify-content-flex-start fusion-content-layout-column\"><div class=\"fusion-title title fusion-title-8 fusion-sep-none fusion-title-text fusion-title-size-two\"><h2 class=\"title-heading-left\" style=\"margin:0;\"><a href=\"https:\/\/www.ccdrc.pt\/en\/ccdrc-promove-a-segunda-edicao-do-concurso-regional-de-ideias-de-negocio-nas-escolas\/\" class=\"awb-custom-text-color awb-custom-text-hover-color\" target=\"_self\">CCDRC promove a segunda edi\u00e7\u00e3o do Concurso de Ideias de Neg\u00f3cio nas Escolas<\/a><\/h2><\/div><style>\n#content .details-files li h2 a{\ndisplay:flex;\njustify-content:space-between;\ncolor:#474747;\nborder-bottom: 1px solid lightgray;\nline-height:29px;\npadding:24px;\nfont-weight:600;\nfont-size: 16px;\n}\n\n.details-files li h2 a span{\ndisplay:flex;\nalign-items:center;\ngap:16px;\nfont-weight: 600;\nfont-size:14px;\ncolor: var(--awb-link-color);\n}\n<\/style><\/div><\/li>\n<li class=\"fusion-layout-column fusion_builder_column fusion-builder-column-9 fusion-flex-column post-card fusion-grid-column fusion-post-cards-grid-column\" style=\"--awb-bg-blend:overlay;--awb-bg-size:cover;\"><div class=\"fusion-column-wrapper fusion-flex-justify-content-flex-start fusion-content-layout-column\"><div class=\"fusion-title title fusion-title-9 fusion-sep-none fusion-title-text fusion-title-size-two\"><h2 class=\"title-heading-left\" style=\"margin:0;\"><a href=\"https:\/\/www.ccdrc.pt\/en\/ccdrc-promove-concurso-regional-de-ideias-de-negocio\/\" class=\"awb-custom-text-color awb-custom-text-hover-color\" target=\"_self\">CCDRC promove Concurso de Ideias de Neg\u00f3cio nas Escolas<\/a><\/h2><\/div><style>\n#content .details-files li h2 a{\ndisplay:flex;\njustify-content:space-between;\ncolor:#474747;\nborder-bottom: 1px solid lightgray;\nline-height:29px;\npadding:24px;\nfont-weight:600;\nfont-size: 16px;\n}\n\n.details-files li h2 a span{\ndisplay:flex;\nalign-items:center;\ngap:16px;\nfont-weight: 600;\nfont-size:14px;\ncolor: var(--awb-link-color);\n}\n<\/style><\/div><\/li>\n<\/ul><\/div><\/div><\/div><\/div><\/div>","protected":false},"excerpt":{"rendered":"","protected":false},"author":3,"featured_media":0,"parent":0,"menu_order":0,"comment_status":"closed","ping_status":"closed","template":"","meta":{"_acf_changed":false,"_eb_attr":"","inline_featured_image":false,"iawp_total_views":0,"footnotes":""},"class_list":["post-34396","page","type-page","status-publish","hentry"],"acf":[],"_links":{"self":[{"href":"https:\/\/www.ccdrc.pt\/en\/wp-json\/wp\/v2\/pages\/34396","targetHints":{"allow":["GET"]}}],"collection":[{"href":"https:\/\/www.ccdrc.pt\/en\/wp-json\/wp\/v2\/pages"}],"about":[{"href":"https:\/\/www.ccdrc.pt\/en\/wp-json\/wp\/v2\/types\/page"}],"author":[{"embeddable":true,"href":"https:\/\/www.ccdrc.pt\/en\/wp-json\/wp\/v2\/users\/3"}],"replies":[{"embeddable":true,"href":"https:\/\/www.ccdrc.pt\/en\/wp-json\/wp\/v2\/comments?post=34396"}],"version-history":[{"count":12,"href":"https:\/\/www.ccdrc.pt\/en\/wp-json\/wp\/v2\/pages\/34396\/revisions"}],"predecessor-version":[{"id":80446,"href":"https:\/\/www.ccdrc.pt\/en\/wp-json\/wp\/v2\/pages\/34396\/revisions\/80446"}],"wp:attachment":[{"href":"https:\/\/www.ccdrc.pt\/en\/wp-json\/wp\/v2\/media?parent=34396"}],"curies":[{"name":"wp","href":"https:\/\/api.w.org\/{rel}","templated":true}]}}