{"id":3035,"date":"2023-03-28T08:34:50","date_gmt":"2023-03-28T08:34:50","guid":{"rendered":"http:\/\/www.ccdrc.pt\/?page_id=3035"},"modified":"2025-07-21T09:14:08","modified_gmt":"2025-07-21T09:14:08","slug":"mapas-da-regiao-centro","status":"publish","type":"page","link":"https:\/\/www.ccdrc.pt\/en\/regiao-centro\/mapas-da-regiao-centro\/","title":{"rendered":"Central Region Maps"},"content":{"rendered":"<p><div class=\"fusion-fullwidth fullwidth-box fusion-builder-row-1 fusion-flex-container has-pattern-background has-mask-background breadcrumbs-container-div nonhundred-percent-fullwidth non-hundred-percent-height-scrolling fusion-sticky-container\" style=\"--awb-border-radius-top-left:0px;--awb-border-radius-top-right:0px;--awb-border-radius-bottom-right:0px;--awb-border-radius-bottom-left:0px;--awb-sticky-background-color:#ffffff !important;\" data-transition-offset=\"0\" data-sticky-offset=\"72px\" data-scroll-offset=\"0\" data-sticky-small-visibility=\"1\" data-sticky-medium-visibility=\"1\" data-sticky-large-visibility=\"1\" ><div class=\"fusion-builder-row fusion-row fusion-flex-align-items-flex-start\" style=\"max-width:1288px;margin-left: calc(-0% \/ 2 );margin-right: calc(-0% \/ 2 );\"><div class=\"fusion-layout-column fusion_builder_column fusion-builder-column-0 fusion_builder_column_1_1 1_1 fusion-flex-column mcbread\" style=\"--awb-bg-size:cover;--awb-width-large:100%;--awb-margin-top-large:0px;--awb-spacing-right-large:0%;--awb-margin-bottom-large:0px;--awb-spacing-left-large:0%;--awb-width-medium:100%;--awb-order-medium:0;--awb-spacing-right-medium:0%;--awb-spacing-left-medium:0%;--awb-width-small:100%;--awb-order-small:0;--awb-spacing-right-small:0%;--awb-spacing-left-small:0%;\"><div class=\"fusion-column-wrapper fusion-column-has-shadow fusion-flex-justify-content-flex-start fusion-content-layout-column\"><div class=\"fusion-breadcrumbs fusion-breadcrumbs-1\" id=\"bar-siteMap\"><span class=\"fusion-breadcrumb-item\"><a href=\"https:\/\/www.ccdrc.pt\/en\" class=\"fusion-breadcrumb-link\"><span >Home<\/span><\/a><\/span><span class=\"fusion-breadcrumb-sep\">&amp;gt;<\/span><\/div>\n<style>\n.fusion-fullwidth.fullwidth-box.fusion-builder-row-9.fusion-flex-container.has-pattern-background.has-mask-background.ssitemap.nonhundred-percent-fullwidth.non-hundred-percent-height-scrolling{\nmargin-left:-100px;\nmargin-right: -100px;\n}\n\n.fusion-fullwidth.fullwidth-box.fusion-builder-row-8.fusion-flex-container.has-pattern-background.has-mask-background.breadcrumbs-container-div.nonhundred-percent-fullwidth.non-hundred-percent-height-scrolling {\n    max-width: var(--site-max-width) !important;\n    margin-right: auto !important;\n    margin-left: auto !important;\n    height: 72px !important;\n}\n}\n\n\n.fusion-fullwidth.fullwidth-box.fusion-builder-row-8.fusion-flex-container.has-pattern-background.has-mask-background.breadcrumbs-container-div.nonhundred-percent-fullwidth.non-hundred-percent-height-scrolling.fusion-sticky-container.fusion-sticky-transition.fusion-container-stuck{\nmin-width:100%;\n}\n\n\n.fusion-fullwidth.fullwidth-box.fusion-builder-row-8.fusion-flex-container.has-pattern-background.has-mask-background.breadcrumbs-container-div.nonhundred-percent-fullwidth.non-hundred-percent-height-scrolling.fusion-sticky-container.fusion-sticky-transition.fusion-container-stuck{\n    margin-left: auto !important;\n    margin-right: auto !important;\n    max-width: 100% !important;\n    position: fixed;\n    top: 72px;\n    width: 100% !important;\n}\n\n\n.fusion-fullwidth.fullwidth-box.fusion-builder-row-9.fusion-flex-container.has-pattern-background.has-mask-background.ssitemap.nonhundred-percent-fullwidth.non-hundred-percent-height-scrolling:has(.mcbread) {\n  max-width: 1288px !important;\n}\n\n.fusion-builder-row.fusion-row.fusion-flex-align-items-flex-start {\n    max-width: 1288px !important;\n    margin-left: calc(-0% \/ 2);\n    margin-right: calc(-0% \/ 2);\n}\n\n#main .fusion-builder-row.fusion-row.fusion-flex-align-items-flex-start{\nmax-width:1288px !important;\n}\n\n.fusion-fullwidth.fullwidth-box.fusion-builder-row-8.fusion-flex-container.has-pattern-background.has-mask-background.breadcrumbs-container-div.nonhundred-percent-fullwidth.non-hundred-percent-height-scrolling.fusion-sticky-container{\ndisplay:flex;\nalign-items:center;\n}\n\n.fusion-fullwidth.fullwidth-box.fusion-builder-row-9.fusion-flex-container.has-pattern-background.has-mask-background.ssitemap.nonhundred-percent-fullwidth.non-hundred-percent-height-scrolling{\npadding: 0px !important;\n}\n\n.fusion-fullwidth.fullwidth-box.fusion-builder-row-8.fusion-flex-container.has-pattern-background.has-mask-background.breadcrumbs-container-div.nonhundred-percent-fullwidth.non-hundred-percent-height-scrolling.fusion-sticky-container{\nmargin-top:12px;\n}\n.fusion-fullwidth.fullwidth-box.fusion-builder-row-8.fusion-flex-container.has-pattern-background.has-mask-background.breadcrumbs-container-div.nonhundred-percent-fullwidth.non-hundred-percent-height-scrolling.fusion-sticky-container.fusion-container-stuck.fusion-sticky-transition{\n    margin-left: -32px !important;\n    border-bottom: 1px solid lightgray;\n    margin-top:0px !important;\n}\n.fusion-column-wrapper.fusion-column-has-shadow.fusion-flex-justify-content-space-between.fusion-content-layout-row.fusion-flex-align-items-center {\n   display: none;\n}\n\n\n@media (min-width: 640px) and  (max-width:1024px){\n.fusion-fullwidth.fullwidth-box.fusion-builder-row-8.fusion-flex-container.has-pattern-background.has-mask-background.breadcrumbs-container-div.nonhundred-percent-fullwidth.non-hundred-percent-height-scrolling.fusion-sticky-container{\n    margin-top: 42px !important;\n}\n\n.fusion-fullwidth.fullwidth-box.fusion-builder-row-8.fusion-flex-container.has-pattern-background.has-mask-background.breadcrumbs-container-div.nonhundred-percent-fullwidth.non-hundred-percent-height-scrolling.fusion-sticky-container.fusion-container-stuck.fusion-sticky-transition {\n    padding-left: 32px !important;\n    border-bottom: 1px solid lightgray;\n    margin-top: 103px !important;\n    width:100% !important;\n}\n}\n\n@media (max-width: 640px) {\n.fusion-column-wrapper.fusion-column-has-shadow.fusion-flex-justify-content-space-between.fusion-content-layout-row.fusion-flex-align-items-center {\n   display: flex;\n}\n.fusion-fullwidth.fullwidth-box.fusion-builder-row-8.fusion-flex-container.has-pattern-background.has-mask-background.breadcrumbs-container-div.nonhundred-percent-fullwidth.non-hundred-percent-height-scrolling {\n    margin-top: 12px;\n    width: 100% !important;\n}\n#bar-siteMap{\ndisplay:flex;\nflex-direction: row;\njustify-content:start;\nalign-items:center;\n}\n\n.fusion-fullwidth.fullwidth-box.fusion-builder-row-8.fusion-flex-container.has-pattern-background.has-mask-background.breadcrumbs-container-div.nonhundred-percent-fullwidth.non-hundred-percent-height-scrolling.fusion-sticky-container.fusion-sticky-transition.fusion-container-stuck\n{\nmargin-right: -44px !important;\ntop: 132px !important;\nmargin-left:-16px !important;\nmargin-top:-6px !important;\n}\n\n.fusion-fullwidth.fullwidth-box.fusion-builder-row-8.fusion-flex-container.has-pattern-background.has-mask-background.breadcrumbs-container-div.nonhundred-percent-fullwidth.non-hundred-percent-height-scrolling.fusion-sticky-container.fusion-sticky-transition.fusion-container-stuck #bar-siteMap{\n padding-left: 20px;\n}\n}\n\n<\/style>\n\n<\/div><\/div><\/div><\/div>\n<div class=\"fusion-fullwidth fullwidth-box fusion-builder-row-2 fusion-flex-container has-pattern-background has-mask-background fusion-parallax-none container-image nonhundred-percent-fullwidth non-hundred-percent-height-scrolling\" style=\"--awb-background-blend-mode:multiply;--awb-border-radius-top-left:0px;--awb-border-radius-top-right:0px;--awb-border-radius-bottom-right:0px;--awb-border-radius-bottom-left:0px;--awb-min-height:418px;--awb-min-height-medium:319px;--awb-min-height-small:344px;--awb-background-color:rgba(0,0,0,0.5);--awb-background-image:url(&quot;http:\/\/www.ccdrc.pt\/wp-content\/uploads\/2023\/08\/geojango-maps-Z8UgB80_46w-unsplash-1.webp&quot;);--awb-background-size:cover;\" ><div class=\"fusion-builder-row fusion-row fusion-flex-align-items-center fusion-flex-justify-content-center\" style=\"max-width:1288px;margin-left: calc(-0% \/ 2 );margin-right: calc(-0% \/ 2 );\"><div class=\"fusion-layout-column fusion_builder_column fusion-builder-column-1 fusion_builder_column_1_1 1_1 fusion-flex-column fusion-flex-align-self-center\" style=\"--awb-bg-size:cover;--awb-width-large:100%;--awb-margin-top-large:0px;--awb-spacing-right-large:0%;--awb-margin-bottom-large:0px;--awb-spacing-left-large:0%;--awb-width-medium:100%;--awb-order-medium:0;--awb-spacing-right-medium:0%;--awb-spacing-left-medium:0%;--awb-width-small:100%;--awb-order-small:0;--awb-spacing-right-small:0%;--awb-spacing-left-small:0%;\"><div class=\"fusion-column-wrapper fusion-column-has-shadow fusion-flex-justify-content-center fusion-content-layout-column\"><div class=\"fusion-text fusion-text-1 fusion-text-no-margin\" style=\"--awb-font-size:20px;--awb-line-height:28px;--awb-text-color:#ffffff;--awb-margin-bottom:6px;--awb-text-font-family:&quot;Noto Sans&quot;;--awb-text-font-style:normal;--awb-text-font-weight:400;\"><h1 style=\"color: white; margin-top: 0px; margin-bottom: 0px; padding-top: 0px; padding-bottom: 0px; line-height: 36px; font-size: 22px; font-weight: 400; text-align: center;\">Central Region<\/h1>\n<\/div><div class=\"fusion-text fusion-text-2 fusion-no-small-visibility fusion-no-medium-visibility fusion-text-no-margin\" style=\"--awb-font-size:44px;--awb-line-height:60px;--awb-text-color:#ffffff;--awb-margin-bottom:0px;--awb-text-font-family:&quot;Noto Sans&quot;;--awb-text-font-style:normal;--awb-text-font-weight:700;\"><p style=\"text-align: center;\">Maps of the Region<\/p>\n<\/div><div class=\"fusion-text fusion-text-3 fusion-no-large-visibility fusion-text-no-margin\" style=\"--awb-font-size:32px;--awb-line-height:44px;--awb-text-color:#ffffff;--awb-margin-bottom:0px;--awb-text-font-family:&quot;Noto Sans&quot;;--awb-text-font-style:normal;--awb-text-font-weight:700;\"><p style=\"text-align: center;\">Maps of the Region<\/p>\n<\/div><\/div><\/div><\/div><\/div><div class=\"fusion-fullwidth fullwidth-box fusion-builder-row-3 fusion-flex-container has-pattern-background has-mask-background container-site-max-width-variant-media hundred-percent-fullwidth non-hundred-percent-height-scrolling\" style=\"--awb-border-radius-top-left:0px;--awb-border-radius-top-right:0px;--awb-border-radius-bottom-right:0px;--awb-border-radius-bottom-left:0px;--awb-padding-top:90px;--awb-padding-bottom:160px;--awb-padding-top-medium:70px;--awb-padding-bottom-medium:100px;--awb-padding-top-small:50px;--awb-padding-bottom-small:50px;\" ><div class=\"fusion-builder-row fusion-row fusion-flex-align-items-flex-start\" style=\"width:100% !important;max-width:100% !important;margin-left: calc(-0% \/ 2 );margin-right: calc(-0% \/ 2 );\"><div class=\"fusion-layout-column fusion_builder_column fusion-builder-column-2 fusion_builder_column_1_1 1_1 fusion-flex-column content-article\" style=\"--awb-bg-size:cover;--awb-width-large:100%;--awb-margin-top-large:0px;--awb-spacing-right-large:0%;--awb-margin-bottom-large:0px;--awb-spacing-left-large:0%;--awb-width-medium:100%;--awb-order-medium:0;--awb-spacing-right-medium:0%;--awb-spacing-left-medium:0%;--awb-width-small:100%;--awb-order-small:0;--awb-spacing-right-small:0%;--awb-spacing-left-small:0%;\"><div class=\"fusion-column-wrapper fusion-column-has-shadow fusion-flex-justify-content-flex-start fusion-content-layout-column\"><div class=\"fusion-text fusion-text-4\"><h2 style=\"text-align: justify;\">SCOPE OF ACTION OF CCDRC (77 MUNICIPALITIES)<\/h2>\n<p>Em termos da \u00e1rea de interven\u00e7\u00e3o da CCDRC (exceto no que se relaciona com a aplica\u00e7\u00e3o dos fundos estruturais), a regi\u00e3o Centro \u00e9 composta por 77 munic\u00edpios, distribu\u00eddos por seis Comunidades Intermunicipais (DL n.\u00ba 36\/2023, de 26 de maio).<\/p>\n<p>Esta organiza\u00e7\u00e3o territorial coincide com a vers\u00e3o de 2024 da Nomenclatura das Unidades Territoriais para Fins Estat\u00edsticos (NUTS 2024), em que a NUTS II Centro integra os mesmos 77 munic\u00edpios, agrupados em seis NUTS III (Regulamento Delegado (UE) 2023\/674 da Comiss\u00e3o Europeia, de 26 de dezembro de 2022).<\/p>\n<p>As seis sub-regi\u00f5es que integram o Centro s\u00e3o: Beira Baixa, Beiras e Serra da Estrela, Regi\u00e3o de Aveiro, Regi\u00e3o de Coimbra, Regi\u00e3o de Leiria e Viseu D\u00e3o Laf\u00f5es.<\/p>\n<\/div><div class=\"fusion-builder-row fusion-builder-row-inner fusion-row fusion-flex-align-items-flex-start\" style=\"width:100% !important;max-width:100% !important;margin-left: calc(-0% \/ 2 );margin-right: calc(-0% \/ 2 );\"><div class=\"fusion-layout-column fusion_builder_column_inner fusion-builder-nested-column-0 fusion_builder_column_inner_4_5 4_5 fusion-flex-column container-link\" style=\"--awb-bg-size:cover;--awb-width-large:80%;--awb-margin-top-large:0px;--awb-spacing-right-large:0%;--awb-margin-bottom-large:0px;--awb-spacing-left-large:0%;--awb-width-medium:80%;--awb-order-medium:0;--awb-spacing-right-medium:0%;--awb-spacing-left-medium:0%;--awb-width-small:100%;--awb-order-small:0;--awb-spacing-right-small:0%;--awb-spacing-left-small:0%;\"><div class=\"fusion-column-wrapper fusion-column-has-shadow fusion-flex-justify-content-flex-start fusion-content-layout-column\"><div class=\"fusion-text fusion-text-5\"><p><strong>Munic\u00edpios da Regi\u00e3o Centro \u00e2mbito da CCDRC (77 munic\u00edpios)<\/strong><\/p>\n<div class=\"wp-block-image\"><img decoding=\"async\" class=\"wpa-warning wpa-image-missing-alt alignnone wp-image-60975 size-full\" src=\"https:\/\/www.ccdrc.pt\/wp-content\/uploads\/2024\/06\/munic_rc77-9ea.jpg\" alt=\"Mapa dos Munic\u00edpios da Regi\u00e3o Centro\" width=\"650\" height=\"705\" srcset=\"https:\/\/www.ccdrc.pt\/wp-content\/uploads\/2024\/06\/munic_rc77-9ea-11x12.jpg 11w, https:\/\/www.ccdrc.pt\/wp-content\/uploads\/2024\/06\/munic_rc77-9ea-200x217.jpg 200w, https:\/\/www.ccdrc.pt\/wp-content\/uploads\/2024\/06\/munic_rc77-9ea-400x434.jpg 400w, https:\/\/www.ccdrc.pt\/wp-content\/uploads\/2024\/06\/munic_rc77-9ea-500x542.jpg 500w, https:\/\/www.ccdrc.pt\/wp-content\/uploads\/2024\/06\/munic_rc77-9ea-600x651.jpg 600w, https:\/\/www.ccdrc.pt\/wp-content\/uploads\/2024\/06\/munic_rc77-9ea.jpg 650w\" sizes=\"(max-width: 650px) 100vw, 650px\" \/><\/div>\n<p>&nbsp;<\/p>\n<p><strong>NUTS III 2024 \/ Comunidades Intermunicipais 2021-2027 (77 munic\u00edpios | 6 NUTS III\/CIM)<\/strong><\/p>\n<p><img decoding=\"async\" class=\"alignnone size-full wp-image-64267\" src=\"https:\/\/www.ccdrc.pt\/wp-content\/uploads\/2024\/07\/NUT-III-2024_CIM_77_com_municipios_-alterada.png\" alt=\"Mapa dos munic\u00edpios da Regi\u00e3o Centro \u00e2mbito da CCDRC (77 munic\u00edpios)\" width=\"850\" height=\"1202\" srcset=\"https:\/\/www.ccdrc.pt\/wp-content\/uploads\/2024\/07\/NUT-III-2024_CIM_77_com_municipios_-alterada-8x12.png 8w, https:\/\/www.ccdrc.pt\/wp-content\/uploads\/2024\/07\/NUT-III-2024_CIM_77_com_municipios_-alterada-200x283.png 200w, https:\/\/www.ccdrc.pt\/wp-content\/uploads\/2024\/07\/NUT-III-2024_CIM_77_com_municipios_-alterada-400x566.png 400w, https:\/\/www.ccdrc.pt\/wp-content\/uploads\/2024\/07\/NUT-III-2024_CIM_77_com_municipios_-alterada-500x707.png 500w, https:\/\/www.ccdrc.pt\/wp-content\/uploads\/2024\/07\/NUT-III-2024_CIM_77_com_municipios_-alterada-600x848.png 600w, https:\/\/www.ccdrc.pt\/wp-content\/uploads\/2024\/07\/NUT-III-2024_CIM_77_com_municipios_-alterada-700x990.png 700w, https:\/\/www.ccdrc.pt\/wp-content\/uploads\/2024\/07\/NUT-III-2024_CIM_77_com_municipios_-alterada-768x1086.png 768w, https:\/\/www.ccdrc.pt\/wp-content\/uploads\/2024\/07\/NUT-III-2024_CIM_77_com_municipios_-alterada-800x1131.png 800w, https:\/\/www.ccdrc.pt\/wp-content\/uploads\/2024\/07\/NUT-III-2024_CIM_77_com_municipios_-alterada.png 850w\" sizes=\"(max-width: 850px) 100vw, 850px\" \/><\/p>\n<div class=\"wp-block-image\">&nbsp;<\/div>\n<div class=\"wp-block-image\">&nbsp;<\/div>\n<p><strong>Regi\u00e3o Centro no contexto de Portugal Continental (77 Municipios | 7 Regi\u00f5es)<br \/>\n<\/strong><\/p>\n<div class=\"wp-block-image\">\n<div class=\"wp-block-image\"><img decoding=\"async\" class=\"alignnone size-full wp-image-64264\" src=\"https:\/\/www.ccdrc.pt\/wp-content\/uploads\/2024\/07\/RC_77_7_portugal-continental.png\" alt=\"Mapa da Regi\u00e3o Centro com as 7 regi\u00f5es de Portugal Continental\" width=\"850\" height=\"1202\" srcset=\"https:\/\/www.ccdrc.pt\/wp-content\/uploads\/2024\/07\/RC_77_7_portugal-continental-8x12.png 8w, https:\/\/www.ccdrc.pt\/wp-content\/uploads\/2024\/07\/RC_77_7_portugal-continental-200x283.png 200w, https:\/\/www.ccdrc.pt\/wp-content\/uploads\/2024\/07\/RC_77_7_portugal-continental-400x566.png 400w, https:\/\/www.ccdrc.pt\/wp-content\/uploads\/2024\/07\/RC_77_7_portugal-continental-500x707.png 500w, https:\/\/www.ccdrc.pt\/wp-content\/uploads\/2024\/07\/RC_77_7_portugal-continental-600x848.png 600w, https:\/\/www.ccdrc.pt\/wp-content\/uploads\/2024\/07\/RC_77_7_portugal-continental-700x990.png 700w, https:\/\/www.ccdrc.pt\/wp-content\/uploads\/2024\/07\/RC_77_7_portugal-continental-768x1086.png 768w, https:\/\/www.ccdrc.pt\/wp-content\/uploads\/2024\/07\/RC_77_7_portugal-continental-800x1131.png 800w, https:\/\/www.ccdrc.pt\/wp-content\/uploads\/2024\/07\/RC_77_7_portugal-continental.png 850w\" sizes=\"(max-width: 850px) 100vw, 850px\" \/><\/div>\n<\/div>\n<div class=\"wp-block-image\">&nbsp;<\/div>\n<div>&nbsp;<\/div>\n<\/div><\/div><\/div><\/div><div class=\"fusion-text fusion-text-6\" style=\"--awb-margin-top:30px;\"><h2 style=\"text-align: justify;\">FUNDOS COMUNIT\u00c1RIOS \/ PORTUGAL 2030 (100 MUNIC\u00cdPIOS)<\/h2>\n<p>Para efeitos do ciclo de programa\u00e7\u00e3o do Portugal 2030 (2021-2027), a Regi\u00e3o Centro \u00e9 composta por 100 munic\u00edpios, que se encontram organizados em oito Comunidades Intermunicipais (Decreto-Lei n.\u00ba 46\/89, de 15 de fevereiro, na sua reda\u00e7\u00e3o atual, com as atualiza\u00e7\u00f5es do Regulamento (UE) 2016\/2066 da Comiss\u00e3o Europeia, de 21 de novembro de 2016): Beira Baixa, Beiras e Serra da Estrela, M\u00e9dio Tejo, Oeste, Regi\u00e3o de Aveiro, Regi\u00e3o de Coimbra, Regi\u00e3o de Leiria e Viseu D\u00e3o Laf\u00f5es. Face \u00e0 organiza\u00e7\u00e3o territorial do Portugal 2020 (2014-2020), mant\u00eam-se os 100 munic\u00edpios como \u00e1rea de interven\u00e7\u00e3o, mas os munic\u00edpios de Sert\u00e3 e Vila de Rei transitaram do M\u00e9dio Tejo para a Beira Baixa.<\/p>\n<\/div><div class=\"fusion-builder-row fusion-builder-row-inner fusion-row fusion-flex-align-items-flex-start\" style=\"width:100% !important;max-width:100% !important;margin-left: calc(-0% \/ 2 );margin-right: calc(-0% \/ 2 );\"><div class=\"fusion-layout-column fusion_builder_column_inner fusion-builder-nested-column-1 fusion_builder_column_inner_4_5 4_5 fusion-flex-column container-link\" style=\"--awb-bg-size:cover;--awb-width-large:80%;--awb-margin-top-large:10px;--awb-spacing-right-large:0%;--awb-margin-bottom-large:25px;--awb-spacing-left-large:0%;--awb-width-medium:80%;--awb-order-medium:0;--awb-spacing-right-medium:0%;--awb-spacing-left-medium:0%;--awb-width-small:100%;--awb-order-small:0;--awb-spacing-right-small:0%;--awb-spacing-left-small:0%;\"><div class=\"fusion-column-wrapper fusion-column-has-shadow fusion-flex-justify-content-flex-start fusion-content-layout-column\"><div class=\"fusion-text fusion-text-7\"><p><strong>Mapa da Regi\u00e3o Centro \u201calargada\u201d (100 munic\u00edpios)<\/strong><\/p>\n<div class=\"wp-block-image\"><img decoding=\"async\" class=\"wpa-warning wpa-image-missing-alt alignnone wp-image-60982 size-fusion-600\" src=\"https:\/\/www.ccdrc.pt\/wp-content\/uploads\/2024\/06\/munic_rc100-acb-600x669.jpg\" alt=\"Mapa da Regi\u00e3o Centro \u201calargada\u201d (100 munic\u00edpios)\" width=\"600\" height=\"669\" srcset=\"https:\/\/www.ccdrc.pt\/wp-content\/uploads\/2024\/06\/munic_rc100-acb-11x12.jpg 11w, https:\/\/www.ccdrc.pt\/wp-content\/uploads\/2024\/06\/munic_rc100-acb-200x223.jpg 200w, https:\/\/www.ccdrc.pt\/wp-content\/uploads\/2024\/06\/munic_rc100-acb-400x446.jpg 400w, https:\/\/www.ccdrc.pt\/wp-content\/uploads\/2024\/06\/munic_rc100-acb-500x558.jpg 500w, https:\/\/www.ccdrc.pt\/wp-content\/uploads\/2024\/06\/munic_rc100-acb-600x669.jpg 600w, https:\/\/www.ccdrc.pt\/wp-content\/uploads\/2024\/06\/munic_rc100-acb.jpg 650w\" sizes=\"(max-width: 600px) 100vw, 600px\" \/><\/div>\n<p><strong>Comunidades Intermunicipais 2021-2027 (100 munic\u00edpios | 8 CIM)<\/strong><\/p>\n<p><em><img decoding=\"async\" class=\"alignnone wp-image-64266 size-fusion-800\" src=\"https:\/\/www.ccdrc.pt\/wp-content\/uploads\/2024\/07\/NUT-III-2024_CIM_100_com_municipios2-800x1131.png\" alt=\"Mapa da Regi\u00e3o Centro a 100 mun\u00edcipios\" width=\"800\" height=\"1131\" srcset=\"https:\/\/www.ccdrc.pt\/wp-content\/uploads\/2024\/07\/NUT-III-2024_CIM_100_com_municipios2-8x12.png 8w, https:\/\/www.ccdrc.pt\/wp-content\/uploads\/2024\/07\/NUT-III-2024_CIM_100_com_municipios2-200x283.png 200w, https:\/\/www.ccdrc.pt\/wp-content\/uploads\/2024\/07\/NUT-III-2024_CIM_100_com_municipios2-400x566.png 400w, https:\/\/www.ccdrc.pt\/wp-content\/uploads\/2024\/07\/NUT-III-2024_CIM_100_com_municipios2-500x707.png 500w, https:\/\/www.ccdrc.pt\/wp-content\/uploads\/2024\/07\/NUT-III-2024_CIM_100_com_municipios2-600x848.png 600w, https:\/\/www.ccdrc.pt\/wp-content\/uploads\/2024\/07\/NUT-III-2024_CIM_100_com_municipios2-700x990.png 700w, https:\/\/www.ccdrc.pt\/wp-content\/uploads\/2024\/07\/NUT-III-2024_CIM_100_com_municipios2-768x1086.png 768w, https:\/\/www.ccdrc.pt\/wp-content\/uploads\/2024\/07\/NUT-III-2024_CIM_100_com_municipios2-800x1131.png 800w, https:\/\/www.ccdrc.pt\/wp-content\/uploads\/2024\/07\/NUT-III-2024_CIM_100_com_municipios2.png 850w\" sizes=\"(max-width: 800px) 100vw, 800px\" \/><\/em><\/p>\n<p><strong>Regi\u00e3o Centro no contexto de Portugal continental (100 munic\u00edpios | 5 regi\u00f5es)<\/strong><\/p>\n<div class=\"wp-block-image\">&nbsp;<\/div>\n<div class=\"wp-block-image\"><img decoding=\"async\" class=\"alignnone size-medium wp-image-64272\" src=\"https:\/\/www.ccdrc.pt\/wp-content\/uploads\/2024\/07\/rc_100_5regioes-2120x3000.png\" alt=\"Mapa da Regi\u00e3o Centro com 100 municpios e 5 regi\u00f5es no contexto de Portugal Continental\" width=\"2120\" height=\"3000\" srcset=\"https:\/\/www.ccdrc.pt\/wp-content\/uploads\/2024\/07\/rc_100_5regioes-8x12.png 8w, https:\/\/www.ccdrc.pt\/wp-content\/uploads\/2024\/07\/rc_100_5regioes-200x283.png 200w, https:\/\/www.ccdrc.pt\/wp-content\/uploads\/2024\/07\/rc_100_5regioes-400x566.png 400w, https:\/\/www.ccdrc.pt\/wp-content\/uploads\/2024\/07\/rc_100_5regioes-500x708.png 500w, https:\/\/www.ccdrc.pt\/wp-content\/uploads\/2024\/07\/rc_100_5regioes-600x849.png 600w, https:\/\/www.ccdrc.pt\/wp-content\/uploads\/2024\/07\/rc_100_5regioes-700x991.png 700w, https:\/\/www.ccdrc.pt\/wp-content\/uploads\/2024\/07\/rc_100_5regioes-768x1087.png 768w, https:\/\/www.ccdrc.pt\/wp-content\/uploads\/2024\/07\/rc_100_5regioes-800x1132.png 800w, https:\/\/www.ccdrc.pt\/wp-content\/uploads\/2024\/07\/rc_100_5regioes-1085x1536.png 1085w, https:\/\/www.ccdrc.pt\/wp-content\/uploads\/2024\/07\/rc_100_5regioes-1200x1698.png 1200w, https:\/\/www.ccdrc.pt\/wp-content\/uploads\/2024\/07\/rc_100_5regioes-1447x2048.png 1447w, https:\/\/www.ccdrc.pt\/wp-content\/uploads\/2024\/07\/rc_100_5regioes-2120x3000.png 2120w\" sizes=\"(max-width: 2120px) 100vw, 2120px\" \/><\/div>\n<\/div><\/div><\/div><\/div><div class=\"fusion-builder-row fusion-builder-row-inner fusion-row fusion-flex-align-items-flex-start\" style=\"width:100% !important;max-width:100% !important;margin-left: calc(-0% \/ 2 );margin-right: calc(-0% \/ 2 );\"><\/div><div class=\"fusion-text fusion-text-8\" style=\"--awb-margin-top:30px;\"><div style=\"text-align: justify;\">\n<h2>HIST\u00d3RICO (NUTS 2001, NUTS 2002,&nbsp;NUTS 2013, PORTUGAL 2020 e QREN 2007-2013)<\/h2>\n<\/div>\n<p style=\"text-align: justify;\">Consult <a class=\"external_link\" href=\"http:\/\/www.ccdrc.pt\/en\/mapas-da-regiao-centro-sp-4906\/\" rel=\"noopener\">here<\/a> the previous versions of the territorial configurations of the Central Region.<\/p>\n<\/div><\/div><\/div><\/div><\/div><div class=\"fusion-fullwidth fullwidth-box fusion-builder-row-4 fusion-flex-container has-pattern-background has-mask-background nonhundred-percent-fullwidth non-hundred-percent-height-scrolling\" style=\"--awb-border-radius-top-left:0px;--awb-border-radius-top-right:0px;--awb-border-radius-bottom-right:0px;--awb-border-radius-bottom-left:0px;\" ><div class=\"fusion-builder-row fusion-row fusion-flex-align-items-flex-start\" style=\"max-width:1288px;margin-left: calc(-0% \/ 2 );margin-right: calc(-0% \/ 2 );\"><div class=\"fusion-layout-column fusion_builder_column fusion-builder-column-3 fusion_builder_column_1_1 1_1 fusion-flex-column\" style=\"--awb-bg-size:cover;--awb-width-large:100%;--awb-margin-top-large:0px;--awb-spacing-right-large:0%;--awb-margin-bottom-large:0px;--awb-spacing-left-large:0%;--awb-width-medium:100%;--awb-order-medium:0;--awb-spacing-right-medium:0%;--awb-spacing-left-medium:0%;--awb-width-small:100%;--awb-order-small:0;--awb-spacing-right-small:0%;--awb-spacing-left-small:0%;\"><div class=\"fusion-column-wrapper fusion-column-has-shadow fusion-flex-justify-content-flex-start fusion-content-layout-column\"><\/div><\/div><\/div><\/div><\/p>","protected":false},"excerpt":{"rendered":"","protected":false},"author":1,"featured_media":0,"parent":2807,"menu_order":0,"comment_status":"closed","ping_status":"closed","template":"","meta":{"_acf_changed":false,"_eb_attr":"","inline_featured_image":false,"iawp_total_views":1046,"footnotes":""},"class_list":["post-3035","page","type-page","status-publish","hentry"],"acf":[],"_links":{"self":[{"href":"https:\/\/www.ccdrc.pt\/en\/wp-json\/wp\/v2\/pages\/3035","targetHints":{"allow":["GET"]}}],"collection":[{"href":"https:\/\/www.ccdrc.pt\/en\/wp-json\/wp\/v2\/pages"}],"about":[{"href":"https:\/\/www.ccdrc.pt\/en\/wp-json\/wp\/v2\/types\/page"}],"author":[{"embeddable":true,"href":"https:\/\/www.ccdrc.pt\/en\/wp-json\/wp\/v2\/users\/1"}],"replies":[{"embeddable":true,"href":"https:\/\/www.ccdrc.pt\/en\/wp-json\/wp\/v2\/comments?post=3035"}],"version-history":[{"count":104,"href":"https:\/\/www.ccdrc.pt\/en\/wp-json\/wp\/v2\/pages\/3035\/revisions"}],"predecessor-version":[{"id":3037,"href":"https:\/\/www.ccdrc.pt\/en\/wp-json\/wp\/v2\/pages\/3035\/revisions\/3037"}],"up":[{"embeddable":true,"href":"https:\/\/www.ccdrc.pt\/en\/wp-json\/wp\/v2\/pages\/2807"}],"wp:attachment":[{"href":"https:\/\/www.ccdrc.pt\/en\/wp-json\/wp\/v2\/media?parent=3035"}],"curies":[{"name":"wp","href":"https:\/\/api.w.org\/{rel}","templated":true}]}}